{"id":4574,"date":"2022-02-24T21:27:13","date_gmt":"2022-02-24T20:27:13","guid":{"rendered":"https:\/\/www.ruggit.dk\/richtlinie-fuer-rueckerstattungen-und-zurueckgegebene-artikel\/"},"modified":"2022-04-17T21:47:09","modified_gmt":"2022-04-17T19:47:09","slug":"richtlinie-fuer-rueckerstattungen-und-zurueckgegebene-artikel","status":"publish","type":"page","link":"https:\/\/www.ruggit.dk\/de\/richtlinie-fuer-rueckerstattungen-und-zurueckgegebene-artikel\/","title":{"rendered":"Richtlinie f\u00fcr R\u00fcckerstattungen und zur\u00fcckgegebene Artikel"},"content":{"rendered":"\n<p><h3>Overview<\/h3><\/p>\n\n\n\n<p>Unsere R\u00fcckerstattungs- und R\u00fcckgaberichtlinie gilt f\u00fcr 30 Tage. Wenn seit Ihrem Kauf 30 Tage vergangen sind, k\u00f6nnen wir Ihnen keine vollst\u00e4ndige R\u00fcckerstattung oder Umtausch anbieten.<\/p>\n\n\n\n<p>Um f\u00fcr eine R\u00fccksendung in Frage zu kommen, muss Ihr Artikel unbenutzt und in demselben Zustand sein, in dem Sie ihn erhalten haben. Es muss sich auch in der Originalverpackung befinden.<\/p>\n\n\n\n<p>Einige Warenarten sind von der R\u00fccknahme ausgenommen. Verderbliche Waren wie Lebensmittel, Blumen, Zeitungen oder Zeitschriften k\u00f6nnen nicht zur\u00fcckgegeben werden. Wir akzeptieren auch keine Produkte, bei denen es sich um Intim- oder Hygieneartikel, gef\u00e4hrliche Materialien oder brennbare Fl\u00fcssigkeiten oder Gase handelt.<\/p>\n\n\n\n<p>Zus\u00e4tzliche Einwegartikel:<\/p>\n\n\n\n<ul class=\"wp-block-list\"><li>Geschenkkarten<\/li><li>Herunterladbare Softwareprodukte<\/li><li>Einige Gesundheits- und K\u00f6rperpflegeartikel<\/li><\/ul>\n\n\n\n<p>Um Ihre R\u00fccksendung abzuschlie\u00dfen, ben\u00f6tigen wir eine Quittung oder einen Kaufbeleg.<\/p>\n\n\n\n<p>Bitte senden Sie Ihren Kauf nicht an den Hersteller zur\u00fcck.<\/p>\n\n\n\n<p>Es gibt bestimmte Situationen, in denen nur teilweise R\u00fcckerstattungen gew\u00e4hrt werden:<\/p>\n\n\n\n<ul class=\"wp-block-list\"><li>Buch mit offensichtlichen Gebrauchsspuren<\/li><li>Ge\u00f6ffnete CDs, DVDs, VHS-Kassetten, Software, Videospiele, Kassetten oder Schallplatten.<\/li><li>Jeder Artikel, der sich nicht im Originalzustand befindet, besch\u00e4digt ist oder Teile fehlen, aus Gr\u00fcnden, die nicht auf unseren Fehler zur\u00fcckzuf\u00fchren sind.<\/li><li>Alle Artikel, die mehr als 30 Tage nach Lieferung zur\u00fcckgesandt werden<\/li><\/ul>\n\n\n\n<p><h2>Refunds<\/h2><\/p>\n\n\n\n<p>Sobald Ihre R\u00fccksendung eingegangen und gepr\u00fcft ist, senden wir Ihnen eine E-Mail, um Sie dar\u00fcber zu informieren, dass wir Ihre R\u00fccksendung erhalten haben. Wir werden Sie auch \u00fcber die Genehmigung oder Ablehnung Ihrer R\u00fcckerstattung informieren.<\/p>\n\n\n\n<p>Wenn Sie genehmigt werden, wird Ihre R\u00fcckerstattung bearbeitet und innerhalb einer bestimmten Anzahl von Tagen wird automatisch eine Gutschrift auf Ihre Kreditkarte oder Ihre urspr\u00fcngliche Zahlungsmethode angewendet.<\/p>\n\n\n\n<p><b>Late or missing refunds<\/b><\/p>\n\n\n\n<p>Wenn Sie noch keine R\u00fcckerstattung erhalten haben, \u00fcberpr\u00fcfen Sie zun\u00e4chst erneut Ihr Bankkonto.<\/p>\n\n\n\n<p>Wenden Sie sich dann an Ihr Kreditkartenunternehmen. Es kann einige Zeit dauern, bis Ihre R\u00fcckerstattung offiziell gebucht wird.<\/p>\n\n\n\n<p>Wenden Sie sich als n\u00e4chstes an Ihre Bank. Es gibt oft eine gewisse Bearbeitungszeit, bevor eine R\u00fcckerstattung gebucht wird.<\/p>\n\n\n\n<p>Wenn Sie dies alles getan haben und Ihre R\u00fcckerstattung noch nicht erhalten haben, kontaktieren Sie uns bitte unter {email address}.<\/p>\n\n\n\n<p><b>Sale items<\/b><\/p>\n\n\n\n<p>Es k\u00f6nnen nur Artikel zum regul\u00e4ren Preis erstattet werden. Verkaufsartikel k\u00f6nnen nicht erstattet werden.<\/p>\n\n\n\n<p><h2>Exchanges<\/h2><\/p>\n\n\n\n<p>Wir ersetzen Artikel nur, wenn sie defekt oder besch\u00e4digt sind. Wenn Sie ihn gegen denselben Artikel umtauschen m\u00f6chten, senden Sie uns eine E-Mail an {email address} und senden Sie Ihren Artikel an: {physical address}.<\/p>\n\n\n\n<p><h2>Gifts<\/h2><\/p>\n\n\n\n<p>Wenn der Artikel beim Kauf als Geschenk gekennzeichnet und direkt an Sie versendet wurde, erhalten Sie eine Geschenkgutschrift f\u00fcr den Wert Ihrer R\u00fccksendung. Sobald der zur\u00fcckgegebene Artikel eingegangen ist, wird Ihnen ein Geschenkgutschein zugesandt.<\/p>\n\n\n\n<p>Wenn der Artikel beim Kauf nicht als Geschenk gekennzeichnet war oder der Geschenkgeber die Bestellung an sich selbst versenden lie\u00df, um sie Ihnen sp\u00e4ter zu geben, senden wir eine R\u00fcckerstattung an den Geschenkgeber und er wird sich \u00fcber Ihre R\u00fccksendung informieren.<\/p>\n\n\n\n<p><h2>Shipping returns<\/h2><\/p>\n\n\n\n<p>Um Ihr Produkt zur\u00fcckzusenden, sollten Sie Ihr Produkt an folgende Adresse senden: {physical address}.<\/p>\n\n\n\n<p>Sie sind f\u00fcr die Zahlung Ihrer eigenen Versandkosten f\u00fcr die R\u00fccksendung Ihres Artikels verantwortlich. Versandkosten sind nicht erstattungsf\u00e4hig. Wenn Sie eine R\u00fcckerstattung erhalten, werden die Kosten f\u00fcr die R\u00fccksendung von Ihrer R\u00fcckerstattung abgezogen.<\/p>\n\n\n\n<p>Abh\u00e4ngig von Ihrem Wohnort kann es unterschiedlich lange dauern, bis Ihr umgetauschtes Produkt Sie erreicht.<\/p>\n\n\n\n<p>Wenn Sie teurere Artikel zur\u00fccksenden, k\u00f6nnen Sie einen nachverfolgbaren Versandservice in Anspruch nehmen oder eine Versandversicherung abschlie\u00dfen. Wir garantieren nicht, dass wir Ihren zur\u00fcckgegebenen Artikel erhalten.<\/p>\n\n\n\n<p><h2>Need help?<\/h2><\/p>\n\n\n\n<p>Kontaktieren Sie uns unter{email} f\u00fcr Fragen zu R\u00fcckerstattungen und R\u00fccksendungen.<\/p>\n","protected":false},"excerpt":{"rendered":"<p>Overview Unsere R\u00fcckerstattungs- und R\u00fcckgaberichtlinie gilt f\u00fcr 30 Tage. Wenn seit Ihrem Kauf 30 Tage vergangen sind, k\u00f6nnen wir Ihnen keine vollst\u00e4ndige R\u00fcckerstattung oder Umtausch anbieten. Um f\u00fcr eine R\u00fccksendung in Frage zu kommen, muss Ihr Artikel unbenutzt und in demselben Zustand sein, in dem Sie ihn erhalten haben. Es&hellip;<\/p>\n","protected":false},"author":1,"featured_media":0,"parent":0,"menu_order":0,"comment_status":"closed","ping_status":"closed","template":"","meta":{"footnotes":""},"class_list":["post-4574","page","type-page","status-publish","hentry"],"yoast_head":"<!-- This site is optimized with the Yoast SEO plugin v26.2 - https:\/\/yoast.com\/wordpress\/plugins\/seo\/ -->\n<title>Richtlinie f\u00fcr R\u00fcckerstattungen und zur\u00fcckgegebene Artikel - Ruggit<\/title>\n<meta name=\"robots\" content=\"index, follow, max-snippet:-1, max-image-preview:large, max-video-preview:-1\" \/>\n<link rel=\"canonical\" href=\"https:\/\/www.ruggit.dk\/de\/richtlinie-fuer-rueckerstattungen-und-zurueckgegebene-artikel\/\" \/>\n<meta property=\"og:locale\" content=\"de_DE\" \/>\n<meta property=\"og:type\" content=\"article\" \/>\n<meta property=\"og:title\" content=\"Richtlinie f\u00fcr R\u00fcckerstattungen und zur\u00fcckgegebene Artikel - Ruggit\" \/>\n<meta property=\"og:description\" content=\"Overview Unsere R\u00fcckerstattungs- und R\u00fcckgaberichtlinie gilt f\u00fcr 30 Tage. Wenn seit Ihrem Kauf 30 Tage vergangen sind, k\u00f6nnen wir Ihnen keine vollst\u00e4ndige R\u00fcckerstattung oder Umtausch anbieten. Um f\u00fcr eine R\u00fccksendung in Frage zu kommen, muss Ihr Artikel unbenutzt und in demselben Zustand sein, in dem Sie ihn erhalten haben. Es&hellip;\" \/>\n<meta property=\"og:url\" content=\"https:\/\/www.ruggit.dk\/de\/richtlinie-fuer-rueckerstattungen-und-zurueckgegebene-artikel\/\" \/>\n<meta property=\"og:site_name\" content=\"Ruggit\" \/>\n<meta property=\"article:modified_time\" content=\"2022-04-17T19:47:09+00:00\" \/>\n<meta name=\"twitter:card\" content=\"summary_large_image\" \/>\n<meta name=\"twitter:label1\" content=\"Gesch\u00e4tzte Lesezeit\" \/>\n\t<meta name=\"twitter:data1\" content=\"4\u00a0Minuten\" \/>\n<script type=\"application\/ld+json\" class=\"yoast-schema-graph\">{\"@context\":\"https:\/\/schema.org\",\"@graph\":[{\"@type\":\"WebPage\",\"@id\":\"https:\/\/www.ruggit.dk\/de\/richtlinie-fuer-rueckerstattungen-und-zurueckgegebene-artikel\/\",\"url\":\"https:\/\/www.ruggit.dk\/de\/richtlinie-fuer-rueckerstattungen-und-zurueckgegebene-artikel\/\",\"name\":\"Richtlinie f\u00fcr R\u00fcckerstattungen und zur\u00fcckgegebene Artikel - Ruggit\",\"isPartOf\":{\"@id\":\"https:\/\/www.ruggit.dk\/de\/#website\"},\"datePublished\":\"2022-02-24T20:27:13+00:00\",\"dateModified\":\"2022-04-17T19:47:09+00:00\",\"breadcrumb\":{\"@id\":\"https:\/\/www.ruggit.dk\/de\/richtlinie-fuer-rueckerstattungen-und-zurueckgegebene-artikel\/#breadcrumb\"},\"inLanguage\":\"de\",\"potentialAction\":[{\"@type\":\"ReadAction\",\"target\":[\"https:\/\/www.ruggit.dk\/de\/richtlinie-fuer-rueckerstattungen-und-zurueckgegebene-artikel\/\"]}]},{\"@type\":\"BreadcrumbList\",\"@id\":\"https:\/\/www.ruggit.dk\/de\/richtlinie-fuer-rueckerstattungen-und-zurueckgegebene-artikel\/#breadcrumb\",\"itemListElement\":[{\"@type\":\"ListItem\",\"position\":1,\"name\":\"Hjem\",\"item\":\"http:\/\/www.ruggit.dk\/de\/\"},{\"@type\":\"ListItem\",\"position\":2,\"name\":\"Richtlinie f\u00fcr R\u00fcckerstattungen und zur\u00fcckgegebene Artikel\"}]},{\"@type\":\"WebSite\",\"@id\":\"https:\/\/www.ruggit.dk\/de\/#website\",\"url\":\"https:\/\/www.ruggit.dk\/de\/\",\"name\":\"Ruggit\",\"description\":\"Os der s\u00e6lger kuglet\u00e6pper\",\"publisher\":{\"@id\":\"https:\/\/www.ruggit.dk\/de\/#organization\"},\"potentialAction\":[{\"@type\":\"SearchAction\",\"target\":{\"@type\":\"EntryPoint\",\"urlTemplate\":\"https:\/\/www.ruggit.dk\/de\/?s={search_term_string}\"},\"query-input\":{\"@type\":\"PropertyValueSpecification\",\"valueRequired\":true,\"valueName\":\"search_term_string\"}}],\"inLanguage\":\"de\"},{\"@type\":\"Organization\",\"@id\":\"https:\/\/www.ruggit.dk\/de\/#organization\",\"name\":\"Ruggit\",\"url\":\"https:\/\/www.ruggit.dk\/de\/\",\"logo\":{\"@type\":\"ImageObject\",\"inLanguage\":\"de\",\"@id\":\"https:\/\/www.ruggit.dk\/de\/#\/schema\/logo\/image\/\",\"url\":\"https:\/\/www.ruggit.dk\/wp-content\/uploads\/2021\/10\/cropped-logo-ruggit2.png\",\"contentUrl\":\"https:\/\/www.ruggit.dk\/wp-content\/uploads\/2021\/10\/cropped-logo-ruggit2.png\",\"width\":211,\"height\":80,\"caption\":\"Ruggit\"},\"image\":{\"@id\":\"https:\/\/www.ruggit.dk\/de\/#\/schema\/logo\/image\/\"}}]}<\/script>\n<!-- \/ Yoast SEO plugin. -->","yoast_head_json":{"title":"Richtlinie f\u00fcr R\u00fcckerstattungen und zur\u00fcckgegebene Artikel - Ruggit","robots":{"index":"index","follow":"follow","max-snippet":"max-snippet:-1","max-image-preview":"max-image-preview:large","max-video-preview":"max-video-preview:-1"},"canonical":"https:\/\/www.ruggit.dk\/de\/richtlinie-fuer-rueckerstattungen-und-zurueckgegebene-artikel\/","og_locale":"de_DE","og_type":"article","og_title":"Richtlinie f\u00fcr R\u00fcckerstattungen und zur\u00fcckgegebene Artikel - Ruggit","og_description":"Overview Unsere R\u00fcckerstattungs- und R\u00fcckgaberichtlinie gilt f\u00fcr 30 Tage. Wenn seit Ihrem Kauf 30 Tage vergangen sind, k\u00f6nnen wir Ihnen keine vollst\u00e4ndige R\u00fcckerstattung oder Umtausch anbieten. Um f\u00fcr eine R\u00fccksendung in Frage zu kommen, muss Ihr Artikel unbenutzt und in demselben Zustand sein, in dem Sie ihn erhalten haben. Es&hellip;","og_url":"https:\/\/www.ruggit.dk\/de\/richtlinie-fuer-rueckerstattungen-und-zurueckgegebene-artikel\/","og_site_name":"Ruggit","article_modified_time":"2022-04-17T19:47:09+00:00","twitter_card":"summary_large_image","twitter_misc":{"Gesch\u00e4tzte Lesezeit":"4\u00a0Minuten"},"schema":{"@context":"https:\/\/schema.org","@graph":[{"@type":"WebPage","@id":"https:\/\/www.ruggit.dk\/de\/richtlinie-fuer-rueckerstattungen-und-zurueckgegebene-artikel\/","url":"https:\/\/www.ruggit.dk\/de\/richtlinie-fuer-rueckerstattungen-und-zurueckgegebene-artikel\/","name":"Richtlinie f\u00fcr R\u00fcckerstattungen und zur\u00fcckgegebene Artikel - Ruggit","isPartOf":{"@id":"https:\/\/www.ruggit.dk\/de\/#website"},"datePublished":"2022-02-24T20:27:13+00:00","dateModified":"2022-04-17T19:47:09+00:00","breadcrumb":{"@id":"https:\/\/www.ruggit.dk\/de\/richtlinie-fuer-rueckerstattungen-und-zurueckgegebene-artikel\/#breadcrumb"},"inLanguage":"de","potentialAction":[{"@type":"ReadAction","target":["https:\/\/www.ruggit.dk\/de\/richtlinie-fuer-rueckerstattungen-und-zurueckgegebene-artikel\/"]}]},{"@type":"BreadcrumbList","@id":"https:\/\/www.ruggit.dk\/de\/richtlinie-fuer-rueckerstattungen-und-zurueckgegebene-artikel\/#breadcrumb","itemListElement":[{"@type":"ListItem","position":1,"name":"Hjem","item":"http:\/\/www.ruggit.dk\/de\/"},{"@type":"ListItem","position":2,"name":"Richtlinie f\u00fcr R\u00fcckerstattungen und zur\u00fcckgegebene Artikel"}]},{"@type":"WebSite","@id":"https:\/\/www.ruggit.dk\/de\/#website","url":"https:\/\/www.ruggit.dk\/de\/","name":"Ruggit","description":"Os der s\u00e6lger kuglet\u00e6pper","publisher":{"@id":"https:\/\/www.ruggit.dk\/de\/#organization"},"potentialAction":[{"@type":"SearchAction","target":{"@type":"EntryPoint","urlTemplate":"https:\/\/www.ruggit.dk\/de\/?s={search_term_string}"},"query-input":{"@type":"PropertyValueSpecification","valueRequired":true,"valueName":"search_term_string"}}],"inLanguage":"de"},{"@type":"Organization","@id":"https:\/\/www.ruggit.dk\/de\/#organization","name":"Ruggit","url":"https:\/\/www.ruggit.dk\/de\/","logo":{"@type":"ImageObject","inLanguage":"de","@id":"https:\/\/www.ruggit.dk\/de\/#\/schema\/logo\/image\/","url":"https:\/\/www.ruggit.dk\/wp-content\/uploads\/2021\/10\/cropped-logo-ruggit2.png","contentUrl":"https:\/\/www.ruggit.dk\/wp-content\/uploads\/2021\/10\/cropped-logo-ruggit2.png","width":211,"height":80,"caption":"Ruggit"},"image":{"@id":"https:\/\/www.ruggit.dk\/de\/#\/schema\/logo\/image\/"}}]}},"_links":{"self":[{"href":"https:\/\/www.ruggit.dk\/de\/wp-json\/wp\/v2\/pages\/4574","targetHints":{"allow":["GET"]}}],"collection":[{"href":"https:\/\/www.ruggit.dk\/de\/wp-json\/wp\/v2\/pages"}],"about":[{"href":"https:\/\/www.ruggit.dk\/de\/wp-json\/wp\/v2\/types\/page"}],"author":[{"embeddable":true,"href":"https:\/\/www.ruggit.dk\/de\/wp-json\/wp\/v2\/users\/1"}],"replies":[{"embeddable":true,"href":"https:\/\/www.ruggit.dk\/de\/wp-json\/wp\/v2\/comments?post=4574"}],"version-history":[{"count":2,"href":"https:\/\/www.ruggit.dk\/de\/wp-json\/wp\/v2\/pages\/4574\/revisions"}],"predecessor-version":[{"id":6332,"href":"https:\/\/www.ruggit.dk\/de\/wp-json\/wp\/v2\/pages\/4574\/revisions\/6332"}],"wp:attachment":[{"href":"https:\/\/www.ruggit.dk\/de\/wp-json\/wp\/v2\/media?parent=4574"}],"curies":[{"name":"wp","href":"https:\/\/api.w.org\/{rel}","templated":true}]}}