{"id":5432,"date":"2021-10-05T13:33:30","date_gmt":"2021-10-05T11:33:30","guid":{"rendered":"https:\/\/www.ruggit.dk\/vare\/boligcious\/"},"modified":"2023-01-06T20:40:52","modified_gmt":"2023-01-06T19:40:52","slug":"boligcious","status":"publish","type":"product","link":"https:\/\/www.ruggit.dk\/de\/shop\/filzkugelteppich\/boligcious\/","title":{"rendered":"Boligcious Filzkugelteppich"},"content":{"rendered":"<section class=\"wpb-content-wrapper\">[vc_row][vc_column width=&#8220;1\/4&#8243; animation=&#8220;animation bottom-to-top&#8220;]\t<div class=\"et-image-353 et-image aligncenter   medium-shadow et_image_link\">\n\t\t<div class=\"et-image-inner \">\n\t\t\t\t\t\t\t<div class=\"et-image-thumb \">\n\t\t\t\t\t<img loading=\"lazy\" decoding=\"async\" class=\"\" src=\"https:\/\/www.ruggit.dk\/wp-content\/uploads\/2021\/10\/2-Wool-unpacked-418x200.jpg\" width=\"418\" height=\"200\" alt=\"product declaration\" title=\"2 Wool unpacked\" \/>\t\t\t\t<\/div>\n\t\t\t\t\t\t\t\t\t\t\t<\/div>\n\t<\/div>\n  [vc_empty_space height=&#8220;20px&#8220;][vc_column_text]\n<h4 style=\"text-align: center;\">Merino Wolle<\/h4>\n<p style=\"text-align: center;\">100% reine Wolle. Ein Naturprodukt, das keine Reizungen oder Beschwerden ausl\u00f6st. Das Produkt kann R\u00fcckst\u00e4nde von trockenem Gras beinhalten.<\/p>\n[\/vc_column_text][\/vc_column][vc_column width=&#8220;1\/4&#8243; animation=&#8220;animation bottom-to-top&#8220;]\t<div class=\"et-image-598 et-image aligncenter full  medium-shadow et_image_link\">\n\t\t<div class=\"et-image-inner \">\n\t\t\t\t\t\t\t<div class=\"et-image-thumb \">\n\t\t\t\t\t<img loading=\"lazy\" decoding=\"async\" class=\"\" src=\"https:\/\/www.ruggit.dk\/wp-content\/uploads\/2021\/10\/products-declaration-2-418x200.png\" width=\"418\" height=\"200\" alt=\"product declaration\" title=\"products-declaration-2\" \/>\t\t\t\t<\/div>\n\t\t\t\t\t\t\t\t\t\t\t<\/div>\n\t<\/div>\n  [vc_empty_space height=&#8220;20px&#8220;][vc_column_text]\n<h4 style=\"text-align: center;\">Nat\u00fcrliche Produkte<\/h4>\n<p style=\"text-align: center;\">Keine Giftstoffe oder Allergene. 100% frei von Azoverbindungen. Ein gesundes, unsch\u00e4dliches Naturprodukt.<\/p>\n[\/vc_column_text][\/vc_column][vc_column width=&#8220;1\/4&#8243; animation=&#8220;animation bottom-to-top&#8220;]\t<div class=\"et-image-863 et-image aligncenter   medium-shadow et_image_link\">\n\t\t<div class=\"et-image-inner \">\n\t\t\t\t\t\t\t<div class=\"et-image-thumb \">\n\t\t\t\t\t<img loading=\"lazy\" decoding=\"async\" class=\"\" src=\"https:\/\/www.ruggit.dk\/wp-content\/uploads\/2021\/10\/products-declaration-3-418x200.png\" width=\"418\" height=\"200\" alt=\"product declaration\" title=\"products-declaration-3\" \/>\t\t\t\t<\/div>\n\t\t\t\t\t\t\t\t\t\t\t<\/div>\n\t<\/div>\n  [vc_empty_space height=&#8220;20px&#8220;][vc_column_text]\n<h4 style=\"text-align: center;\">Robust<\/h4>\n<p style=\"text-align: center;\">Die Filzkugeln werden von einem 2-mm-Nylonfaden zusammengehalten, der das Produkt sehr langlebig und robust macht.<\/p>\n[\/vc_column_text][\/vc_column][vc_column width=&#8220;1\/4&#8243;]\t<div class=\"et-image-364 et-image aligncenter   medium-shadow et_image_link\">\n\t\t<div class=\"et-image-inner \">\n\t\t\t\t\t\t\t<div class=\"et-image-thumb \">\n\t\t\t\t\t<img loading=\"lazy\" decoding=\"async\" class=\"\" src=\"https:\/\/www.ruggit.dk\/wp-content\/uploads\/2021\/10\/products-declaration-4-418x200.png\" width=\"418\" height=\"200\" alt=\"product declaration\" title=\"products-declaration-4\" \/>\t\t\t\t<\/div>\n\t\t\t\t\t\t\t\t\t\t\t<\/div>\n\t<\/div>\n  [vc_empty_space height=&#8220;20px&#8220;][vc_column_text]\n<h4 style=\"text-align: center;\">Hohe Qualit\u00e4t<\/h4>\n<p style=\"text-align: center;\">Die eng gefilzten Kugeln wiegen rund 5,5 kg\/m\u00b2. Die Kugeln bleiben in Form und sind sehr langlebig.<\/p>\n[\/vc_column_text][\/vc_column][\/vc_row]\n<\/section>","protected":false},"excerpt":{"rendered":"<p>Dies ist ein exklusives und farbiges Design vom bekannten d\u00e4nischen Blog f\u00fcr Innenraumgestaltung Boligcious.<br \/>\nSie k\u00f6nnen den Beitrag und die Geschichte hinter diesem Filzkugelteppich im <a href=\"http:\/\/boligcious.dk\/2015\/01\/14\/design-dit-eget-kugletaeppe-boligcious-version\/\" target=\"_blank\" rel=\"noopener\">Blog<\/a> lesen, welcher auch viele gro\u00dfartige Tipps zum Innendesign bietet. Folgen Sie Boligcious im <a href=\"http:\/\/boligcious.dk\/\" target=\"_blank\" rel=\"noopener\">Blog<\/a> oder auf <a href=\"https:\/\/instagram.com\/boligcious\/\" target=\"_blank\" rel=\"noopener\">Instagram<\/a>.<\/p>\n","protected":false},"featured_media":4515,"template":"","meta":[],"product_brand":[],"product_cat":[120],"product_tag":[],"class_list":{"0":"post-5432","1":"product","2":"type-product","3":"status-publish","4":"has-post-thumbnail","6":"product_cat-filzkugelteppich","8":"first","9":"instock","10":"sale","11":"taxable","12":"shipping-taxable","13":"purchasable","14":"product-type-variable","15":"has-default-attributes"},"yoast_head":"<!-- This site is optimized with the Yoast SEO plugin v26.2 - https:\/\/yoast.com\/wordpress\/plugins\/seo\/ -->\n<title>Boligcious Filzkugelteppich - Ruggit<\/title>\n<meta name=\"robots\" content=\"index, follow, max-snippet:-1, max-image-preview:large, max-video-preview:-1\" \/>\n<link rel=\"canonical\" href=\"https:\/\/www.ruggit.dk\/de\/shop\/filzkugelteppich\/boligcious\/\" \/>\n<meta property=\"og:locale\" content=\"de_DE\" \/>\n<meta property=\"og:type\" content=\"article\" \/>\n<meta property=\"og:title\" content=\"Boligcious Filzkugelteppich - Ruggit\" \/>\n<meta property=\"og:description\" content=\"Dies ist ein exklusives und farbiges Design vom bekannten d\u00e4nischen Blog f\u00fcr Innenraumgestaltung Boligcious. Sie k\u00f6nnen den Beitrag und die Geschichte hinter diesem Filzkugelteppich im Blog lesen, welcher auch viele gro\u00dfartige Tipps zum Innendesign bietet. Folgen Sie Boligcious im Blog oder auf Instagram.\" \/>\n<meta property=\"og:url\" content=\"https:\/\/www.ruggit.dk\/de\/shop\/filzkugelteppich\/boligcious\/\" \/>\n<meta property=\"og:site_name\" content=\"Ruggit\" \/>\n<meta property=\"article:modified_time\" content=\"2023-01-06T19:40:52+00:00\" \/>\n<meta property=\"og:image\" content=\"https:\/\/www.ruggit.dk\/wp-content\/uploads\/2021\/10\/kugletaeppe-boligcious-min.jpg\" \/>\n\t<meta property=\"og:image:width\" content=\"1122\" \/>\n\t<meta property=\"og:image:height\" content=\"1122\" \/>\n\t<meta property=\"og:image:type\" content=\"image\/jpeg\" \/>\n<meta name=\"twitter:card\" content=\"summary_large_image\" \/>\n<meta name=\"twitter:label1\" content=\"Gesch\u00e4tzte Lesezeit\" \/>\n\t<meta name=\"twitter:data1\" content=\"1\u00a0Minute\" \/>\n<script type=\"application\/ld+json\" class=\"yoast-schema-graph\">{\"@context\":\"https:\/\/schema.org\",\"@graph\":[{\"@type\":\"WebPage\",\"@id\":\"https:\/\/www.ruggit.dk\/de\/shop\/filzkugelteppich\/boligcious\/\",\"url\":\"https:\/\/www.ruggit.dk\/de\/shop\/filzkugelteppich\/boligcious\/\",\"name\":\"Boligcious Filzkugelteppich - Ruggit\",\"isPartOf\":{\"@id\":\"https:\/\/www.ruggit.dk\/de\/#website\"},\"primaryImageOfPage\":{\"@id\":\"https:\/\/www.ruggit.dk\/de\/shop\/filzkugelteppich\/boligcious\/#primaryimage\"},\"image\":{\"@id\":\"https:\/\/www.ruggit.dk\/de\/shop\/filzkugelteppich\/boligcious\/#primaryimage\"},\"thumbnailUrl\":\"https:\/\/www.ruggit.dk\/wp-content\/uploads\/2021\/10\/kugletaeppe-boligcious-min.jpg\",\"datePublished\":\"2021-10-05T11:33:30+00:00\",\"dateModified\":\"2023-01-06T19:40:52+00:00\",\"breadcrumb\":{\"@id\":\"https:\/\/www.ruggit.dk\/de\/shop\/filzkugelteppich\/boligcious\/#breadcrumb\"},\"inLanguage\":\"de\",\"potentialAction\":[{\"@type\":\"ReadAction\",\"target\":[\"https:\/\/www.ruggit.dk\/de\/shop\/filzkugelteppich\/boligcious\/\"]}]},{\"@type\":\"ImageObject\",\"inLanguage\":\"de\",\"@id\":\"https:\/\/www.ruggit.dk\/de\/shop\/filzkugelteppich\/boligcious\/#primaryimage\",\"url\":\"https:\/\/www.ruggit.dk\/wp-content\/uploads\/2021\/10\/kugletaeppe-boligcious-min.jpg\",\"contentUrl\":\"https:\/\/www.ruggit.dk\/wp-content\/uploads\/2021\/10\/kugletaeppe-boligcious-min.jpg\",\"width\":1122,\"height\":1122,\"caption\":\"boligcious kuglet\u00e6ppe\"},{\"@type\":\"BreadcrumbList\",\"@id\":\"https:\/\/www.ruggit.dk\/de\/shop\/filzkugelteppich\/boligcious\/#breadcrumb\",\"itemListElement\":[{\"@type\":\"ListItem\",\"position\":1,\"name\":\"Hjem\",\"item\":\"http:\/\/www.ruggit.dk\/de\/\"},{\"@type\":\"ListItem\",\"position\":2,\"name\":\"Shop\",\"item\":\"https:\/\/www.ruggit.dk\/de\/shop-2\/\"},{\"@type\":\"ListItem\",\"position\":3,\"name\":\"Boligcious Filzkugelteppich\"}]},{\"@type\":\"WebSite\",\"@id\":\"https:\/\/www.ruggit.dk\/de\/#website\",\"url\":\"https:\/\/www.ruggit.dk\/de\/\",\"name\":\"Ruggit\",\"description\":\"Os der s\u00e6lger kuglet\u00e6pper\",\"publisher\":{\"@id\":\"https:\/\/www.ruggit.dk\/de\/#organization\"},\"potentialAction\":[{\"@type\":\"SearchAction\",\"target\":{\"@type\":\"EntryPoint\",\"urlTemplate\":\"https:\/\/www.ruggit.dk\/de\/?s={search_term_string}\"},\"query-input\":{\"@type\":\"PropertyValueSpecification\",\"valueRequired\":true,\"valueName\":\"search_term_string\"}}],\"inLanguage\":\"de\"},{\"@type\":\"Organization\",\"@id\":\"https:\/\/www.ruggit.dk\/de\/#organization\",\"name\":\"Ruggit\",\"url\":\"https:\/\/www.ruggit.dk\/de\/\",\"logo\":{\"@type\":\"ImageObject\",\"inLanguage\":\"de\",\"@id\":\"https:\/\/www.ruggit.dk\/de\/#\/schema\/logo\/image\/\",\"url\":\"https:\/\/www.ruggit.dk\/wp-content\/uploads\/2021\/10\/cropped-logo-ruggit2.png\",\"contentUrl\":\"https:\/\/www.ruggit.dk\/wp-content\/uploads\/2021\/10\/cropped-logo-ruggit2.png\",\"width\":211,\"height\":80,\"caption\":\"Ruggit\"},\"image\":{\"@id\":\"https:\/\/www.ruggit.dk\/de\/#\/schema\/logo\/image\/\"}}]}<\/script>\n<!-- \/ Yoast SEO plugin. -->","yoast_head_json":{"title":"Boligcious Filzkugelteppich - Ruggit","robots":{"index":"index","follow":"follow","max-snippet":"max-snippet:-1","max-image-preview":"max-image-preview:large","max-video-preview":"max-video-preview:-1"},"canonical":"https:\/\/www.ruggit.dk\/de\/shop\/filzkugelteppich\/boligcious\/","og_locale":"de_DE","og_type":"article","og_title":"Boligcious Filzkugelteppich - Ruggit","og_description":"Dies ist ein exklusives und farbiges Design vom bekannten d\u00e4nischen Blog f\u00fcr Innenraumgestaltung Boligcious. Sie k\u00f6nnen den Beitrag und die Geschichte hinter diesem Filzkugelteppich im Blog lesen, welcher auch viele gro\u00dfartige Tipps zum Innendesign bietet. Folgen Sie Boligcious im Blog oder auf Instagram.","og_url":"https:\/\/www.ruggit.dk\/de\/shop\/filzkugelteppich\/boligcious\/","og_site_name":"Ruggit","article_modified_time":"2023-01-06T19:40:52+00:00","og_image":[{"width":1122,"height":1122,"url":"https:\/\/www.ruggit.dk\/wp-content\/uploads\/2021\/10\/kugletaeppe-boligcious-min.jpg","type":"image\/jpeg"}],"twitter_card":"summary_large_image","twitter_misc":{"Gesch\u00e4tzte Lesezeit":"1\u00a0Minute"},"schema":{"@context":"https:\/\/schema.org","@graph":[{"@type":"WebPage","@id":"https:\/\/www.ruggit.dk\/de\/shop\/filzkugelteppich\/boligcious\/","url":"https:\/\/www.ruggit.dk\/de\/shop\/filzkugelteppich\/boligcious\/","name":"Boligcious Filzkugelteppich - Ruggit","isPartOf":{"@id":"https:\/\/www.ruggit.dk\/de\/#website"},"primaryImageOfPage":{"@id":"https:\/\/www.ruggit.dk\/de\/shop\/filzkugelteppich\/boligcious\/#primaryimage"},"image":{"@id":"https:\/\/www.ruggit.dk\/de\/shop\/filzkugelteppich\/boligcious\/#primaryimage"},"thumbnailUrl":"https:\/\/www.ruggit.dk\/wp-content\/uploads\/2021\/10\/kugletaeppe-boligcious-min.jpg","datePublished":"2021-10-05T11:33:30+00:00","dateModified":"2023-01-06T19:40:52+00:00","breadcrumb":{"@id":"https:\/\/www.ruggit.dk\/de\/shop\/filzkugelteppich\/boligcious\/#breadcrumb"},"inLanguage":"de","potentialAction":[{"@type":"ReadAction","target":["https:\/\/www.ruggit.dk\/de\/shop\/filzkugelteppich\/boligcious\/"]}]},{"@type":"ImageObject","inLanguage":"de","@id":"https:\/\/www.ruggit.dk\/de\/shop\/filzkugelteppich\/boligcious\/#primaryimage","url":"https:\/\/www.ruggit.dk\/wp-content\/uploads\/2021\/10\/kugletaeppe-boligcious-min.jpg","contentUrl":"https:\/\/www.ruggit.dk\/wp-content\/uploads\/2021\/10\/kugletaeppe-boligcious-min.jpg","width":1122,"height":1122,"caption":"boligcious kuglet\u00e6ppe"},{"@type":"BreadcrumbList","@id":"https:\/\/www.ruggit.dk\/de\/shop\/filzkugelteppich\/boligcious\/#breadcrumb","itemListElement":[{"@type":"ListItem","position":1,"name":"Hjem","item":"http:\/\/www.ruggit.dk\/de\/"},{"@type":"ListItem","position":2,"name":"Shop","item":"https:\/\/www.ruggit.dk\/de\/shop-2\/"},{"@type":"ListItem","position":3,"name":"Boligcious Filzkugelteppich"}]},{"@type":"WebSite","@id":"https:\/\/www.ruggit.dk\/de\/#website","url":"https:\/\/www.ruggit.dk\/de\/","name":"Ruggit","description":"Os der s\u00e6lger kuglet\u00e6pper","publisher":{"@id":"https:\/\/www.ruggit.dk\/de\/#organization"},"potentialAction":[{"@type":"SearchAction","target":{"@type":"EntryPoint","urlTemplate":"https:\/\/www.ruggit.dk\/de\/?s={search_term_string}"},"query-input":{"@type":"PropertyValueSpecification","valueRequired":true,"valueName":"search_term_string"}}],"inLanguage":"de"},{"@type":"Organization","@id":"https:\/\/www.ruggit.dk\/de\/#organization","name":"Ruggit","url":"https:\/\/www.ruggit.dk\/de\/","logo":{"@type":"ImageObject","inLanguage":"de","@id":"https:\/\/www.ruggit.dk\/de\/#\/schema\/logo\/image\/","url":"https:\/\/www.ruggit.dk\/wp-content\/uploads\/2021\/10\/cropped-logo-ruggit2.png","contentUrl":"https:\/\/www.ruggit.dk\/wp-content\/uploads\/2021\/10\/cropped-logo-ruggit2.png","width":211,"height":80,"caption":"Ruggit"},"image":{"@id":"https:\/\/www.ruggit.dk\/de\/#\/schema\/logo\/image\/"}}]}},"_links":{"self":[{"href":"https:\/\/www.ruggit.dk\/de\/wp-json\/wp\/v2\/product\/5432","targetHints":{"allow":["GET"]}}],"collection":[{"href":"https:\/\/www.ruggit.dk\/de\/wp-json\/wp\/v2\/product"}],"about":[{"href":"https:\/\/www.ruggit.dk\/de\/wp-json\/wp\/v2\/types\/product"}],"wp:featuredmedia":[{"embeddable":true,"href":"https:\/\/www.ruggit.dk\/de\/wp-json\/wp\/v2\/media\/4515"}],"wp:attachment":[{"href":"https:\/\/www.ruggit.dk\/de\/wp-json\/wp\/v2\/media?parent=5432"}],"wp:term":[{"taxonomy":"product_brand","embeddable":true,"href":"https:\/\/www.ruggit.dk\/de\/wp-json\/wp\/v2\/product_brand?post=5432"},{"taxonomy":"product_cat","embeddable":true,"href":"https:\/\/www.ruggit.dk\/de\/wp-json\/wp\/v2\/product_cat?post=5432"},{"taxonomy":"product_tag","embeddable":true,"href":"https:\/\/www.ruggit.dk\/de\/wp-json\/wp\/v2\/product_tag?post=5432"}],"curies":[{"name":"wp","href":"https:\/\/api.w.org\/{rel}","templated":true}]}}