{"id":5639,"date":"2021-10-05T13:33:00","date_gmt":"2021-10-05T11:33:00","guid":{"rendered":"https:\/\/www.ruggit.dk\/vare\/nilo-kugletaeppe\/"},"modified":"2023-12-09T17:34:05","modified_gmt":"2023-12-09T16:34:05","slug":"nilo-felt-ball-rug","status":"publish","type":"product","link":"https:\/\/www.ruggit.dk\/en\/shop\/felt-ball-rug\/nilo-felt-ball-rug\/","title":{"rendered":"Nilo Felt ball rug"},"content":{"rendered":"<section class=\"wpb-content-wrapper\">[vc_row][vc_column width=&#8221;1\/4&#8243; animation=&#8221;animation bottom-to-top&#8221;]\t<div class=\"et-image-523 et-image aligncenter   medium-shadow et_image_link\">\n\t\t<div class=\"et-image-inner \">\n\t\t\t\t\t\t\t<div class=\"et-image-thumb \">\n\t\t\t\t\t<img loading=\"lazy\" decoding=\"async\" class=\"\" src=\"https:\/\/www.ruggit.dk\/wp-content\/uploads\/2021\/10\/2-Wool-unpacked-418x200.jpg\" width=\"418\" height=\"200\" alt=\"product declaration\" title=\"2 Wool unpacked\" \/>\t\t\t\t<\/div>\n\t\t\t\t\t\t\t\t\t\t\t<\/div>\n\t<\/div>\n  [vc_empty_space height=&#8221;20px&#8221;][vc_column_text]\n<h4 style=\"text-align: center;\">Merino wool<\/h4>\n<p style=\"text-align: center;\">100% pure wool. A natural product that does not cause any irritations or discomforts. The product can contain remnants of dried grass.<\/p>\n[\/vc_column_text][\/vc_column][vc_column width=&#8221;1\/4&#8243; animation=&#8221;animation bottom-to-top&#8221;]\t<div class=\"et-image-165 et-image aligncenter full  medium-shadow et_image_link\">\n\t\t<div class=\"et-image-inner \">\n\t\t\t\t\t\t\t<div class=\"et-image-thumb \">\n\t\t\t\t\t<img loading=\"lazy\" decoding=\"async\" class=\"\" src=\"https:\/\/www.ruggit.dk\/wp-content\/uploads\/2021\/10\/products-declaration-2-418x200.png\" width=\"418\" height=\"200\" alt=\"product declaration\" title=\"products-declaration-2\" \/>\t\t\t\t<\/div>\n\t\t\t\t\t\t\t\t\t\t\t<\/div>\n\t<\/div>\n  [vc_empty_space height=&#8221;20px&#8221;][vc_column_text]\n<h4 style=\"text-align: center;\">Natural products<\/h4>\n<p style=\"text-align: center;\">No toxins or allergens. 100% free of azo compounds. A healthy and harmless natural product.<\/p>\n[\/vc_column_text][\/vc_column][vc_column width=&#8221;1\/4&#8243; animation=&#8221;animation bottom-to-top&#8221;]\t<div class=\"et-image-383 et-image aligncenter   medium-shadow et_image_link\">\n\t\t<div class=\"et-image-inner \">\n\t\t\t\t\t\t\t<div class=\"et-image-thumb \">\n\t\t\t\t\t<img loading=\"lazy\" decoding=\"async\" class=\"\" src=\"https:\/\/www.ruggit.dk\/wp-content\/uploads\/2021\/10\/products-declaration-3-418x200.png\" width=\"418\" height=\"200\" alt=\"product declaration\" title=\"products-declaration-3\" \/>\t\t\t\t<\/div>\n\t\t\t\t\t\t\t\t\t\t\t<\/div>\n\t<\/div>\n  [vc_empty_space height=&#8221;20px&#8221;][vc_column_text]\n<h4 style=\"text-align: center;\">Robust<\/h4>\n<p style=\"text-align: center;\">The felt balls are stitched together with a 2 mm. nylon string which makes the product very durable and strong.<\/p>\n[\/vc_column_text][\/vc_column][vc_column width=&#8221;1\/4&#8243;]\t<div class=\"et-image-435 et-image aligncenter   medium-shadow et_image_link\">\n\t\t<div class=\"et-image-inner \">\n\t\t\t\t\t\t\t<div class=\"et-image-thumb \">\n\t\t\t\t\t<img loading=\"lazy\" decoding=\"async\" class=\"\" src=\"https:\/\/www.ruggit.dk\/wp-content\/uploads\/2021\/10\/products-declaration-4-418x200.png\" width=\"418\" height=\"200\" alt=\"product declaration\" title=\"products-declaration-4\" \/>\t\t\t\t<\/div>\n\t\t\t\t\t\t\t\t\t\t\t<\/div>\n\t<\/div>\n  [vc_empty_space height=&#8221;20px&#8221;][vc_column_text]\n<h4 style=\"text-align: center;\">High quality<\/h4>\n<p style=\"text-align: center;\">The closely felted balls weigh around 5,5kg\/m\u00b2. The balls stay in shape and are very durable.<\/p>\n[\/vc_column_text][\/vc_column][\/vc_row]\n<\/section>","protected":false},"excerpt":{"rendered":"<p>This beautiful felt ball rug is called Nilo, which means \u2018blue\u2019 in Nepali. This rug is inspired by the colours of nature and it contains eight different shades \u2013 three blue ones, three green ones, one grey shade and one white shade. This rug is perfect for children\u2019s rooms or for a living room with a view of the sea.<\/p>\n","protected":false},"featured_media":4405,"template":"","meta":[],"product_brand":[],"product_cat":[118],"product_tag":[],"class_list":{"0":"post-5639","1":"product","2":"type-product","3":"status-publish","4":"has-post-thumbnail","6":"product_cat-felt-ball-rug","8":"first","9":"instock","10":"sale","11":"taxable","12":"shipping-taxable","13":"purchasable","14":"product-type-variable","15":"has-default-attributes"},"yoast_head":"<!-- This site is optimized with the Yoast SEO plugin v26.2 - https:\/\/yoast.com\/wordpress\/plugins\/seo\/ -->\n<title>Nilo Felt ball rug - Ruggit<\/title>\n<meta name=\"robots\" content=\"index, follow, max-snippet:-1, max-image-preview:large, max-video-preview:-1\" \/>\n<link rel=\"canonical\" href=\"https:\/\/www.ruggit.dk\/en\/shop\/felt-ball-rug\/nilo-felt-ball-rug\/\" \/>\n<meta property=\"og:locale\" content=\"en_US\" \/>\n<meta property=\"og:type\" content=\"article\" \/>\n<meta property=\"og:title\" content=\"Nilo Felt ball rug - Ruggit\" \/>\n<meta property=\"og:description\" content=\"This beautiful felt ball rug is called Nilo, which means \u2018blue\u2019 in Nepali. This rug is inspired by the colours of nature and it contains eight different shades \u2013 three blue ones, three green ones, one grey shade and one white shade. This rug is perfect for children\u2019s rooms or for a living room with a view of the sea.\" \/>\n<meta property=\"og:url\" content=\"https:\/\/www.ruggit.dk\/en\/shop\/felt-ball-rug\/nilo-felt-ball-rug\/\" \/>\n<meta property=\"og:site_name\" content=\"Ruggit\" \/>\n<meta property=\"article:modified_time\" content=\"2023-12-09T16:34:05+00:00\" \/>\n<meta property=\"og:image\" content=\"https:\/\/www.ruggit.dk\/wp-content\/uploads\/2021\/10\/kugletaeppe-nilo-min.jpg\" \/>\n\t<meta property=\"og:image:width\" content=\"1122\" \/>\n\t<meta property=\"og:image:height\" content=\"1122\" \/>\n\t<meta property=\"og:image:type\" content=\"image\/jpeg\" \/>\n<meta name=\"twitter:card\" content=\"summary_large_image\" \/>\n<meta name=\"twitter:label1\" content=\"Est. reading time\" \/>\n\t<meta name=\"twitter:data1\" content=\"1 minute\" \/>\n<script type=\"application\/ld+json\" class=\"yoast-schema-graph\">{\"@context\":\"https:\/\/schema.org\",\"@graph\":[{\"@type\":\"WebPage\",\"@id\":\"https:\/\/www.ruggit.dk\/en\/shop\/felt-ball-rug\/nilo-felt-ball-rug\/\",\"url\":\"https:\/\/www.ruggit.dk\/en\/shop\/felt-ball-rug\/nilo-felt-ball-rug\/\",\"name\":\"Nilo Felt ball rug - Ruggit\",\"isPartOf\":{\"@id\":\"https:\/\/www.ruggit.dk\/en\/#website\"},\"primaryImageOfPage\":{\"@id\":\"https:\/\/www.ruggit.dk\/en\/shop\/felt-ball-rug\/nilo-felt-ball-rug\/#primaryimage\"},\"image\":{\"@id\":\"https:\/\/www.ruggit.dk\/en\/shop\/felt-ball-rug\/nilo-felt-ball-rug\/#primaryimage\"},\"thumbnailUrl\":\"https:\/\/www.ruggit.dk\/wp-content\/uploads\/2021\/10\/kugletaeppe-nilo-min.jpg\",\"datePublished\":\"2021-10-05T11:33:00+00:00\",\"dateModified\":\"2023-12-09T16:34:05+00:00\",\"breadcrumb\":{\"@id\":\"https:\/\/www.ruggit.dk\/en\/shop\/felt-ball-rug\/nilo-felt-ball-rug\/#breadcrumb\"},\"inLanguage\":\"en-US\",\"potentialAction\":[{\"@type\":\"ReadAction\",\"target\":[\"https:\/\/www.ruggit.dk\/en\/shop\/felt-ball-rug\/nilo-felt-ball-rug\/\"]}]},{\"@type\":\"ImageObject\",\"inLanguage\":\"en-US\",\"@id\":\"https:\/\/www.ruggit.dk\/en\/shop\/felt-ball-rug\/nilo-felt-ball-rug\/#primaryimage\",\"url\":\"https:\/\/www.ruggit.dk\/wp-content\/uploads\/2021\/10\/kugletaeppe-nilo-min.jpg\",\"contentUrl\":\"https:\/\/www.ruggit.dk\/wp-content\/uploads\/2021\/10\/kugletaeppe-nilo-min.jpg\",\"width\":1122,\"height\":1122,\"caption\":\"bl\u00e5 og gr\u00f8n kuglet\u00e6ppe\"},{\"@type\":\"BreadcrumbList\",\"@id\":\"https:\/\/www.ruggit.dk\/en\/shop\/felt-ball-rug\/nilo-felt-ball-rug\/#breadcrumb\",\"itemListElement\":[{\"@type\":\"ListItem\",\"position\":1,\"name\":\"Hjem\",\"item\":\"https:\/\/www.ruggit.dk\/en\/\"},{\"@type\":\"ListItem\",\"position\":2,\"name\":\"Shop\",\"item\":\"https:\/\/www.ruggit.dk\/en\/shop-2\/\"},{\"@type\":\"ListItem\",\"position\":3,\"name\":\"Nilo Felt ball rug\"}]},{\"@type\":\"WebSite\",\"@id\":\"https:\/\/www.ruggit.dk\/en\/#website\",\"url\":\"https:\/\/www.ruggit.dk\/en\/\",\"name\":\"Ruggit\",\"description\":\"Os der s\u00e6lger kuglet\u00e6pper\",\"publisher\":{\"@id\":\"https:\/\/www.ruggit.dk\/en\/#organization\"},\"potentialAction\":[{\"@type\":\"SearchAction\",\"target\":{\"@type\":\"EntryPoint\",\"urlTemplate\":\"https:\/\/www.ruggit.dk\/en\/?s={search_term_string}\"},\"query-input\":{\"@type\":\"PropertyValueSpecification\",\"valueRequired\":true,\"valueName\":\"search_term_string\"}}],\"inLanguage\":\"en-US\"},{\"@type\":\"Organization\",\"@id\":\"https:\/\/www.ruggit.dk\/en\/#organization\",\"name\":\"Ruggit\",\"url\":\"https:\/\/www.ruggit.dk\/en\/\",\"logo\":{\"@type\":\"ImageObject\",\"inLanguage\":\"en-US\",\"@id\":\"https:\/\/www.ruggit.dk\/en\/#\/schema\/logo\/image\/\",\"url\":\"https:\/\/www.ruggit.dk\/wp-content\/uploads\/2021\/10\/cropped-logo-ruggit2.png\",\"contentUrl\":\"https:\/\/www.ruggit.dk\/wp-content\/uploads\/2021\/10\/cropped-logo-ruggit2.png\",\"width\":211,\"height\":80,\"caption\":\"Ruggit\"},\"image\":{\"@id\":\"https:\/\/www.ruggit.dk\/en\/#\/schema\/logo\/image\/\"}}]}<\/script>\n<!-- \/ Yoast SEO plugin. -->","yoast_head_json":{"title":"Nilo Felt ball rug - Ruggit","robots":{"index":"index","follow":"follow","max-snippet":"max-snippet:-1","max-image-preview":"max-image-preview:large","max-video-preview":"max-video-preview:-1"},"canonical":"https:\/\/www.ruggit.dk\/en\/shop\/felt-ball-rug\/nilo-felt-ball-rug\/","og_locale":"en_US","og_type":"article","og_title":"Nilo Felt ball rug - Ruggit","og_description":"This beautiful felt ball rug is called Nilo, which means \u2018blue\u2019 in Nepali. This rug is inspired by the colours of nature and it contains eight different shades \u2013 three blue ones, three green ones, one grey shade and one white shade. This rug is perfect for children\u2019s rooms or for a living room with a view of the sea.","og_url":"https:\/\/www.ruggit.dk\/en\/shop\/felt-ball-rug\/nilo-felt-ball-rug\/","og_site_name":"Ruggit","article_modified_time":"2023-12-09T16:34:05+00:00","og_image":[{"width":1122,"height":1122,"url":"https:\/\/www.ruggit.dk\/wp-content\/uploads\/2021\/10\/kugletaeppe-nilo-min.jpg","type":"image\/jpeg"}],"twitter_card":"summary_large_image","twitter_misc":{"Est. reading time":"1 minute"},"schema":{"@context":"https:\/\/schema.org","@graph":[{"@type":"WebPage","@id":"https:\/\/www.ruggit.dk\/en\/shop\/felt-ball-rug\/nilo-felt-ball-rug\/","url":"https:\/\/www.ruggit.dk\/en\/shop\/felt-ball-rug\/nilo-felt-ball-rug\/","name":"Nilo Felt ball rug - Ruggit","isPartOf":{"@id":"https:\/\/www.ruggit.dk\/en\/#website"},"primaryImageOfPage":{"@id":"https:\/\/www.ruggit.dk\/en\/shop\/felt-ball-rug\/nilo-felt-ball-rug\/#primaryimage"},"image":{"@id":"https:\/\/www.ruggit.dk\/en\/shop\/felt-ball-rug\/nilo-felt-ball-rug\/#primaryimage"},"thumbnailUrl":"https:\/\/www.ruggit.dk\/wp-content\/uploads\/2021\/10\/kugletaeppe-nilo-min.jpg","datePublished":"2021-10-05T11:33:00+00:00","dateModified":"2023-12-09T16:34:05+00:00","breadcrumb":{"@id":"https:\/\/www.ruggit.dk\/en\/shop\/felt-ball-rug\/nilo-felt-ball-rug\/#breadcrumb"},"inLanguage":"en-US","potentialAction":[{"@type":"ReadAction","target":["https:\/\/www.ruggit.dk\/en\/shop\/felt-ball-rug\/nilo-felt-ball-rug\/"]}]},{"@type":"ImageObject","inLanguage":"en-US","@id":"https:\/\/www.ruggit.dk\/en\/shop\/felt-ball-rug\/nilo-felt-ball-rug\/#primaryimage","url":"https:\/\/www.ruggit.dk\/wp-content\/uploads\/2021\/10\/kugletaeppe-nilo-min.jpg","contentUrl":"https:\/\/www.ruggit.dk\/wp-content\/uploads\/2021\/10\/kugletaeppe-nilo-min.jpg","width":1122,"height":1122,"caption":"bl\u00e5 og gr\u00f8n kuglet\u00e6ppe"},{"@type":"BreadcrumbList","@id":"https:\/\/www.ruggit.dk\/en\/shop\/felt-ball-rug\/nilo-felt-ball-rug\/#breadcrumb","itemListElement":[{"@type":"ListItem","position":1,"name":"Hjem","item":"https:\/\/www.ruggit.dk\/en\/"},{"@type":"ListItem","position":2,"name":"Shop","item":"https:\/\/www.ruggit.dk\/en\/shop-2\/"},{"@type":"ListItem","position":3,"name":"Nilo Felt ball rug"}]},{"@type":"WebSite","@id":"https:\/\/www.ruggit.dk\/en\/#website","url":"https:\/\/www.ruggit.dk\/en\/","name":"Ruggit","description":"Os der s\u00e6lger kuglet\u00e6pper","publisher":{"@id":"https:\/\/www.ruggit.dk\/en\/#organization"},"potentialAction":[{"@type":"SearchAction","target":{"@type":"EntryPoint","urlTemplate":"https:\/\/www.ruggit.dk\/en\/?s={search_term_string}"},"query-input":{"@type":"PropertyValueSpecification","valueRequired":true,"valueName":"search_term_string"}}],"inLanguage":"en-US"},{"@type":"Organization","@id":"https:\/\/www.ruggit.dk\/en\/#organization","name":"Ruggit","url":"https:\/\/www.ruggit.dk\/en\/","logo":{"@type":"ImageObject","inLanguage":"en-US","@id":"https:\/\/www.ruggit.dk\/en\/#\/schema\/logo\/image\/","url":"https:\/\/www.ruggit.dk\/wp-content\/uploads\/2021\/10\/cropped-logo-ruggit2.png","contentUrl":"https:\/\/www.ruggit.dk\/wp-content\/uploads\/2021\/10\/cropped-logo-ruggit2.png","width":211,"height":80,"caption":"Ruggit"},"image":{"@id":"https:\/\/www.ruggit.dk\/en\/#\/schema\/logo\/image\/"}}]}},"_links":{"self":[{"href":"https:\/\/www.ruggit.dk\/en\/wp-json\/wp\/v2\/product\/5639","targetHints":{"allow":["GET"]}}],"collection":[{"href":"https:\/\/www.ruggit.dk\/en\/wp-json\/wp\/v2\/product"}],"about":[{"href":"https:\/\/www.ruggit.dk\/en\/wp-json\/wp\/v2\/types\/product"}],"wp:featuredmedia":[{"embeddable":true,"href":"https:\/\/www.ruggit.dk\/en\/wp-json\/wp\/v2\/media\/4405"}],"wp:attachment":[{"href":"https:\/\/www.ruggit.dk\/en\/wp-json\/wp\/v2\/media?parent=5639"}],"wp:term":[{"taxonomy":"product_brand","embeddable":true,"href":"https:\/\/www.ruggit.dk\/en\/wp-json\/wp\/v2\/product_brand?post=5639"},{"taxonomy":"product_cat","embeddable":true,"href":"https:\/\/www.ruggit.dk\/en\/wp-json\/wp\/v2\/product_cat?post=5639"},{"taxonomy":"product_tag","embeddable":true,"href":"https:\/\/www.ruggit.dk\/en\/wp-json\/wp\/v2\/product_tag?post=5639"}],"curies":[{"name":"wp","href":"https:\/\/api.w.org\/{rel}","templated":true}]}}