{"id":5141,"date":"2019-03-17T17:19:40","date_gmt":"2019-03-17T16:19:40","guid":{"rendered":"https:\/\/www.ruggit.dk\/conditions-generales\/"},"modified":"2022-05-14T10:49:30","modified_gmt":"2022-05-14T08:49:30","slug":"conditions-generales","status":"publish","type":"page","link":"https:\/\/www.ruggit.dk\/fr\/conditions-generales\/","title":{"rendered":"Conditions g\u00e9n\u00e9rales"},"content":{"rendered":"<section class=\"wpb-content-wrapper\">[vc_row css=\u00a0\u00bb.vc_custom_1639070564818{padding-top: 60px !important;padding-bottom: 60px !important;}\u00a0\u00bb][vc_column][vc_column_text]\r\n\r\n<div class=\"brown-background\">\r\n<div class=\"guarantee-header\">\r\n<div class=\"container\">\r\n<h1 class=\"wp-block-heading\" style=\"text-align: center;\">Conditions g\u00e9n\u00e9rales de vente<\/h1>\r\n<\/div>\r\n<\/div>\r\n<\/div>\r\n<div class=\"guarantee-container\">\r\n<div class=\"container\">\r\n<div class=\"row\">\r\n<div class=\"col-md-12\">\r\n<p>&nbsp;<\/p>\r\n<p><strong>1. Renseignements sur le produit<br \/><\/strong>Nous diffusons des informations essentielles sur le produit sur notre site internet. Si vous souhaitez obtenir davantage de renseignements, n&rsquo;h\u00e9sitez pas \u00e0 nous contacter par courriel:\u00a0kontakt@ruggit.dk<br \/><br \/><\/p>\r\n<p><strong>2. Prix<br \/><\/strong>Les prix indiqu\u00e9s sont les prix du \u00ab du jour \u00bb et ceux-ci sont uniquement applicables le jour de la commande. Ruggit se r\u00e9serve le droit d\u2019effectuer des modifications de prix et des changements ou de mettre fin \u00e0 toute offre sp\u00e9ciale ou remise \u00e0 tout moment. Tous les prix indiqu\u00e9s incluent la TVA.<br \/><br \/><\/p>\r\n<p><strong>2.1. Offres sp\u00e9ciales et r\u00e9ductions<br \/><\/strong>Vous ne pouvez utiliser qu&rsquo;un seul code de remise \/ promotionnel par commande. Les codes promotionnels ne s&rsquo;appliquent pas aux articles qui font d\u00e9j\u00e0 l\u2019objet d\u2019une r\u00e9duction.<br \/><br \/><\/p>\r\n<p><strong>3. Commande<br \/><\/strong>La pr\u00e9sentation des produits avec le prix de Ruggit ne correspond pas une offre ferme mais plut\u00f4t \u00e0 une invitation \u00e0 effectuer une offre. L&rsquo;achat de biens de Ruggit ne constitue pas une acception obligatoire mais repr\u00e9sente n\u00e9anmoins une offre irr\u00e9vocable \u00e0 Ruggit pour l&rsquo;achat de biens selon les conditions de l&rsquo;offre.<\/p>\r\n<p>Un accord irr\u00e9vocable entre l&rsquo;acheteur et Ruggit n&rsquo;est conclu que lorsque Ruggit envoie une confirmation de r\u00e9ception et accepte l&rsquo;offre de l&rsquo;acheteur.<br \/><br \/><\/p>\r\n<p><strong>4. Exp\u00e9dition et livraison<br \/><\/strong>Une fois que vous aurez termin\u00e9 votre commande, nous mettrons tout en \u0153uvre pour exp\u00e9dier votre commande dans un d\u00e9lai de 1 \u00e0 3 jours ouvrables &#8211; sauf accord contraire. Pour que la livraison ait lieu le m\u00eame jour que la commande, vous devez passer commande avant 14 h. \u00a0<br \/><br \/><\/p>\r\n<p><strong>5. Paiement<br \/><\/strong>Les informations du compte utilis\u00e9 fournies lors de l&rsquo;achat de biens sont envoy\u00e9es directement \u00e0 PBS sous forme crypt\u00e9e (SSL) et seuls PBS et vous-m\u00eame peuvent y avoir acc\u00e8s. Personne d&rsquo;autre ne peut voir ou enregistrer des informations sur votre personne. En ce qui concerne les achats effectu\u00e9s par carte de cr\u00e9dit, le montant sera d\u00e9bit\u00e9 de votre compte d\u00e8s que les biens seront envoy\u00e9s de Ruggit.<\/p>\r\n<p>Nous acceptons les moyens de paiement suivants : MasterCard, Maestro, Visa, Visa Electron et American Express.<br \/><br \/><\/p>\r\n<p><strong>5.1 Tapis personnalis\u00e9<br \/><\/strong>Concernant les tapis sur mesure, le paiement est pr\u00e9lev\u00e9 sur votre compte bancaire d\u00e8s que la commande est adress\u00e9e \u00e0 nos fournisseurs n\u00e9palais. Vous pouvez modifier et annuler la commande avant que nos artisans ne commencent \u00e0 fabriquer votre tapis. Contactez-nous d\u00e8s que possible si vous souhaitez modifier ou annuler la commande que vous avez pass\u00e9e pour obtenir un tapis sur mesure ou un autre produit. Toutefois, dans la plupart des cas, nous ne pr\u00e9levons pas la somme due avant d\u2019avoir exp\u00e9di\u00e9 l\u2019article personnalis\u00e9. Cette r\u00e8gle ne s\u2019applique pas aux paiements r\u00e9alis\u00e9s par l\u2019interm\u00e9diaire de VIABILL.\u00a0<br \/><br \/><br \/><strong>6. Risque de d\u00e9t\u00e9rioration accidentelle \u00a0<br \/><\/strong>Lorsque l\u2019acheteur re\u00e7oit l&rsquo;article, il est responsable de son \u00e9tat. Si l&rsquo;article est endommag\u00e9 ou d\u00e9t\u00e9rior\u00e9 \u00e0 la suite d\u2019un incident, l&rsquo;acheteur est responsable.<\/p>\r\n<p>&nbsp;<\/p>\r\n<p><strong>7. R\u00e9clamation<br \/><\/strong>Vous devez nous adresser vos r\u00e9clamations dans un d\u00e9lai raisonnable \u00e0 compter de la r\u00e9ception de l&rsquo;article. Ainsi, l&rsquo;acheteur est tenu d&rsquo;inspecter soigneusement l\u2019article d\u00e8s que possible apr\u00e8s la livraison. De pr\u00e9f\u00e9rence dans un d\u00e9lai de 48 heures.<\/p>\r\n<p>Tous les articles achet\u00e9 sur www.ruggit.dk sont garantie deux ans (ceci ne s&rsquo;applique pas aux dessous de plats ou sous-verres \u2013 si vous souhaitez en savoir plus nous vous recommandons de consulter la rubrique \u00ab Entretien et garantie \u00bb de notre site)<br \/><br \/><\/p>\r\n<p><strong>8. Clause de non-responsabilit\u00e9 et garantie<br \/><\/strong>ND Design ApS attire votre attention sur les instructions \u00e9num\u00e9r\u00e9es dan la rubrique \u00ab Maintenance et garantie \u00bb de notre site.<\/p>\r\n<p>ND Design ApS n\u2019est pas responsable des dommages caus\u00e9s par une mauvaise manipulation des produits.<br \/>Nous sommes toutefois responsables pour les dommages dont vous n\u2019\u00eates pas la cause, et dans ce cas, pouvez b\u00e9n\u00e9ficier de notre garantie de 2 ans. &#8211; Dans ces circonstances nous vous demanderons de nous fournir la preuve que vous avez respect\u00e9 les instructions et que l&rsquo;article ne satisfait pas aux exigences.<\/p>\r\n<p>L\u2019article doit \u00eatre r\u00e9exp\u00e9di\u00e9 \u00e0 ND Desing ApS. ND Design ApS prendra en charge les frais. L&rsquo;acheteur recevra un produit similaire ou un remboursement total dans un d\u00e9lai de 10 jours apr\u00e8s la r\u00e9exp\u00e9dition.<br \/><br \/><\/p>\r\n<p><strong>9. Droit de r\u00e9tractation<br \/><\/strong>Vous avez le droit de renoncer \u00e0 achat dans un d\u00e9lai de 14 jours sans donner de raison. Le d\u00e9lai de r\u00e9tractation expire 14 apr\u00e8s:<br \/>a) avoir pris possession des marchandises<br \/>b) avoir pris possession de la livraison finale d\u2019une partie des marchandises (si vous avez pass\u00e9 un commande compos\u00e9e de plusieurs produits livr\u00e9s s\u00e9par\u00e9ment)\u00a0<br \/>Pour exercer votre droit de r\u00e9tractation, vous devez nous informer de fa\u00e7on explicite, en nous adressant une demande claire (lettre ou courriel \u00e0 l&rsquo;adresse www.ruggit.dk) qui pr\u00e9cise que vous souhaitez renoncer \u00e0 votre achat.<\/p>\r\n<p>Si vous refusez de recevoir le colis, cette d\u00e9cision ne signifie pas que vous avez renonc\u00e9 \u00e0 votre achat. Vous devez nous informer de fa\u00e7on explicite que vous avez renonc\u00e9 \u00e0 votre achat.\u00a0<\/p>\r\n<p>Nous n&rsquo;acceptons pas les articles exp\u00e9di\u00e9s en port d\u00fb ou les envois avec paiement en contre-remboursement. Si vous d\u00e9sirez retourner un article, nous vous demandons d&rsquo;utiliser GLS afin que nous puissions suivre le colis en cas de perte. En cons\u00e9quence, nous vous prions de ne pas utiliser d\u2019autres services de livraison. Nous vous prions de bien vouloir choisir un emballage solide et s\u00fbr et de joindre une copie de votre facture. Nous vous prions de bien vouloir joindre \u00e9galement une note indiquant que vous souhaitez exercer votre droit de r\u00e9tractation et par cons\u00e9quent obtenir un remboursement total.\u00a0<\/p>\r\n<p>Vous payez vous-m\u00eame les frais d&rsquo;exp\u00e9dition et supportez le risque de transport. Les frais de retour peuvent varier de 10 \u00e0 30 \u20ac.<\/p>\r\n<p>Adresse de livraison: ND Design ApS \/ Pr\u00e6stekravevej 4, 8541 Sk\u00f8dstrup Denmark<\/p>\r\n<p>Si l&rsquo;article est utilis\u00e9 et qu&rsquo;il y a une d\u00e9t\u00e9rioration de la valeur des ventes, la valeur est soustraite du montant du retour. Cette valeur est une estimation de combien cela peut \u00eatre revendu \u00e0 un autre consommateur. Les frais de retour peuvent varier de 10 \u00e0 30 \u20ac.<br \/><br \/><\/p>\r\n<p><b>9.1 Absence de droit de r\u00e9tractation ou de retour pour les produits sur mesure<br \/><\/b>Vous ne disposez d\u2019aucun d&rsquo;un droit l\u00e9gal de r\u00e9tractation pour les achats de marchandises fabriqu\u00e9es selon vos propres indications et livr\u00e9es. Vous pouvez uniquement annuler une commande contenant des produits fabriqu\u00e9s sur mesure dans les cas o\u00f9 nos artisans n\u2019ont pas encore commenc\u00e9 \u00e0 fabriquer le produit. Par cons\u00e9quent, vous devez nous contacter d\u00e8s que possible si vous souhaitez annuler une commande de ce type.<br \/><br \/><\/p>\r\n<p><b>9.2 Prorogation du droit de retour<br \/><\/b>Vous pouvez b\u00e9n\u00e9ficier d\u2019une prorogation de votre droit de retour pour nos offres \u00ab sp\u00e9cial No\u00ebl \u00bb. Par cons\u00e9quent, le droit de retour dont vous disposez est prorog\u00e9 pour les articles que vous avez achet\u00e9s entre le 1er novembre 2016 et le 31 d\u00e9cembre 2016 . Les articles achet\u00e9s pendant cette p\u00e9riode peuvent \u00eatre \u00e9chang\u00e9s jusqu&rsquo;au 1er f\u00e9vrier 2017 inclus.<br \/><br \/><\/p>\r\n<p><strong>10. Droit d\u2019auteur et marques de commerce<br \/><\/strong>Le droit d&rsquo;auteur sur l&rsquo;ensemble du contenu est et reste d\u00e9tenu par Ruggit. Vous ne pouvez modifier ou copier, distribuer, transmettre, afficher, publier ou vendre aucun contenu. Vous ne pouvez r\u00e9utiliser aucun contenu sans avoir pr\u00e9alablement obtenu le consentement de Ruggit. L&rsquo;utilisation de contenu sur d\u2019autres sites internet est interdite et constitue une violation des droits du propri\u00e9taire.\u2019s rights.<br \/><br \/><\/p>\r\n<p><strong>11.\u00a0R\u00e9serves concernant les conditions g\u00e9n\u00e9rales<br \/><\/strong>Ruggit se r\u00e9serve le droit de modifier, mettre \u00e0 jour ou changer les conditions g\u00e9n\u00e9rales de ce site internet. Nous vous recommandons donc de vous tenir inform\u00e9 de toute modification.<\/p>\r\n<p><br \/><strong>12. Autres informations<br \/><\/strong><strong>Le site internet\u00a0<\/strong><a href=\"https:\/\/www.ruggit.dk\/fr\/\"><strong>www.ruggit.dk<\/strong><\/a><strong>\u00a0appartient et est g\u00e9r\u00e9 par:<\/strong><strong>\u00a0<br \/><\/strong><strong>ND Design ApS \u00a0CVR: DK37642258<br \/><\/strong><strong>Pr\u00e6stekravevej 4, 8541 Sk\u00f8dstrup, Danemark<\/strong><\/p>\r\n[\/vc_column_text][\/vc_column][\/vc_row]\r\n<\/div>\r\n<\/div>\r\n<\/div>\r\n<\/div>\r\n<\/section>","protected":false},"excerpt":{"rendered":"<p>[vc_row css=\u00a0\u00bb.vc_custom_1639070564818{padding-top: 60px !important;padding-bottom: 60px !important;}\u00a0\u00bb][vc_column][vc_column_text] Conditions g\u00e9n\u00e9rales de vente &nbsp; 1. Renseignements sur le produitNous diffusons des informations essentielles sur le produit sur notre site internet. Si vous souhaitez obtenir davantage de renseignements, n&rsquo;h\u00e9sitez pas \u00e0 nous contacter par courriel:\u00a0kontakt@ruggit.dk 2. PrixLes prix indiqu\u00e9s sont les prix du \u00ab&hellip;<\/p>\n","protected":false},"author":1,"featured_media":0,"parent":0,"menu_order":0,"comment_status":"closed","ping_status":"closed","template":"","meta":{"footnotes":""},"class_list":["post-5141","page","type-page","status-publish","hentry"],"yoast_head":"<!-- This site is optimized with the Yoast SEO plugin v26.2 - https:\/\/yoast.com\/wordpress\/plugins\/seo\/ -->\n<title>Conditions g\u00e9n\u00e9rales - Ruggit<\/title>\n<meta name=\"robots\" content=\"index, follow, max-snippet:-1, max-image-preview:large, max-video-preview:-1\" \/>\n<link rel=\"canonical\" href=\"https:\/\/www.ruggit.dk\/fr\/conditions-generales\/\" \/>\n<meta property=\"og:locale\" content=\"fr_FR\" \/>\n<meta property=\"og:type\" content=\"article\" \/>\n<meta property=\"og:title\" content=\"Conditions g\u00e9n\u00e9rales - Ruggit\" \/>\n<meta property=\"og:description\" content=\"[vc_row css=\u00a0\u00bb.vc_custom_1639070564818{padding-top: 60px !important;padding-bottom: 60px !important;}\u00a0\u00bb][vc_column][vc_column_text] Conditions g\u00e9n\u00e9rales de vente &nbsp; 1. Renseignements sur le produitNous diffusons des informations essentielles sur le produit sur notre site internet. Si vous souhaitez obtenir davantage de renseignements, n&rsquo;h\u00e9sitez pas \u00e0 nous contacter par courriel:\u00a0kontakt@ruggit.dk 2. PrixLes prix indiqu\u00e9s sont les prix du \u00ab&hellip;\" \/>\n<meta property=\"og:url\" content=\"https:\/\/www.ruggit.dk\/fr\/conditions-generales\/\" \/>\n<meta property=\"og:site_name\" content=\"Ruggit\" \/>\n<meta property=\"article:modified_time\" content=\"2022-05-14T08:49:30+00:00\" \/>\n<meta name=\"twitter:card\" content=\"summary_large_image\" \/>\n<meta name=\"twitter:label1\" content=\"Dur\u00e9e de lecture estim\u00e9e\" \/>\n\t<meta name=\"twitter:data1\" content=\"7 minutes\" \/>\n<script type=\"application\/ld+json\" class=\"yoast-schema-graph\">{\"@context\":\"https:\/\/schema.org\",\"@graph\":[{\"@type\":\"WebPage\",\"@id\":\"https:\/\/www.ruggit.dk\/fr\/conditions-generales\/\",\"url\":\"https:\/\/www.ruggit.dk\/fr\/conditions-generales\/\",\"name\":\"Conditions g\u00e9n\u00e9rales - Ruggit\",\"isPartOf\":{\"@id\":\"https:\/\/www.ruggit.dk\/fr\/#website\"},\"datePublished\":\"2019-03-17T16:19:40+00:00\",\"dateModified\":\"2022-05-14T08:49:30+00:00\",\"breadcrumb\":{\"@id\":\"https:\/\/www.ruggit.dk\/fr\/conditions-generales\/#breadcrumb\"},\"inLanguage\":\"fr-FR\",\"potentialAction\":[{\"@type\":\"ReadAction\",\"target\":[\"https:\/\/www.ruggit.dk\/fr\/conditions-generales\/\"]}]},{\"@type\":\"BreadcrumbList\",\"@id\":\"https:\/\/www.ruggit.dk\/fr\/conditions-generales\/#breadcrumb\",\"itemListElement\":[{\"@type\":\"ListItem\",\"position\":1,\"name\":\"Hjem\",\"item\":\"https:\/\/www.ruggit.dk\/fr\/\"},{\"@type\":\"ListItem\",\"position\":2,\"name\":\"Conditions g\u00e9n\u00e9rales\"}]},{\"@type\":\"WebSite\",\"@id\":\"https:\/\/www.ruggit.dk\/fr\/#website\",\"url\":\"https:\/\/www.ruggit.dk\/fr\/\",\"name\":\"Ruggit\",\"description\":\"Os der s\u00e6lger kuglet\u00e6pper\",\"publisher\":{\"@id\":\"https:\/\/www.ruggit.dk\/fr\/#organization\"},\"potentialAction\":[{\"@type\":\"SearchAction\",\"target\":{\"@type\":\"EntryPoint\",\"urlTemplate\":\"https:\/\/www.ruggit.dk\/fr\/?s={search_term_string}\"},\"query-input\":{\"@type\":\"PropertyValueSpecification\",\"valueRequired\":true,\"valueName\":\"search_term_string\"}}],\"inLanguage\":\"fr-FR\"},{\"@type\":\"Organization\",\"@id\":\"https:\/\/www.ruggit.dk\/fr\/#organization\",\"name\":\"Ruggit\",\"url\":\"https:\/\/www.ruggit.dk\/fr\/\",\"logo\":{\"@type\":\"ImageObject\",\"inLanguage\":\"fr-FR\",\"@id\":\"https:\/\/www.ruggit.dk\/fr\/#\/schema\/logo\/image\/\",\"url\":\"https:\/\/www.ruggit.dk\/wp-content\/uploads\/2021\/10\/cropped-logo-ruggit2.png\",\"contentUrl\":\"https:\/\/www.ruggit.dk\/wp-content\/uploads\/2021\/10\/cropped-logo-ruggit2.png\",\"width\":211,\"height\":80,\"caption\":\"Ruggit\"},\"image\":{\"@id\":\"https:\/\/www.ruggit.dk\/fr\/#\/schema\/logo\/image\/\"}}]}<\/script>\n<!-- \/ Yoast SEO plugin. -->","yoast_head_json":{"title":"Conditions g\u00e9n\u00e9rales - Ruggit","robots":{"index":"index","follow":"follow","max-snippet":"max-snippet:-1","max-image-preview":"max-image-preview:large","max-video-preview":"max-video-preview:-1"},"canonical":"https:\/\/www.ruggit.dk\/fr\/conditions-generales\/","og_locale":"fr_FR","og_type":"article","og_title":"Conditions g\u00e9n\u00e9rales - Ruggit","og_description":"[vc_row css=\u00a0\u00bb.vc_custom_1639070564818{padding-top: 60px !important;padding-bottom: 60px !important;}\u00a0\u00bb][vc_column][vc_column_text] Conditions g\u00e9n\u00e9rales de vente &nbsp; 1. Renseignements sur le produitNous diffusons des informations essentielles sur le produit sur notre site internet. Si vous souhaitez obtenir davantage de renseignements, n&rsquo;h\u00e9sitez pas \u00e0 nous contacter par courriel:\u00a0kontakt@ruggit.dk 2. PrixLes prix indiqu\u00e9s sont les prix du \u00ab&hellip;","og_url":"https:\/\/www.ruggit.dk\/fr\/conditions-generales\/","og_site_name":"Ruggit","article_modified_time":"2022-05-14T08:49:30+00:00","twitter_card":"summary_large_image","twitter_misc":{"Dur\u00e9e de lecture estim\u00e9e":"7 minutes"},"schema":{"@context":"https:\/\/schema.org","@graph":[{"@type":"WebPage","@id":"https:\/\/www.ruggit.dk\/fr\/conditions-generales\/","url":"https:\/\/www.ruggit.dk\/fr\/conditions-generales\/","name":"Conditions g\u00e9n\u00e9rales - Ruggit","isPartOf":{"@id":"https:\/\/www.ruggit.dk\/fr\/#website"},"datePublished":"2019-03-17T16:19:40+00:00","dateModified":"2022-05-14T08:49:30+00:00","breadcrumb":{"@id":"https:\/\/www.ruggit.dk\/fr\/conditions-generales\/#breadcrumb"},"inLanguage":"fr-FR","potentialAction":[{"@type":"ReadAction","target":["https:\/\/www.ruggit.dk\/fr\/conditions-generales\/"]}]},{"@type":"BreadcrumbList","@id":"https:\/\/www.ruggit.dk\/fr\/conditions-generales\/#breadcrumb","itemListElement":[{"@type":"ListItem","position":1,"name":"Hjem","item":"https:\/\/www.ruggit.dk\/fr\/"},{"@type":"ListItem","position":2,"name":"Conditions g\u00e9n\u00e9rales"}]},{"@type":"WebSite","@id":"https:\/\/www.ruggit.dk\/fr\/#website","url":"https:\/\/www.ruggit.dk\/fr\/","name":"Ruggit","description":"Os der s\u00e6lger kuglet\u00e6pper","publisher":{"@id":"https:\/\/www.ruggit.dk\/fr\/#organization"},"potentialAction":[{"@type":"SearchAction","target":{"@type":"EntryPoint","urlTemplate":"https:\/\/www.ruggit.dk\/fr\/?s={search_term_string}"},"query-input":{"@type":"PropertyValueSpecification","valueRequired":true,"valueName":"search_term_string"}}],"inLanguage":"fr-FR"},{"@type":"Organization","@id":"https:\/\/www.ruggit.dk\/fr\/#organization","name":"Ruggit","url":"https:\/\/www.ruggit.dk\/fr\/","logo":{"@type":"ImageObject","inLanguage":"fr-FR","@id":"https:\/\/www.ruggit.dk\/fr\/#\/schema\/logo\/image\/","url":"https:\/\/www.ruggit.dk\/wp-content\/uploads\/2021\/10\/cropped-logo-ruggit2.png","contentUrl":"https:\/\/www.ruggit.dk\/wp-content\/uploads\/2021\/10\/cropped-logo-ruggit2.png","width":211,"height":80,"caption":"Ruggit"},"image":{"@id":"https:\/\/www.ruggit.dk\/fr\/#\/schema\/logo\/image\/"}}]}},"_links":{"self":[{"href":"https:\/\/www.ruggit.dk\/fr\/wp-json\/wp\/v2\/pages\/5141","targetHints":{"allow":["GET"]}}],"collection":[{"href":"https:\/\/www.ruggit.dk\/fr\/wp-json\/wp\/v2\/pages"}],"about":[{"href":"https:\/\/www.ruggit.dk\/fr\/wp-json\/wp\/v2\/types\/page"}],"author":[{"embeddable":true,"href":"https:\/\/www.ruggit.dk\/fr\/wp-json\/wp\/v2\/users\/1"}],"replies":[{"embeddable":true,"href":"https:\/\/www.ruggit.dk\/fr\/wp-json\/wp\/v2\/comments?post=5141"}],"version-history":[{"count":4,"href":"https:\/\/www.ruggit.dk\/fr\/wp-json\/wp\/v2\/pages\/5141\/revisions"}],"predecessor-version":[{"id":7259,"href":"https:\/\/www.ruggit.dk\/fr\/wp-json\/wp\/v2\/pages\/5141\/revisions\/7259"}],"wp:attachment":[{"href":"https:\/\/www.ruggit.dk\/fr\/wp-json\/wp\/v2\/media?parent=5141"}],"curies":[{"name":"wp","href":"https:\/\/api.w.org\/{rel}","templated":true}]}}