{"id":5175,"date":"2021-12-09T15:50:31","date_gmt":"2021-12-09T14:50:31","guid":{"rendered":"https:\/\/www.ruggit.dk\/entretien-et-garantie\/"},"modified":"2022-04-17T21:27:04","modified_gmt":"2022-04-17T19:27:04","slug":"entretien-et-garantie","status":"publish","type":"page","link":"https:\/\/www.ruggit.dk\/fr\/entretien-et-garantie\/","title":{"rendered":"Entretien et garantie"},"content":{"rendered":"<section class=\"wpb-content-wrapper\">[vc_row css=\u00a0\u00bb.vc_custom_1639070575879{padding-top: 60px !important;padding-bottom: 60px !important;}\u00a0\u00bb][vc_column][vc_column_text]\n<h1 class=\"page-title\" style=\"text-align: center;\">Entretien et garantie<\/h1>\n<p style=\"text-align: center;\">Nous sommes ravis de vous offrir une garantie de 2 ans, parce que nous faisons confiance \u00e0 nos fournisseurs et \u00e0 leur excellent travail. En effet gr\u00e2ce \u00e0 leur savoir faire, ils cr\u00e9ent des produits durables et solides que vous pourrez conserver pendant de nombreuses ann\u00e9es.<\/p>\n<p style=\"text-align: center;\">Si vous souhaitez b\u00e9n\u00e9ficier de la garantie, vous devez suivre les instructions \u00e9num\u00e9r\u00e9es sur ce site.<\/p>\n<p>&nbsp;<\/p>\n<h2>Entretien<\/h2>\n<div class=\"col-md-12\">\n<div class=\"list\">\n<div class=\"item\">\n<ol>\n<li>Ne placez pas l\u2019article dans un environnement humide ou mouill\u00e9.<\/li>\n<li>Ne marchez pas sur l\u2019article avec des chaussures.<\/li>\n<li>Ne placez pas d&rsquo;objets lourds (p. ex., des tables de pierre) sur le tapis. Cela peut d\u00e9former les boules de feutre.<\/li>\n<li>Lorsque vous nettoyez le tapis, secouez le puis balayez ou aspirez la poussi\u00e8re qui se trouve sur le sol.<\/li>\n<li>Lorsque vous passez l&rsquo;aspirateur sur votre tapis, veillez \u00e0 ne pas ab\u00eemer le feutre. Nous vous recommandons de ne pas utiliser de brosses dures sur le tapis.<\/li>\n<li>Ne laissez pas les animaux mordre ou griffer le tapis.<\/li>\n<li>Ne placez pas le tapis \u00e0 l&rsquo;ext\u00e9rieur. Il est con\u00e7u pour \u00eatre utilis\u00e9 \u00e0 l\u2019int\u00e9rieur.<\/li>\n<li>Ne lavez pas le tapis. L&rsquo;eau dissout les boules de feutre.<\/li>\n<li>Si vous renversez du liquide sur le tapis, \u00e9pongez-le imm\u00e9diatement \u00e0 l\u2019aide d\u2019une serviette en papier ou d\u2019une serviette blanche. S\u2019il y a des taches sur le tapis consultez un professionnel du nettoyage \u00e0 sec.<\/li>\n<li>\u00c9vitez tout type de d\u00e9gradation qui pourrait d\u00e9truire les boules de feutre.<\/li>\n<\/ol>\n<\/div>\n<\/div>\n<h4>Dessous de plat et sous-verres<\/h4>\n<p>Nous proposons une garantie de deux ans pour les dessous de plat et sous-verres s\u2019ils se brisent. Toute autre forme de d\u00e9gradation n\u2019est pas couverte par la garantie, car les temp\u00e9ratures \u00e9lev\u00e9es au fil du temps peuvent modifier les couleurs et entra\u00eener d&rsquo;autres imperfections.<\/p>\n<\/div>\n[\/vc_column_text][\/vc_column][\/vc_row]\n<\/section>","protected":false},"excerpt":{"rendered":"<p>[vc_row css=\u00a0\u00bb.vc_custom_1639070575879{padding-top: 60px !important;padding-bottom: 60px !important;}\u00a0\u00bb][vc_column][vc_column_text] Entretien et garantie Nous sommes ravis de vous offrir une garantie de 2 ans, parce que nous faisons confiance \u00e0 nos fournisseurs et \u00e0 leur excellent travail. En effet gr\u00e2ce \u00e0 leur savoir faire, ils cr\u00e9ent des produits durables et solides que vous pourrez&hellip;<\/p>\n","protected":false},"author":1,"featured_media":0,"parent":0,"menu_order":0,"comment_status":"closed","ping_status":"closed","template":"","meta":{"footnotes":""},"class_list":["post-5175","page","type-page","status-publish","hentry"],"yoast_head":"<!-- This site is optimized with the Yoast SEO plugin v26.2 - https:\/\/yoast.com\/wordpress\/plugins\/seo\/ -->\n<title>Entretien et garantie - Ruggit<\/title>\n<meta name=\"robots\" content=\"index, follow, max-snippet:-1, max-image-preview:large, max-video-preview:-1\" \/>\n<link rel=\"canonical\" href=\"https:\/\/www.ruggit.dk\/fr\/entretien-et-garantie\/\" \/>\n<meta property=\"og:locale\" content=\"fr_FR\" \/>\n<meta property=\"og:type\" content=\"article\" \/>\n<meta property=\"og:title\" content=\"Entretien et garantie - Ruggit\" \/>\n<meta property=\"og:description\" content=\"[vc_row css=\u00a0\u00bb.vc_custom_1639070575879{padding-top: 60px !important;padding-bottom: 60px !important;}\u00a0\u00bb][vc_column][vc_column_text] Entretien et garantie Nous sommes ravis de vous offrir une garantie de 2 ans, parce que nous faisons confiance \u00e0 nos fournisseurs et \u00e0 leur excellent travail. En effet gr\u00e2ce \u00e0 leur savoir faire, ils cr\u00e9ent des produits durables et solides que vous pourrez&hellip;\" \/>\n<meta property=\"og:url\" content=\"https:\/\/www.ruggit.dk\/fr\/entretien-et-garantie\/\" \/>\n<meta property=\"og:site_name\" content=\"Ruggit\" \/>\n<meta property=\"article:modified_time\" content=\"2022-04-17T19:27:04+00:00\" \/>\n<meta name=\"twitter:card\" content=\"summary_large_image\" \/>\n<meta name=\"twitter:label1\" content=\"Dur\u00e9e de lecture estim\u00e9e\" \/>\n\t<meta name=\"twitter:data1\" content=\"2 minutes\" \/>\n<script type=\"application\/ld+json\" class=\"yoast-schema-graph\">{\"@context\":\"https:\/\/schema.org\",\"@graph\":[{\"@type\":\"WebPage\",\"@id\":\"https:\/\/www.ruggit.dk\/fr\/entretien-et-garantie\/\",\"url\":\"https:\/\/www.ruggit.dk\/fr\/entretien-et-garantie\/\",\"name\":\"Entretien et garantie - Ruggit\",\"isPartOf\":{\"@id\":\"https:\/\/www.ruggit.dk\/fr\/#website\"},\"datePublished\":\"2021-12-09T14:50:31+00:00\",\"dateModified\":\"2022-04-17T19:27:04+00:00\",\"breadcrumb\":{\"@id\":\"https:\/\/www.ruggit.dk\/fr\/entretien-et-garantie\/#breadcrumb\"},\"inLanguage\":\"fr-FR\",\"potentialAction\":[{\"@type\":\"ReadAction\",\"target\":[\"https:\/\/www.ruggit.dk\/fr\/entretien-et-garantie\/\"]}]},{\"@type\":\"BreadcrumbList\",\"@id\":\"https:\/\/www.ruggit.dk\/fr\/entretien-et-garantie\/#breadcrumb\",\"itemListElement\":[{\"@type\":\"ListItem\",\"position\":1,\"name\":\"Hjem\",\"item\":\"https:\/\/www.ruggit.dk\/fr\/\"},{\"@type\":\"ListItem\",\"position\":2,\"name\":\"Entretien et garantie\"}]},{\"@type\":\"WebSite\",\"@id\":\"https:\/\/www.ruggit.dk\/fr\/#website\",\"url\":\"https:\/\/www.ruggit.dk\/fr\/\",\"name\":\"Ruggit\",\"description\":\"Os der s\u00e6lger kuglet\u00e6pper\",\"publisher\":{\"@id\":\"https:\/\/www.ruggit.dk\/fr\/#organization\"},\"potentialAction\":[{\"@type\":\"SearchAction\",\"target\":{\"@type\":\"EntryPoint\",\"urlTemplate\":\"https:\/\/www.ruggit.dk\/fr\/?s={search_term_string}\"},\"query-input\":{\"@type\":\"PropertyValueSpecification\",\"valueRequired\":true,\"valueName\":\"search_term_string\"}}],\"inLanguage\":\"fr-FR\"},{\"@type\":\"Organization\",\"@id\":\"https:\/\/www.ruggit.dk\/fr\/#organization\",\"name\":\"Ruggit\",\"url\":\"https:\/\/www.ruggit.dk\/fr\/\",\"logo\":{\"@type\":\"ImageObject\",\"inLanguage\":\"fr-FR\",\"@id\":\"https:\/\/www.ruggit.dk\/fr\/#\/schema\/logo\/image\/\",\"url\":\"https:\/\/www.ruggit.dk\/wp-content\/uploads\/2021\/10\/cropped-logo-ruggit2.png\",\"contentUrl\":\"https:\/\/www.ruggit.dk\/wp-content\/uploads\/2021\/10\/cropped-logo-ruggit2.png\",\"width\":211,\"height\":80,\"caption\":\"Ruggit\"},\"image\":{\"@id\":\"https:\/\/www.ruggit.dk\/fr\/#\/schema\/logo\/image\/\"}}]}<\/script>\n<!-- \/ Yoast SEO plugin. -->","yoast_head_json":{"title":"Entretien et garantie - Ruggit","robots":{"index":"index","follow":"follow","max-snippet":"max-snippet:-1","max-image-preview":"max-image-preview:large","max-video-preview":"max-video-preview:-1"},"canonical":"https:\/\/www.ruggit.dk\/fr\/entretien-et-garantie\/","og_locale":"fr_FR","og_type":"article","og_title":"Entretien et garantie - Ruggit","og_description":"[vc_row css=\u00a0\u00bb.vc_custom_1639070575879{padding-top: 60px !important;padding-bottom: 60px !important;}\u00a0\u00bb][vc_column][vc_column_text] Entretien et garantie Nous sommes ravis de vous offrir une garantie de 2 ans, parce que nous faisons confiance \u00e0 nos fournisseurs et \u00e0 leur excellent travail. En effet gr\u00e2ce \u00e0 leur savoir faire, ils cr\u00e9ent des produits durables et solides que vous pourrez&hellip;","og_url":"https:\/\/www.ruggit.dk\/fr\/entretien-et-garantie\/","og_site_name":"Ruggit","article_modified_time":"2022-04-17T19:27:04+00:00","twitter_card":"summary_large_image","twitter_misc":{"Dur\u00e9e de lecture estim\u00e9e":"2 minutes"},"schema":{"@context":"https:\/\/schema.org","@graph":[{"@type":"WebPage","@id":"https:\/\/www.ruggit.dk\/fr\/entretien-et-garantie\/","url":"https:\/\/www.ruggit.dk\/fr\/entretien-et-garantie\/","name":"Entretien et garantie - Ruggit","isPartOf":{"@id":"https:\/\/www.ruggit.dk\/fr\/#website"},"datePublished":"2021-12-09T14:50:31+00:00","dateModified":"2022-04-17T19:27:04+00:00","breadcrumb":{"@id":"https:\/\/www.ruggit.dk\/fr\/entretien-et-garantie\/#breadcrumb"},"inLanguage":"fr-FR","potentialAction":[{"@type":"ReadAction","target":["https:\/\/www.ruggit.dk\/fr\/entretien-et-garantie\/"]}]},{"@type":"BreadcrumbList","@id":"https:\/\/www.ruggit.dk\/fr\/entretien-et-garantie\/#breadcrumb","itemListElement":[{"@type":"ListItem","position":1,"name":"Hjem","item":"https:\/\/www.ruggit.dk\/fr\/"},{"@type":"ListItem","position":2,"name":"Entretien et garantie"}]},{"@type":"WebSite","@id":"https:\/\/www.ruggit.dk\/fr\/#website","url":"https:\/\/www.ruggit.dk\/fr\/","name":"Ruggit","description":"Os der s\u00e6lger kuglet\u00e6pper","publisher":{"@id":"https:\/\/www.ruggit.dk\/fr\/#organization"},"potentialAction":[{"@type":"SearchAction","target":{"@type":"EntryPoint","urlTemplate":"https:\/\/www.ruggit.dk\/fr\/?s={search_term_string}"},"query-input":{"@type":"PropertyValueSpecification","valueRequired":true,"valueName":"search_term_string"}}],"inLanguage":"fr-FR"},{"@type":"Organization","@id":"https:\/\/www.ruggit.dk\/fr\/#organization","name":"Ruggit","url":"https:\/\/www.ruggit.dk\/fr\/","logo":{"@type":"ImageObject","inLanguage":"fr-FR","@id":"https:\/\/www.ruggit.dk\/fr\/#\/schema\/logo\/image\/","url":"https:\/\/www.ruggit.dk\/wp-content\/uploads\/2021\/10\/cropped-logo-ruggit2.png","contentUrl":"https:\/\/www.ruggit.dk\/wp-content\/uploads\/2021\/10\/cropped-logo-ruggit2.png","width":211,"height":80,"caption":"Ruggit"},"image":{"@id":"https:\/\/www.ruggit.dk\/fr\/#\/schema\/logo\/image\/"}}]}},"_links":{"self":[{"href":"https:\/\/www.ruggit.dk\/fr\/wp-json\/wp\/v2\/pages\/5175","targetHints":{"allow":["GET"]}}],"collection":[{"href":"https:\/\/www.ruggit.dk\/fr\/wp-json\/wp\/v2\/pages"}],"about":[{"href":"https:\/\/www.ruggit.dk\/fr\/wp-json\/wp\/v2\/types\/page"}],"author":[{"embeddable":true,"href":"https:\/\/www.ruggit.dk\/fr\/wp-json\/wp\/v2\/users\/1"}],"replies":[{"embeddable":true,"href":"https:\/\/www.ruggit.dk\/fr\/wp-json\/wp\/v2\/comments?post=5175"}],"version-history":[{"count":2,"href":"https:\/\/www.ruggit.dk\/fr\/wp-json\/wp\/v2\/pages\/5175\/revisions"}],"predecessor-version":[{"id":5177,"href":"https:\/\/www.ruggit.dk\/fr\/wp-json\/wp\/v2\/pages\/5175\/revisions\/5177"}],"wp:attachment":[{"href":"https:\/\/www.ruggit.dk\/fr\/wp-json\/wp\/v2\/media?parent=5175"}],"curies":[{"name":"wp","href":"https:\/\/api.w.org\/{rel}","templated":true}]}}