{"id":5705,"date":"2021-10-05T13:33:08","date_gmt":"2021-10-05T11:33:08","guid":{"rendered":"https:\/\/www.ruggit.dk\/vare\/himal-kugletaeppe\/"},"modified":"2022-04-17T17:14:41","modified_gmt":"2022-04-17T15:14:41","slug":"himal-kugletaeppe","status":"publish","type":"product","link":"https:\/\/www.ruggit.dk\/fr\/shop\/tapis-de-boules\/himal-kugletaeppe\/","title":{"rendered":"Himal Tapis de boules"},"content":{"rendered":"<section class=\"wpb-content-wrapper\">[vc_row][vc_column width=\u00a0\u00bb1\/4&Prime; animation=\u00a0\u00bbanimation bottom-to-top\u00a0\u00bb]\t<div class=\"et-image-329 et-image aligncenter   medium-shadow et_image_link\">\n\t\t<div class=\"et-image-inner \">\n\t\t\t\t\t\t\t<div class=\"et-image-thumb \">\n\t\t\t\t\t<img loading=\"lazy\" decoding=\"async\" class=\"\" src=\"https:\/\/www.ruggit.dk\/wp-content\/uploads\/2021\/10\/2-Wool-unpacked-418x200.jpg\" width=\"418\" height=\"200\" alt=\"product declaration\" title=\"2 Wool unpacked\" \/>\t\t\t\t<\/div>\n\t\t\t\t\t\t\t\t\t\t\t<\/div>\n\t<\/div>\n  [vc_empty_space height=\u00a0\u00bb20px\u00a0\u00bb][vc_column_text]\n<h4 style=\"text-align: center;\">Laine m\u00e9rinos<\/h4>\n<p style=\"text-align: center;\">Laine vierge 100%. Un produit naturel qui ne cause pas d&rsquo;irritations ou d\u2019inconfort. Le produit peut contenir des restes d&rsquo;herbe s\u00e9ch\u00e9e.<\/p>\n[\/vc_column_text][\/vc_column][vc_column width=\u00a0\u00bb1\/4&Prime; animation=\u00a0\u00bbanimation bottom-to-top\u00a0\u00bb]\t<div class=\"et-image-651 et-image aligncenter full  medium-shadow et_image_link\">\n\t\t<div class=\"et-image-inner \">\n\t\t\t\t\t\t\t<div class=\"et-image-thumb \">\n\t\t\t\t\t<img loading=\"lazy\" decoding=\"async\" class=\"\" src=\"https:\/\/www.ruggit.dk\/wp-content\/uploads\/2021\/10\/products-declaration-2-418x200.png\" width=\"418\" height=\"200\" alt=\"product declaration\" title=\"products-declaration-2\" \/>\t\t\t\t<\/div>\n\t\t\t\t\t\t\t\t\t\t\t<\/div>\n\t<\/div>\n  [vc_empty_space height=\u00a0\u00bb20px\u00a0\u00bb][vc_column_text]\n<h4 style=\"text-align: center;\">Produits naturels<\/h4>\n<p style=\"text-align: center;\">Le produit ne contient pas de toxines ou d\u2019allerg\u00e8nes. Il ne contient aucun compos\u00e9 azo\u00efque. Il s\u2019agit d\u2019un produit naturel, sain et sans danger.<\/p>\n[\/vc_column_text][\/vc_column][vc_column width=\u00a0\u00bb1\/4&Prime; animation=\u00a0\u00bbanimation bottom-to-top\u00a0\u00bb]\t<div class=\"et-image-582 et-image aligncenter   medium-shadow et_image_link\">\n\t\t<div class=\"et-image-inner \">\n\t\t\t\t\t\t\t<div class=\"et-image-thumb \">\n\t\t\t\t\t<img loading=\"lazy\" decoding=\"async\" class=\"\" src=\"https:\/\/www.ruggit.dk\/wp-content\/uploads\/2021\/10\/products-declaration-3-418x200.png\" width=\"418\" height=\"200\" alt=\"product declaration\" title=\"products-declaration-3\" \/>\t\t\t\t<\/div>\n\t\t\t\t\t\t\t\t\t\t\t<\/div>\n\t<\/div>\n  [vc_empty_space height=\u00a0\u00bb20px\u00a0\u00bb][vc_column_text]\n<h4 style=\"text-align: center;\">Robuste<\/h4>\n<p style=\"text-align: center;\">Les boules de feutre sont cousues ensemble avec un fil de nylon de 2 mm, ce qui rend le produit durable et solide.<\/p>\n[\/vc_column_text][\/vc_column][vc_column width=\u00a0\u00bb1\/4&Prime;]\t<div class=\"et-image-297 et-image aligncenter   medium-shadow et_image_link\">\n\t\t<div class=\"et-image-inner \">\n\t\t\t\t\t\t\t<div class=\"et-image-thumb \">\n\t\t\t\t\t<img loading=\"lazy\" decoding=\"async\" class=\"\" src=\"https:\/\/www.ruggit.dk\/wp-content\/uploads\/2021\/10\/products-declaration-4-418x200.png\" width=\"418\" height=\"200\" alt=\"product declaration\" title=\"products-declaration-4\" \/>\t\t\t\t<\/div>\n\t\t\t\t\t\t\t\t\t\t\t<\/div>\n\t<\/div>\n  [vc_empty_space height=\u00a0\u00bb20px\u00a0\u00bb][vc_column_text]\n<h4 style=\"text-align: center;\">Haute qualit\u00e9<\/h4>\n<p style=\"text-align: center;\">Les boules de feutres cousues ensemble p\u00e8sent environ 5,5 kg\/m\u00b2. Les boules conservent leur forme et sont tr\u00e8s r\u00e9sistantes.<\/p>\n[\/vc_column_text][\/vc_column][\/vc_row]\n<\/section>","protected":false},"excerpt":{"rendered":"<p>Himal est le mot n\u00e9palais pour montagne et le nom de cet \u00e9l\u00e9gant tapis en boules de feutre. Avec de douces nuances de gris qui \u00e9voquent \u00e0 l&rsquo;esprit les jours froids de l&rsquo;Himalaya.<\/p>\n","protected":false},"featured_media":4424,"template":"","meta":[],"product_brand":[],"product_cat":[119],"product_tag":[],"class_list":{"0":"post-5705","1":"product","2":"type-product","3":"status-publish","4":"has-post-thumbnail","6":"product_cat-tapis-de-boules","8":"first","9":"instock","10":"sale","11":"taxable","12":"shipping-taxable","13":"purchasable","14":"product-type-variable","15":"has-default-attributes"},"yoast_head":"<!-- This site is optimized with the Yoast SEO plugin v26.2 - https:\/\/yoast.com\/wordpress\/plugins\/seo\/ -->\n<title>Himal Tapis de boules - Ruggit<\/title>\n<meta name=\"robots\" content=\"index, follow, max-snippet:-1, max-image-preview:large, max-video-preview:-1\" \/>\n<link rel=\"canonical\" href=\"https:\/\/www.ruggit.dk\/fr\/shop\/tapis-de-boules\/himal-kugletaeppe\/\" \/>\n<meta property=\"og:locale\" content=\"fr_FR\" \/>\n<meta property=\"og:type\" content=\"article\" \/>\n<meta property=\"og:title\" content=\"Himal Tapis de boules - Ruggit\" \/>\n<meta property=\"og:description\" content=\"Himal est le mot n\u00e9palais pour montagne et le nom de cet \u00e9l\u00e9gant tapis en boules de feutre. Avec de douces nuances de gris qui \u00e9voquent \u00e0 l&#039;esprit les jours froids de l&#039;Himalaya.\" \/>\n<meta property=\"og:url\" content=\"https:\/\/www.ruggit.dk\/fr\/shop\/tapis-de-boules\/himal-kugletaeppe\/\" \/>\n<meta property=\"og:site_name\" content=\"Ruggit\" \/>\n<meta property=\"article:modified_time\" content=\"2022-04-17T15:14:41+00:00\" \/>\n<meta property=\"og:image\" content=\"https:\/\/www.ruggit.dk\/wp-content\/uploads\/2021\/10\/kugletaeppe-himal-min.jpg\" \/>\n\t<meta property=\"og:image:width\" content=\"1122\" \/>\n\t<meta property=\"og:image:height\" content=\"1122\" \/>\n\t<meta property=\"og:image:type\" content=\"image\/jpeg\" \/>\n<meta name=\"twitter:card\" content=\"summary_large_image\" \/>\n<meta name=\"twitter:label1\" content=\"Dur\u00e9e de lecture estim\u00e9e\" \/>\n\t<meta name=\"twitter:data1\" content=\"1 minute\" \/>\n<script type=\"application\/ld+json\" class=\"yoast-schema-graph\">{\"@context\":\"https:\/\/schema.org\",\"@graph\":[{\"@type\":\"WebPage\",\"@id\":\"https:\/\/www.ruggit.dk\/fr\/shop\/tapis-de-boules\/himal-kugletaeppe\/\",\"url\":\"https:\/\/www.ruggit.dk\/fr\/shop\/tapis-de-boules\/himal-kugletaeppe\/\",\"name\":\"Himal Tapis de boules - Ruggit\",\"isPartOf\":{\"@id\":\"https:\/\/www.ruggit.dk\/fr\/#website\"},\"primaryImageOfPage\":{\"@id\":\"https:\/\/www.ruggit.dk\/fr\/shop\/tapis-de-boules\/himal-kugletaeppe\/#primaryimage\"},\"image\":{\"@id\":\"https:\/\/www.ruggit.dk\/fr\/shop\/tapis-de-boules\/himal-kugletaeppe\/#primaryimage\"},\"thumbnailUrl\":\"https:\/\/www.ruggit.dk\/wp-content\/uploads\/2021\/10\/kugletaeppe-himal-min.jpg\",\"datePublished\":\"2021-10-05T11:33:08+00:00\",\"dateModified\":\"2022-04-17T15:14:41+00:00\",\"breadcrumb\":{\"@id\":\"https:\/\/www.ruggit.dk\/fr\/shop\/tapis-de-boules\/himal-kugletaeppe\/#breadcrumb\"},\"inLanguage\":\"fr-FR\",\"potentialAction\":[{\"@type\":\"ReadAction\",\"target\":[\"https:\/\/www.ruggit.dk\/fr\/shop\/tapis-de-boules\/himal-kugletaeppe\/\"]}]},{\"@type\":\"ImageObject\",\"inLanguage\":\"fr-FR\",\"@id\":\"https:\/\/www.ruggit.dk\/fr\/shop\/tapis-de-boules\/himal-kugletaeppe\/#primaryimage\",\"url\":\"https:\/\/www.ruggit.dk\/wp-content\/uploads\/2021\/10\/kugletaeppe-himal-min.jpg\",\"contentUrl\":\"https:\/\/www.ruggit.dk\/wp-content\/uploads\/2021\/10\/kugletaeppe-himal-min.jpg\",\"width\":1122,\"height\":1122,\"caption\":\"gr\u00e5 og hvid kuglet\u00e6ppet\"},{\"@type\":\"BreadcrumbList\",\"@id\":\"https:\/\/www.ruggit.dk\/fr\/shop\/tapis-de-boules\/himal-kugletaeppe\/#breadcrumb\",\"itemListElement\":[{\"@type\":\"ListItem\",\"position\":1,\"name\":\"Hjem\",\"item\":\"https:\/\/www.ruggit.dk\/fr\/\"},{\"@type\":\"ListItem\",\"position\":2,\"name\":\"Boutique\",\"item\":\"https:\/\/www.ruggit.dk\/fr\/boutique\/\"},{\"@type\":\"ListItem\",\"position\":3,\"name\":\"Himal Tapis de boules\"}]},{\"@type\":\"WebSite\",\"@id\":\"https:\/\/www.ruggit.dk\/fr\/#website\",\"url\":\"https:\/\/www.ruggit.dk\/fr\/\",\"name\":\"Ruggit\",\"description\":\"Os der s\u00e6lger kuglet\u00e6pper\",\"publisher\":{\"@id\":\"https:\/\/www.ruggit.dk\/fr\/#organization\"},\"potentialAction\":[{\"@type\":\"SearchAction\",\"target\":{\"@type\":\"EntryPoint\",\"urlTemplate\":\"https:\/\/www.ruggit.dk\/fr\/?s={search_term_string}\"},\"query-input\":{\"@type\":\"PropertyValueSpecification\",\"valueRequired\":true,\"valueName\":\"search_term_string\"}}],\"inLanguage\":\"fr-FR\"},{\"@type\":\"Organization\",\"@id\":\"https:\/\/www.ruggit.dk\/fr\/#organization\",\"name\":\"Ruggit\",\"url\":\"https:\/\/www.ruggit.dk\/fr\/\",\"logo\":{\"@type\":\"ImageObject\",\"inLanguage\":\"fr-FR\",\"@id\":\"https:\/\/www.ruggit.dk\/fr\/#\/schema\/logo\/image\/\",\"url\":\"https:\/\/www.ruggit.dk\/wp-content\/uploads\/2021\/10\/cropped-logo-ruggit2.png\",\"contentUrl\":\"https:\/\/www.ruggit.dk\/wp-content\/uploads\/2021\/10\/cropped-logo-ruggit2.png\",\"width\":211,\"height\":80,\"caption\":\"Ruggit\"},\"image\":{\"@id\":\"https:\/\/www.ruggit.dk\/fr\/#\/schema\/logo\/image\/\"}}]}<\/script>\n<!-- \/ Yoast SEO plugin. -->","yoast_head_json":{"title":"Himal Tapis de boules - Ruggit","robots":{"index":"index","follow":"follow","max-snippet":"max-snippet:-1","max-image-preview":"max-image-preview:large","max-video-preview":"max-video-preview:-1"},"canonical":"https:\/\/www.ruggit.dk\/fr\/shop\/tapis-de-boules\/himal-kugletaeppe\/","og_locale":"fr_FR","og_type":"article","og_title":"Himal Tapis de boules - Ruggit","og_description":"Himal est le mot n\u00e9palais pour montagne et le nom de cet \u00e9l\u00e9gant tapis en boules de feutre. Avec de douces nuances de gris qui \u00e9voquent \u00e0 l'esprit les jours froids de l'Himalaya.","og_url":"https:\/\/www.ruggit.dk\/fr\/shop\/tapis-de-boules\/himal-kugletaeppe\/","og_site_name":"Ruggit","article_modified_time":"2022-04-17T15:14:41+00:00","og_image":[{"width":1122,"height":1122,"url":"https:\/\/www.ruggit.dk\/wp-content\/uploads\/2021\/10\/kugletaeppe-himal-min.jpg","type":"image\/jpeg"}],"twitter_card":"summary_large_image","twitter_misc":{"Dur\u00e9e de lecture estim\u00e9e":"1 minute"},"schema":{"@context":"https:\/\/schema.org","@graph":[{"@type":"WebPage","@id":"https:\/\/www.ruggit.dk\/fr\/shop\/tapis-de-boules\/himal-kugletaeppe\/","url":"https:\/\/www.ruggit.dk\/fr\/shop\/tapis-de-boules\/himal-kugletaeppe\/","name":"Himal Tapis de boules - Ruggit","isPartOf":{"@id":"https:\/\/www.ruggit.dk\/fr\/#website"},"primaryImageOfPage":{"@id":"https:\/\/www.ruggit.dk\/fr\/shop\/tapis-de-boules\/himal-kugletaeppe\/#primaryimage"},"image":{"@id":"https:\/\/www.ruggit.dk\/fr\/shop\/tapis-de-boules\/himal-kugletaeppe\/#primaryimage"},"thumbnailUrl":"https:\/\/www.ruggit.dk\/wp-content\/uploads\/2021\/10\/kugletaeppe-himal-min.jpg","datePublished":"2021-10-05T11:33:08+00:00","dateModified":"2022-04-17T15:14:41+00:00","breadcrumb":{"@id":"https:\/\/www.ruggit.dk\/fr\/shop\/tapis-de-boules\/himal-kugletaeppe\/#breadcrumb"},"inLanguage":"fr-FR","potentialAction":[{"@type":"ReadAction","target":["https:\/\/www.ruggit.dk\/fr\/shop\/tapis-de-boules\/himal-kugletaeppe\/"]}]},{"@type":"ImageObject","inLanguage":"fr-FR","@id":"https:\/\/www.ruggit.dk\/fr\/shop\/tapis-de-boules\/himal-kugletaeppe\/#primaryimage","url":"https:\/\/www.ruggit.dk\/wp-content\/uploads\/2021\/10\/kugletaeppe-himal-min.jpg","contentUrl":"https:\/\/www.ruggit.dk\/wp-content\/uploads\/2021\/10\/kugletaeppe-himal-min.jpg","width":1122,"height":1122,"caption":"gr\u00e5 og hvid kuglet\u00e6ppet"},{"@type":"BreadcrumbList","@id":"https:\/\/www.ruggit.dk\/fr\/shop\/tapis-de-boules\/himal-kugletaeppe\/#breadcrumb","itemListElement":[{"@type":"ListItem","position":1,"name":"Hjem","item":"https:\/\/www.ruggit.dk\/fr\/"},{"@type":"ListItem","position":2,"name":"Boutique","item":"https:\/\/www.ruggit.dk\/fr\/boutique\/"},{"@type":"ListItem","position":3,"name":"Himal Tapis de boules"}]},{"@type":"WebSite","@id":"https:\/\/www.ruggit.dk\/fr\/#website","url":"https:\/\/www.ruggit.dk\/fr\/","name":"Ruggit","description":"Os der s\u00e6lger kuglet\u00e6pper","publisher":{"@id":"https:\/\/www.ruggit.dk\/fr\/#organization"},"potentialAction":[{"@type":"SearchAction","target":{"@type":"EntryPoint","urlTemplate":"https:\/\/www.ruggit.dk\/fr\/?s={search_term_string}"},"query-input":{"@type":"PropertyValueSpecification","valueRequired":true,"valueName":"search_term_string"}}],"inLanguage":"fr-FR"},{"@type":"Organization","@id":"https:\/\/www.ruggit.dk\/fr\/#organization","name":"Ruggit","url":"https:\/\/www.ruggit.dk\/fr\/","logo":{"@type":"ImageObject","inLanguage":"fr-FR","@id":"https:\/\/www.ruggit.dk\/fr\/#\/schema\/logo\/image\/","url":"https:\/\/www.ruggit.dk\/wp-content\/uploads\/2021\/10\/cropped-logo-ruggit2.png","contentUrl":"https:\/\/www.ruggit.dk\/wp-content\/uploads\/2021\/10\/cropped-logo-ruggit2.png","width":211,"height":80,"caption":"Ruggit"},"image":{"@id":"https:\/\/www.ruggit.dk\/fr\/#\/schema\/logo\/image\/"}}]}},"_links":{"self":[{"href":"https:\/\/www.ruggit.dk\/fr\/wp-json\/wp\/v2\/product\/5705","targetHints":{"allow":["GET"]}}],"collection":[{"href":"https:\/\/www.ruggit.dk\/fr\/wp-json\/wp\/v2\/product"}],"about":[{"href":"https:\/\/www.ruggit.dk\/fr\/wp-json\/wp\/v2\/types\/product"}],"wp:featuredmedia":[{"embeddable":true,"href":"https:\/\/www.ruggit.dk\/fr\/wp-json\/wp\/v2\/media\/4424"}],"wp:attachment":[{"href":"https:\/\/www.ruggit.dk\/fr\/wp-json\/wp\/v2\/media?parent=5705"}],"wp:term":[{"taxonomy":"product_brand","embeddable":true,"href":"https:\/\/www.ruggit.dk\/fr\/wp-json\/wp\/v2\/product_brand?post=5705"},{"taxonomy":"product_cat","embeddable":true,"href":"https:\/\/www.ruggit.dk\/fr\/wp-json\/wp\/v2\/product_cat?post=5705"},{"taxonomy":"product_tag","embeddable":true,"href":"https:\/\/www.ruggit.dk\/fr\/wp-json\/wp\/v2\/product_tag?post=5705"}],"curies":[{"name":"wp","href":"https:\/\/api.w.org\/{rel}","templated":true}]}}