{"id":5129,"date":"2019-04-12T03:24:27","date_gmt":"2019-04-12T01:24:27","guid":{"rendered":"https:\/\/www.ruggit.dk\/voorpagina\/"},"modified":"2022-05-14T14:46:24","modified_gmt":"2022-05-14T12:46:24","slug":"voorpagina","status":"publish","type":"page","link":"https:\/\/www.ruggit.dk\/nl\/","title":{"rendered":"voorpagina"},"content":{"rendered":"<section class=\"wpb-content-wrapper\">[vc_row et_full_width=&#8221;true&#8221; et_row_padding=&#8221;true&#8221; et_column_align=&#8221;align-center&#8221; equal_height=&#8221;yes&#8221; rtl_reverse=&#8221;yes&#8221; content_placement=&#8221;bottom&#8221; css=&#8221;.vc_custom_1638996825083{margin-bottom: 30px !important;}&#8221;][vc_column width=&#8221;4\/12&#8243; css=&#8221;.vc_custom_1639126260854{padding-right: 10% !important;padding-bottom: 10% !important;padding-left: 10% !important;background-color: #d6dde3 !important;}&#8221;][vc_column_text]\n<p class=\"fancy-title accent-color\"><strong>handgemaakt<\/strong><\/p>\n<h1>Ballenkleden uit Nepal van de hoogste kwaliteit!<\/h1>\n[\/vc_column_text]\t\t<div id=\"et-button-6a00183fa9272\" class=\"et_btn_align_left \">\n\t\t\t<a href=\"https:\/\/www.ruggit.dk\/nl\/product-categorie\/bolletjeskleed\/\" class=\" et_btn button et_btn_sm solid color-custom   \"  role=\"button\" title=\"bolletjeskleed\" ><span>Zie selectie<\/span><\/a>\n\t\t<\/div>\n\t\t\n\t[\/vc_column][vc_column width=&#8221;8\/12&#8243;]<div id=\"et-banner-slider-6a00183fa937b\" class=\"et-banner-slider slick slick-slider slick-controls-gray slick-dots-inside\" data-adaptive-height=\"true\" data-navigation=\"true\" data-pagination=\"true\" data-autoplay=\"true\" data-autoplay-speed=\"10000\" data-infinite=\"true\" data-pause=\"true\" data-columns=\"1\" >\r\n\t\t<div class=\"et-banner-6a00183fa9488 et-banner content-full  image-type-fluid text-color-light hover-effect  \"><img loading=\"lazy\" decoding=\"async\" width=\"1600\" height=\"899\" src=\"https:\/\/www.ruggit.dk\/wp-content\/uploads\/2021\/12\/kugletaeppe-forside-multicolour-min-1.jpg\" class=\"et-banner-main-image\" alt=\"kuglet\u00e6ppe i lejlighed\" sizes=\"auto, (max-width: 1600px) 100vw, 1600px\" srcset=\"https:\/\/www.ruggit.dk\/wp-content\/uploads\/2021\/12\/kugletaeppe-forside-multicolour-min-1.jpg 1600w, https:\/\/www.ruggit.dk\/wp-content\/uploads\/2021\/12\/kugletaeppe-forside-multicolour-min-1-900x506.jpg 900w, https:\/\/www.ruggit.dk\/wp-content\/uploads\/2021\/12\/kugletaeppe-forside-multicolour-min-1-300x169.jpg 300w, https:\/\/www.ruggit.dk\/wp-content\/uploads\/2021\/12\/kugletaeppe-forside-multicolour-min-1-1024x575.jpg 1024w, https:\/\/www.ruggit.dk\/wp-content\/uploads\/2021\/12\/kugletaeppe-forside-multicolour-min-1-768x432.jpg 768w, https:\/\/www.ruggit.dk\/wp-content\/uploads\/2021\/12\/kugletaeppe-forside-multicolour-min-1-1536x863.jpg 1536w, https:\/\/www.ruggit.dk\/wp-content\/uploads\/2021\/12\/kugletaeppe-forside-multicolour-min-1-150x84.jpg 150w\" \/>\r\n\t\t<\/div>\r\n\t\t<div class=\"et-banner-6a00183fa9b87 et-banner content-full  image-type-fluid text-color-dark hover-effect  \"><img loading=\"lazy\" decoding=\"async\" width=\"1500\" height=\"844\" src=\"https:\/\/www.ruggit.dk\/wp-content\/uploads\/2021\/12\/kugletaeppe-forside-nilo-min.jpg\" class=\"et-banner-main-image\" alt=\"bl\u00e5t kuglet\u00e6ppe i lejlighed\" sizes=\"auto, (max-width: 1500px) 100vw, 1500px\" srcset=\"https:\/\/www.ruggit.dk\/wp-content\/uploads\/2021\/12\/kugletaeppe-forside-nilo-min.jpg 1500w, https:\/\/www.ruggit.dk\/wp-content\/uploads\/2021\/12\/kugletaeppe-forside-nilo-min-900x506.jpg 900w, https:\/\/www.ruggit.dk\/wp-content\/uploads\/2021\/12\/kugletaeppe-forside-nilo-min-300x169.jpg 300w, https:\/\/www.ruggit.dk\/wp-content\/uploads\/2021\/12\/kugletaeppe-forside-nilo-min-1024x576.jpg 1024w, https:\/\/www.ruggit.dk\/wp-content\/uploads\/2021\/12\/kugletaeppe-forside-nilo-min-768x432.jpg 768w, https:\/\/www.ruggit.dk\/wp-content\/uploads\/2021\/12\/kugletaeppe-forside-nilo-min-150x84.jpg 150w\" \/>\r\n\t\t<\/div>\r\n\t\t<div class=\"et-banner-6a00183faa14b et-banner content-full  image-type-fluid text-color-dark hover-effect  \"><img loading=\"lazy\" decoding=\"async\" width=\"1500\" height=\"844\" src=\"https:\/\/www.ruggit.dk\/wp-content\/uploads\/2021\/12\/kugletaeppe-forside-himal-pahelo-min.jpg\" class=\"et-banner-main-image\" alt=\"kuglet\u00e6ppe i lejlighed\" sizes=\"auto, (max-width: 1500px) 100vw, 1500px\" srcset=\"https:\/\/www.ruggit.dk\/wp-content\/uploads\/2021\/12\/kugletaeppe-forside-himal-pahelo-min.jpg 1500w, https:\/\/www.ruggit.dk\/wp-content\/uploads\/2021\/12\/kugletaeppe-forside-himal-pahelo-min-900x506.jpg 900w, https:\/\/www.ruggit.dk\/wp-content\/uploads\/2021\/12\/kugletaeppe-forside-himal-pahelo-min-300x169.jpg 300w, https:\/\/www.ruggit.dk\/wp-content\/uploads\/2021\/12\/kugletaeppe-forside-himal-pahelo-min-1024x576.jpg 1024w, https:\/\/www.ruggit.dk\/wp-content\/uploads\/2021\/12\/kugletaeppe-forside-himal-pahelo-min-768x432.jpg 768w, https:\/\/www.ruggit.dk\/wp-content\/uploads\/2021\/12\/kugletaeppe-forside-himal-pahelo-min-150x84.jpg 150w\" \/>\r\n\t\t<\/div><\/div>[\/vc_column][\/vc_row][vc_row css=&#8221;.vc_custom_1639079654015{padding-top: 40px !important;padding-bottom: 80px !important;}&#8221;][vc_column][vc_row_inner et_column_align=&#8221;align-center&#8221;][vc_column_inner width=&#8221;2\/3&#8243;][vc_column_text]\n<div class=\"wpb_text_column wpb_content_element \">\n<div class=\"wpb_wrapper\">\n<h2 style=\"text-align: center;\">Producten<\/h2>\n<p style=\"text-align: center;\">23 mooie bolletjeskleden tegen goede prijzen Wij hebben een ruime keuze aan exclusieve en unieke bolletjeskleden tegen de beste prijzen. Vanaf 136, &#8211; met GRATIS VERZENDING en levering binnen 1-3 werkdagen!<\/p>\n<\/div>\n<\/div>\n[\/vc_column_text][\/vc_column_inner][\/vc_row_inner][vc_row_inner et_max_width=&#8221;&#8221;][vc_column_inner width=&#8221;1\/4&#8243; animation=&#8221;animation top-to-bottom&#8221;]\t<div class=\"et-image-903 et-image aligncenter    et_image_link\">\n\t\t<div class=\"et-image-inner \">\n\t\t\t\t\t\t\t<a  href=\"https:\/\/www.ruggit.dk\/nl\/product-categorie\/bolletjeskleed\/\" target=\"_self\"  title=\"\">\n\t\t\t\t\t\t\t<div class=\"et-image-thumb \">\n\t\t\t\t\t<img loading=\"lazy\" decoding=\"async\" width=\"900\" height=\"900\" src=\"https:\/\/www.ruggit.dk\/wp-content\/uploads\/2021\/12\/kugletaeppe-min.jpg\" class=\"attachment-large\" alt=\"kuglet\u00e6ppe i lejlighed\" title=\"kuglet\u00e6ppe-min\" srcset=\"https:\/\/www.ruggit.dk\/wp-content\/uploads\/2021\/12\/kugletaeppe-min.jpg 900w, https:\/\/www.ruggit.dk\/wp-content\/uploads\/2021\/12\/kugletaeppe-min-450x450.jpg 450w, https:\/\/www.ruggit.dk\/wp-content\/uploads\/2021\/12\/kugletaeppe-min-100x100.jpg 100w\" sizes=\"auto, (max-width: 900px) 100vw, 900px\" \/>\t\t\t\t<\/div>\n\t\t\t\t\t\t\t<\/a>\n\t\t\t\t\t\t\t\t\t\t\t<\/div>\n\t<\/div>\n  [vc_empty_space height=&#8221;20px&#8221;][vc_column_text el_class=&#8221;preline&#8221; css=&#8221;.vc_custom_1638995614008{margin-bottom: 0px !important;}&#8221;]\n<h4>Bolletjeskleden<\/h4>\n[\/vc_column_text][\/vc_column_inner][vc_column_inner width=&#8221;1\/4&#8243; animation=&#8221;animation bottom-to-top&#8221; css=&#8221;.vc_custom_1579723187225{margin-top: 60px !important;}&#8221;]\t<div class=\"et-image-302 et-image aligncenter    et_image_link\">\n\t\t<div class=\"et-image-inner \">\n\t\t\t\t\t\t\t<a  href=\"https:\/\/www.ruggit.dk\/nl\/product-categorie\/onderleggers-20-cm\/\" target=\"_self\"  title=\"\">\n\t\t\t\t\t\t\t<div class=\"et-image-thumb \">\n\t\t\t\t\t<img loading=\"lazy\" decoding=\"async\" width=\"900\" height=\"900\" src=\"https:\/\/www.ruggit.dk\/wp-content\/uploads\/2021\/12\/Bordskaaner.jpg\" class=\"attachment-large\" alt=\"coasters i forskellige farver\" title=\"Onderleggers\" srcset=\"https:\/\/www.ruggit.dk\/wp-content\/uploads\/2021\/12\/Bordskaaner.jpg 900w, https:\/\/www.ruggit.dk\/wp-content\/uploads\/2021\/12\/Bordskaaner-450x450.jpg 450w, https:\/\/www.ruggit.dk\/wp-content\/uploads\/2021\/12\/Bordskaaner-100x100.jpg 100w, https:\/\/www.ruggit.dk\/wp-content\/uploads\/2021\/12\/Bordskaaner-300x300.jpg 300w, https:\/\/www.ruggit.dk\/wp-content\/uploads\/2021\/12\/Bordskaaner-150x150.jpg 150w, https:\/\/www.ruggit.dk\/wp-content\/uploads\/2021\/12\/Bordskaaner-768x768.jpg 768w\" sizes=\"auto, (max-width: 900px) 100vw, 900px\" \/>\t\t\t\t<\/div>\n\t\t\t\t\t\t\t<\/a>\n\t\t\t\t\t\t\t\t\t\t\t<\/div>\n\t<\/div>\n  [vc_empty_space height=&#8221;20px&#8221;][vc_column_text el_class=&#8221;preline&#8221; css=&#8221;.vc_custom_1638995658946{margin-bottom: 0px !important;}&#8221;]\n<h4>Onderleggers<\/h4>\n[\/vc_column_text][\/vc_column_inner][vc_column_inner width=&#8221;1\/4&#8243; animation=&#8221;animation top-to-bottom&#8221;]\t<div class=\"et-image-847 et-image aligncenter    et_image_link\">\n\t\t<div class=\"et-image-inner \">\n\t\t\t\t\t\t\t<a  href=\"https:\/\/www.ruggit.dk\/nl\/product-categorie\/onderzetters\/\" target=\"_self\"  title=\"\">\n\t\t\t\t\t\t\t<div class=\"et-image-thumb \">\n\t\t\t\t\t<img loading=\"lazy\" decoding=\"async\" width=\"900\" height=\"900\" src=\"https:\/\/www.ruggit.dk\/wp-content\/uploads\/2021\/12\/coasters-min.jpg\" class=\"attachment-large\" alt=\"coasters i forskellige farver\" title=\"coasters-min\" srcset=\"https:\/\/www.ruggit.dk\/wp-content\/uploads\/2021\/12\/coasters-min.jpg 900w, https:\/\/www.ruggit.dk\/wp-content\/uploads\/2021\/12\/coasters-min-450x450.jpg 450w, https:\/\/www.ruggit.dk\/wp-content\/uploads\/2021\/12\/coasters-min-100x100.jpg 100w, https:\/\/www.ruggit.dk\/wp-content\/uploads\/2021\/12\/coasters-min-300x300.jpg 300w, https:\/\/www.ruggit.dk\/wp-content\/uploads\/2021\/12\/coasters-min-150x150.jpg 150w, https:\/\/www.ruggit.dk\/wp-content\/uploads\/2021\/12\/coasters-min-768x768.jpg 768w\" sizes=\"auto, (max-width: 900px) 100vw, 900px\" \/>\t\t\t\t<\/div>\n\t\t\t\t\t\t\t<\/a>\n\t\t\t\t\t\t\t\t\t\t\t<\/div>\n\t<\/div>\n  [vc_empty_space height=&#8221;20px&#8221;][vc_column_text el_class=&#8221;preline&#8221; css=&#8221;.vc_custom_1638995665113{margin-bottom: 0px !important;}&#8221;]\n<h4>Onderzetters<\/h4>\n[\/vc_column_text][\/vc_column_inner][vc_column_inner width=&#8221;1\/4&#8243; animation=&#8221;animation bottom-to-top&#8221; css=&#8221;.vc_custom_1579723212503{margin-top: 60px !important;}&#8221;]\t<div class=\"et-image-167 et-image aligncenter    et_image_link\">\n\t\t<div class=\"et-image-inner \">\n\t\t\t\t\t\t\t<a  href=\"https:\/\/www.ruggit.dk\/nl\/product-categorie\/stoelkussen\/\" target=\"_self\"  title=\"\">\n\t\t\t\t\t\t\t<div class=\"et-image-thumb \">\n\t\t\t\t\t<img loading=\"lazy\" decoding=\"async\" width=\"900\" height=\"900\" src=\"https:\/\/www.ruggit.dk\/wp-content\/uploads\/2021\/12\/stolehynde-min.jpg\" class=\"attachment-large\" alt=\"stolehynder med flotte farver\" title=\"stolehynde-min\" srcset=\"https:\/\/www.ruggit.dk\/wp-content\/uploads\/2021\/12\/stolehynde-min.jpg 900w, https:\/\/www.ruggit.dk\/wp-content\/uploads\/2021\/12\/stolehynde-min-450x450.jpg 450w, https:\/\/www.ruggit.dk\/wp-content\/uploads\/2021\/12\/stolehynde-min-100x100.jpg 100w, https:\/\/www.ruggit.dk\/wp-content\/uploads\/2021\/12\/stolehynde-min-300x300.jpg 300w, https:\/\/www.ruggit.dk\/wp-content\/uploads\/2021\/12\/stolehynde-min-150x150.jpg 150w, https:\/\/www.ruggit.dk\/wp-content\/uploads\/2021\/12\/stolehynde-min-768x768.jpg 768w\" sizes=\"auto, (max-width: 900px) 100vw, 900px\" \/>\t\t\t\t<\/div>\n\t\t\t\t\t\t\t<\/a>\n\t\t\t\t\t\t\t\t\t\t\t<\/div>\n\t<\/div>\n  [vc_empty_space height=&#8221;20px&#8221;][vc_column_text el_class=&#8221;preline&#8221; css=&#8221;.vc_custom_1638995672495{margin-bottom: 0px !important;}&#8221;]\n<h4>Stoelkussen<\/h4>\n[\/vc_column_text][\/vc_column_inner][\/vc_row_inner][\/vc_column][\/vc_row][vc_row et_full_width=&#8221;true&#8221; et_column_align=&#8221;align-center&#8221; css=&#8221;.vc_custom_1639079676684{padding-top: 60px !important;padding-bottom: 60px !important;background-color: #e2c1b2 !important;}&#8221;][vc_column][vc_row_inner et_column_align=&#8221;align-center&#8221;][vc_column_inner width=&#8221;1\/2&#8243; css=&#8221;.vc_custom_1638997718603{padding-top: 15px !important;}&#8221;][vc_column_text]\n<h2 style=\"text-align: center; color: white;\">Vilten producten van hoge kwaliteit<\/h2>\n[\/vc_column_text][\/vc_column_inner][\/vc_row_inner][vc_row_inner][vc_column_inner width=&#8221;1\/3&#8243; css=&#8221;.vc_custom_1638997683972{padding-top: 15px !important;padding-right: 15px !important;padding-left: 15px !important;}&#8221;][vc_single_image image=&#8221;4638&#8243; img_size=&#8221;full&#8221; alignment=&#8221;center&#8221; style=&#8221;vc_box_circle_2&#8243; css=&#8221;.vc_custom_1639044295048{padding-top: 10px !important;padding-right: 10px !important;padding-bottom: 10px !important;padding-left: 10px !important;}&#8221;][vc_column_text]\n<h4 style=\"text-align: center; color: white;\">100% handgemaakt<\/h4>\n<p class=\"details-info\" style=\"text-align: center; color: white;\">Al onze vilten producten zijn uniek en handgemaakt door Nepalese mannen en vrouwen.<\/p>\n[\/vc_column_text][\/vc_column_inner][vc_column_inner width=&#8221;1\/3&#8243; css=&#8221;.vc_custom_1638997700755{padding-top: 15px !important;padding-right: 15px !important;padding-left: 15px !important;}&#8221;][vc_single_image source=&#8221;external_link&#8221; external_img_size=&#8221;full&#8221; alignment=&#8221;center&#8221; external_style=&#8221;vc_box_circle&#8221; css=&#8221;.vc_custom_1639044288114{padding-top: 10px !important;padding-right: 10px !important;padding-bottom: 10px !important;padding-left: 10px !important;}&#8221; custom_src=&#8221;https:\/\/www.ruggit.dk\/wp-content\/uploads\/2021\/12\/holdbart.jpg&#8221;][vc_column_text]\n<h4 style=\"text-align: center; color: white;\">Duurzaam en lang houdbaar<\/h4>\n<p class=\"details-info\" style=\"text-align: center; color: white;\">We gebruiken nylon koord van 2mm., fijn vakmanschap en een woldichtheid van 5,2 kg\/m^2 om onze producten zeer duurzaam te maken.<\/p>\n[\/vc_column_text][\/vc_column_inner][vc_column_inner width=&#8221;1\/3&#8243; css=&#8221;.vc_custom_1638997705623{padding-top: 15px !important;padding-right: 15px !important;padding-left: 15px !important;}&#8221;][vc_single_image source=&#8221;external_link&#8221; external_img_size=&#8221;full&#8221; alignment=&#8221;center&#8221; external_style=&#8221;vc_box_circle&#8221; css=&#8221;.vc_custom_1639044276020{padding-top: 10px !important;padding-right: 10px !important;padding-bottom: 10px !important;padding-left: 10px !important;}&#8221; custom_src=&#8221;https:\/\/www.ruggit.dk\/wp-content\/uploads\/2021\/12\/NewZealand.jpg&#8221;][vc_column_text]\n<h4 style=\"text-align: center; color: white;\">Wol uit Nieuw-Zeeland<\/h4>\n<p class=\"details-info\" style=\"text-align: center; color: white;\">Al onze producten zijn gemaakt van 100% pure &#8220;scheerwol&#8221; van schapen uit Nieuw-Zeeland.<\/p>\n[\/vc_column_text][\/vc_column_inner][\/vc_row_inner][\/vc_column][\/vc_row][vc_row et_full_width=&#8221;true&#8221; et_row_padding=&#8221;true&#8221; equal_height=&#8221;yes&#8221; content_placement=&#8221;middle&#8221;][vc_column width=&#8221;7\/12&#8243;][vc_row_inner et_column_align=&#8221;align-right&#8221; equal_height=&#8221;yes&#8221; content_placement=&#8221;middle&#8221;][vc_column_inner offset=&#8221;vc_col-lg-10&#8243; css=&#8221;.vc_custom_1639045143627{padding-top: 50px !important;padding-bottom: 50px !important;}&#8221;][vc_column_text]\n<div class=\"wpb_text_column wpb_content_element \">\n<div class=\"wpb_wrapper\">\n<h2>Ontwerp uw eigen tapijt<\/h2>\n<div>\n<p>Ontwerp je eigen tapijt om het bij uw persoonlijke stijl en smaak te doen passen. Kies uit een waaier van verschillende maten en vormen &#8211; en meer dan 70 kleuren en tinten.<\/p>\n<p>Wij maken het voor u supermakkelijk en leuk om in contact te komen met uw innerlijke ontwerper.<\/p>\n<\/div>\n<\/div>\n<\/div>\n[\/vc_column_text]\t\t<div id=\"et-button-6a00183fad0aa\" class=\"et_btn_align_left \">\n\t\t\t<a href=\"https:\/\/www.ruggit.dk\/nl\/designer\/\" class=\" et_btn button et_btn_sm solid color-custom   \"  role=\"button\" title=\"designer\" ><span>Start de ontwerper<\/span><\/a>\n\t\t<\/div>\n\t\t\n\t[\/vc_column_inner][\/vc_row_inner][\/vc_column][vc_column width=&#8221;5\/12&#8243; offset=&#8221;vc_hidden-sm vc_hidden-xs&#8221;][vc_single_image image=&#8221;5010&#8243; img_size=&#8221;full&#8221; alignment=&#8221;right&#8221;][\/vc_column][\/vc_row][vc_row et_full_width=&#8221;true&#8221; et_row_padding=&#8221;true&#8221; css=&#8221;.vc_custom_1639044973943{background: #174a69 url(https:\/\/www.ruggit.dk\/wp-content\/uploads\/2021\/12\/kvinderne-i-nepal.jpg?id=4053) !important;}&#8221;][vc_column css=&#8221;.vc_custom_1639045097184{padding-top: 120px !important;padding-bottom: 120px !important;}&#8221;][vc_column_text]\n<h2 style=\"text-align: center; color: white;\">100% handgemaakt uit Nepal<\/h2>\n<p style=\"text-align: center; color: white;\"><span class=\"process-information\">Elke bolletjeskleed ondergaat een proces van 8 stappen en \u00e9\u00e9n persoon heeft ongeveer 30 uur nodig om \u00e9\u00e9n tapijt af te werken.<\/span><\/p>\n[\/vc_column_text]\t\t<div id=\"et-button-6a00183fad137\" class=\"et_btn_align_center \">\n\t\t\t<a href=\"https:\/\/www.ruggit.dk\/nl\/over-ruggit\/\" class=\" et_btn button et_btn_sm solid color-light  arrow-enabled \"  role=\"button\" title=\"\" ><span>Zie het proces<\/span><svg xmlns=\"http:\/\/www.w3.org\/2000\/svg\" xmlns:xlink=\"http:\/\/www.w3.org\/1999\/xlink\" x=\"0px\" y=\"0px\"\r\n\t width=\"30px\" height=\"18px\" viewBox=\"0 0 30 18\" enable-background=\"new 0 0 30 18\" xml:space=\"preserve\">\r\n<path class=\"handle\" d=\"M20.305,16.212c-0.407,0.409-0.407,1.071,0,1.479s1.068,0.408,1.476,0l7.914-7.952c0.408-0.409,0.408-1.071,0-1.481\r\n\tl-7.914-7.952c-0.407-0.409-1.068-0.409-1.476,0s-0.407,1.071,0,1.48l7.185,7.221L20.305,16.212z\"\/>\r\n<path class=\"bar\" fill-rule=\"evenodd\" clip-rule=\"evenodd\" d=\"M1,8h28.001c0.551,0,1,0.448,1,1c0,0.553-0.449,1-1,1H1c-0.553,0-1-0.447-1-1\r\n\tC0,8.448,0.447,8,1,8z\"\/>\r\n<\/svg>\r\n<\/a>\n\t\t<\/div>\n\t\t\n\t[\/vc_column][\/vc_row]\n<\/section>","protected":false},"excerpt":{"rendered":"<p>[vc_row et_full_width=&#8221;true&#8221; et_row_padding=&#8221;true&#8221; et_column_align=&#8221;align-center&#8221; equal_height=&#8221;yes&#8221; rtl_reverse=&#8221;yes&#8221; content_placement=&#8221;bottom&#8221; css=&#8221;.vc_custom_1638996825083{margin-bottom: 30px !important;}&#8221;][vc_column width=&#8221;4\/12&#8243; css=&#8221;.vc_custom_1639126260854{padding-right: 10% !important;padding-bottom: 10% !important;padding-left: 10% !important;background-color: #d6dde3 !important;}&#8221;][vc_column_text] handgemaakt Ballenkleden uit Nepal van de hoogste kwaliteit! [\/vc_column_text][\/vc_column][vc_column width=&#8221;8\/12&#8243;][\/vc_column][\/vc_row][vc_row css=&#8221;.vc_custom_1639079654015{padding-top: 40px !important;padding-bottom: 80px !important;}&#8221;][vc_column][vc_row_inner et_column_align=&#8221;align-center&#8221;][vc_column_inner width=&#8221;2\/3&#8243;][vc_column_text] Producten 23 mooie bolletjeskleden tegen goede prijzen Wij hebben een ruime keuze aan&hellip;<\/p>\n","protected":false},"author":1,"featured_media":0,"parent":0,"menu_order":0,"comment_status":"closed","ping_status":"closed","template":"","meta":{"footnotes":""},"class_list":["post-5129","page","type-page","status-publish","hentry"],"yoast_head":"<!-- This site is optimized with the Yoast SEO plugin v26.2 - https:\/\/yoast.com\/wordpress\/plugins\/seo\/ -->\n<title>voorpagina - Ruggit<\/title>\n<meta name=\"robots\" content=\"index, follow, max-snippet:-1, max-image-preview:large, max-video-preview:-1\" \/>\n<link rel=\"canonical\" href=\"https:\/\/www.ruggit.dk\/nl\/\" \/>\n<meta property=\"og:locale\" content=\"nl_NL\" \/>\n<meta property=\"og:type\" content=\"article\" \/>\n<meta property=\"og:title\" content=\"voorpagina - Ruggit\" \/>\n<meta property=\"og:description\" content=\"[vc_row et_full_width=&#8221;true&#8221; et_row_padding=&#8221;true&#8221; et_column_align=&#8221;align-center&#8221; equal_height=&#8221;yes&#8221; rtl_reverse=&#8221;yes&#8221; content_placement=&#8221;bottom&#8221; css=&#8221;.vc_custom_1638996825083{margin-bottom: 30px !important;}&#8221;][vc_column width=&#8221;4\/12&#8243; css=&#8221;.vc_custom_1639126260854{padding-right: 10% !important;padding-bottom: 10% !important;padding-left: 10% !important;background-color: #d6dde3 !important;}&#8221;][vc_column_text] handgemaakt Ballenkleden uit Nepal van de hoogste kwaliteit! [\/vc_column_text][\/vc_column][vc_column width=&#8221;8\/12&#8243;][\/vc_column][\/vc_row][vc_row css=&#8221;.vc_custom_1639079654015{padding-top: 40px !important;padding-bottom: 80px !important;}&#8221;][vc_column][vc_row_inner et_column_align=&#8221;align-center&#8221;][vc_column_inner width=&#8221;2\/3&#8243;][vc_column_text] Producten 23 mooie bolletjeskleden tegen goede prijzen Wij hebben een ruime keuze aan&hellip;\" \/>\n<meta property=\"og:url\" content=\"https:\/\/www.ruggit.dk\/nl\/\" \/>\n<meta property=\"og:site_name\" content=\"Ruggit\" \/>\n<meta property=\"article:modified_time\" content=\"2022-05-14T12:46:24+00:00\" \/>\n<meta name=\"twitter:card\" content=\"summary_large_image\" \/>\n<meta name=\"twitter:label1\" content=\"Geschatte leestijd\" \/>\n\t<meta name=\"twitter:data1\" content=\"3 minuten\" \/>\n<script type=\"application\/ld+json\" class=\"yoast-schema-graph\">{\"@context\":\"https:\/\/schema.org\",\"@graph\":[{\"@type\":\"WebPage\",\"@id\":\"https:\/\/www.ruggit.dk\/nl\/\",\"url\":\"https:\/\/www.ruggit.dk\/nl\/\",\"name\":\"voorpagina - Ruggit\",\"isPartOf\":{\"@id\":\"https:\/\/www.ruggit.dk\/nl\/#website\"},\"datePublished\":\"2019-04-12T01:24:27+00:00\",\"dateModified\":\"2022-05-14T12:46:24+00:00\",\"breadcrumb\":{\"@id\":\"https:\/\/www.ruggit.dk\/nl\/#breadcrumb\"},\"inLanguage\":\"nl-NL\",\"potentialAction\":[{\"@type\":\"ReadAction\",\"target\":[\"https:\/\/www.ruggit.dk\/nl\/\"]}]},{\"@type\":\"BreadcrumbList\",\"@id\":\"https:\/\/www.ruggit.dk\/nl\/#breadcrumb\",\"itemListElement\":[{\"@type\":\"ListItem\",\"position\":1,\"name\":\"Hjem\",\"item\":\"https:\/\/www.ruggit.dk\/nl\/\"},{\"@type\":\"ListItem\",\"position\":2,\"name\":\"voorpagina\"}]},{\"@type\":\"WebSite\",\"@id\":\"https:\/\/www.ruggit.dk\/nl\/#website\",\"url\":\"https:\/\/www.ruggit.dk\/nl\/\",\"name\":\"Ruggit\",\"description\":\"Os der s\u00e6lger kuglet\u00e6pper\",\"publisher\":{\"@id\":\"https:\/\/www.ruggit.dk\/nl\/#organization\"},\"potentialAction\":[{\"@type\":\"SearchAction\",\"target\":{\"@type\":\"EntryPoint\",\"urlTemplate\":\"https:\/\/www.ruggit.dk\/nl\/?s={search_term_string}\"},\"query-input\":{\"@type\":\"PropertyValueSpecification\",\"valueRequired\":true,\"valueName\":\"search_term_string\"}}],\"inLanguage\":\"nl-NL\"},{\"@type\":\"Organization\",\"@id\":\"https:\/\/www.ruggit.dk\/nl\/#organization\",\"name\":\"Ruggit\",\"url\":\"https:\/\/www.ruggit.dk\/nl\/\",\"logo\":{\"@type\":\"ImageObject\",\"inLanguage\":\"nl-NL\",\"@id\":\"https:\/\/www.ruggit.dk\/nl\/#\/schema\/logo\/image\/\",\"url\":\"https:\/\/www.ruggit.dk\/wp-content\/uploads\/2021\/10\/cropped-logo-ruggit2.png\",\"contentUrl\":\"https:\/\/www.ruggit.dk\/wp-content\/uploads\/2021\/10\/cropped-logo-ruggit2.png\",\"width\":211,\"height\":80,\"caption\":\"Ruggit\"},\"image\":{\"@id\":\"https:\/\/www.ruggit.dk\/nl\/#\/schema\/logo\/image\/\"}}]}<\/script>\n<!-- \/ Yoast SEO plugin. -->","yoast_head_json":{"title":"voorpagina - Ruggit","robots":{"index":"index","follow":"follow","max-snippet":"max-snippet:-1","max-image-preview":"max-image-preview:large","max-video-preview":"max-video-preview:-1"},"canonical":"https:\/\/www.ruggit.dk\/nl\/","og_locale":"nl_NL","og_type":"article","og_title":"voorpagina - Ruggit","og_description":"[vc_row et_full_width=&#8221;true&#8221; et_row_padding=&#8221;true&#8221; et_column_align=&#8221;align-center&#8221; equal_height=&#8221;yes&#8221; rtl_reverse=&#8221;yes&#8221; content_placement=&#8221;bottom&#8221; css=&#8221;.vc_custom_1638996825083{margin-bottom: 30px !important;}&#8221;][vc_column width=&#8221;4\/12&#8243; css=&#8221;.vc_custom_1639126260854{padding-right: 10% !important;padding-bottom: 10% !important;padding-left: 10% !important;background-color: #d6dde3 !important;}&#8221;][vc_column_text] handgemaakt Ballenkleden uit Nepal van de hoogste kwaliteit! [\/vc_column_text][\/vc_column][vc_column width=&#8221;8\/12&#8243;][\/vc_column][\/vc_row][vc_row css=&#8221;.vc_custom_1639079654015{padding-top: 40px !important;padding-bottom: 80px !important;}&#8221;][vc_column][vc_row_inner et_column_align=&#8221;align-center&#8221;][vc_column_inner width=&#8221;2\/3&#8243;][vc_column_text] Producten 23 mooie bolletjeskleden tegen goede prijzen Wij hebben een ruime keuze aan&hellip;","og_url":"https:\/\/www.ruggit.dk\/nl\/","og_site_name":"Ruggit","article_modified_time":"2022-05-14T12:46:24+00:00","twitter_card":"summary_large_image","twitter_misc":{"Geschatte leestijd":"3 minuten"},"schema":{"@context":"https:\/\/schema.org","@graph":[{"@type":"WebPage","@id":"https:\/\/www.ruggit.dk\/nl\/","url":"https:\/\/www.ruggit.dk\/nl\/","name":"voorpagina - Ruggit","isPartOf":{"@id":"https:\/\/www.ruggit.dk\/nl\/#website"},"datePublished":"2019-04-12T01:24:27+00:00","dateModified":"2022-05-14T12:46:24+00:00","breadcrumb":{"@id":"https:\/\/www.ruggit.dk\/nl\/#breadcrumb"},"inLanguage":"nl-NL","potentialAction":[{"@type":"ReadAction","target":["https:\/\/www.ruggit.dk\/nl\/"]}]},{"@type":"BreadcrumbList","@id":"https:\/\/www.ruggit.dk\/nl\/#breadcrumb","itemListElement":[{"@type":"ListItem","position":1,"name":"Hjem","item":"https:\/\/www.ruggit.dk\/nl\/"},{"@type":"ListItem","position":2,"name":"voorpagina"}]},{"@type":"WebSite","@id":"https:\/\/www.ruggit.dk\/nl\/#website","url":"https:\/\/www.ruggit.dk\/nl\/","name":"Ruggit","description":"Os der s\u00e6lger kuglet\u00e6pper","publisher":{"@id":"https:\/\/www.ruggit.dk\/nl\/#organization"},"potentialAction":[{"@type":"SearchAction","target":{"@type":"EntryPoint","urlTemplate":"https:\/\/www.ruggit.dk\/nl\/?s={search_term_string}"},"query-input":{"@type":"PropertyValueSpecification","valueRequired":true,"valueName":"search_term_string"}}],"inLanguage":"nl-NL"},{"@type":"Organization","@id":"https:\/\/www.ruggit.dk\/nl\/#organization","name":"Ruggit","url":"https:\/\/www.ruggit.dk\/nl\/","logo":{"@type":"ImageObject","inLanguage":"nl-NL","@id":"https:\/\/www.ruggit.dk\/nl\/#\/schema\/logo\/image\/","url":"https:\/\/www.ruggit.dk\/wp-content\/uploads\/2021\/10\/cropped-logo-ruggit2.png","contentUrl":"https:\/\/www.ruggit.dk\/wp-content\/uploads\/2021\/10\/cropped-logo-ruggit2.png","width":211,"height":80,"caption":"Ruggit"},"image":{"@id":"https:\/\/www.ruggit.dk\/nl\/#\/schema\/logo\/image\/"}}]}},"_links":{"self":[{"href":"https:\/\/www.ruggit.dk\/nl\/wp-json\/wp\/v2\/pages\/5129","targetHints":{"allow":["GET"]}}],"collection":[{"href":"https:\/\/www.ruggit.dk\/nl\/wp-json\/wp\/v2\/pages"}],"about":[{"href":"https:\/\/www.ruggit.dk\/nl\/wp-json\/wp\/v2\/types\/page"}],"author":[{"embeddable":true,"href":"https:\/\/www.ruggit.dk\/nl\/wp-json\/wp\/v2\/users\/1"}],"replies":[{"embeddable":true,"href":"https:\/\/www.ruggit.dk\/nl\/wp-json\/wp\/v2\/comments?post=5129"}],"version-history":[{"count":21,"href":"https:\/\/www.ruggit.dk\/nl\/wp-json\/wp\/v2\/pages\/5129\/revisions"}],"predecessor-version":[{"id":7330,"href":"https:\/\/www.ruggit.dk\/nl\/wp-json\/wp\/v2\/pages\/5129\/revisions\/7330"}],"wp:attachment":[{"href":"https:\/\/www.ruggit.dk\/nl\/wp-json\/wp\/v2\/media?parent=5129"}],"curies":[{"name":"wp","href":"https:\/\/api.w.org\/{rel}","templated":true}]}}