{"id":5538,"date":"2021-10-05T13:33:00","date_gmt":"2021-10-05T11:33:00","guid":{"rendered":"https:\/\/www.ruggit.dk\/vare\/khairo-kugletaeppe\/"},"modified":"2022-04-29T09:59:22","modified_gmt":"2022-04-29T07:59:22","slug":"khairo-bolletjeskleed","status":"publish","type":"product","link":"https:\/\/www.ruggit.dk\/nl\/shop\/bolletjeskleed\/khairo-bolletjeskleed\/","title":{"rendered":"Khairo Bolletjeskleed"},"content":{"rendered":"<section class=\"wpb-content-wrapper\">[vc_row][vc_column width=&#8221;1\/4&#8243; animation=&#8221;animation bottom-to-top&#8221;]\t<div class=\"et-image-837 et-image aligncenter   medium-shadow et_image_link\">\n\t\t<div class=\"et-image-inner \">\n\t\t\t\t\t\t\t<div class=\"et-image-thumb \">\n\t\t\t\t\t<img loading=\"lazy\" decoding=\"async\" class=\"\" src=\"https:\/\/www.ruggit.dk\/wp-content\/uploads\/2021\/10\/2-Wool-unpacked-418x200.jpg\" width=\"418\" height=\"200\" alt=\"product declaration\" title=\"2 Wool unpacked\" \/>\t\t\t\t<\/div>\n\t\t\t\t\t\t\t\t\t\t\t<\/div>\n\t<\/div>\n  [vc_empty_space height=&#8221;20px&#8221;][vc_column_text]\n<h4 style=\"text-align: center;\">Merino wol<\/h4>\n<p style=\"text-align: center;\">100% pure wol. Een natuurlijk product dat geen irritaties of ongemakken veroorzaakt. Het product kan resten van gedroogd gras bevatten.<\/p>\n[\/vc_column_text][\/vc_column][vc_column width=&#8221;1\/4&#8243; animation=&#8221;animation bottom-to-top&#8221;]\t<div class=\"et-image-374 et-image aligncenter full  medium-shadow et_image_link\">\n\t\t<div class=\"et-image-inner \">\n\t\t\t\t\t\t\t<div class=\"et-image-thumb \">\n\t\t\t\t\t<img loading=\"lazy\" decoding=\"async\" class=\"\" src=\"https:\/\/www.ruggit.dk\/wp-content\/uploads\/2021\/10\/products-declaration-2-418x200.png\" width=\"418\" height=\"200\" alt=\"product declaration\" title=\"products-declaration-2\" \/>\t\t\t\t<\/div>\n\t\t\t\t\t\t\t\t\t\t\t<\/div>\n\t<\/div>\n  [vc_empty_space height=&#8221;20px&#8221;][vc_column_text]\n<h4 style=\"text-align: center;\">Natuurlijke producten<\/h4>\n<p style=\"text-align: center;\">Geen toxinen of allergenen. 100% vrij van azo-verbindingen. Een gezond en onschadelijk natuurlijk product.<\/p>\n[\/vc_column_text][\/vc_column][vc_column width=&#8221;1\/4&#8243; animation=&#8221;animation bottom-to-top&#8221;]\t<div class=\"et-image-887 et-image aligncenter   medium-shadow et_image_link\">\n\t\t<div class=\"et-image-inner \">\n\t\t\t\t\t\t\t<div class=\"et-image-thumb \">\n\t\t\t\t\t<img loading=\"lazy\" decoding=\"async\" class=\"\" src=\"https:\/\/www.ruggit.dk\/wp-content\/uploads\/2021\/10\/products-declaration-3-418x200.png\" width=\"418\" height=\"200\" alt=\"product declaration\" title=\"products-declaration-3\" \/>\t\t\t\t<\/div>\n\t\t\t\t\t\t\t\t\t\t\t<\/div>\n\t<\/div>\n  [vc_empty_space height=&#8221;20px&#8221;][vc_column_text]\n<h4 style=\"text-align: center;\">Duurzaam en sterk<\/h4>\n<p style=\"text-align: center;\">De vilten bollen zijn aan elkaar gestikt met een nylon draad van 2 mm. die het product zeer duurzaam en sterk maakt.<\/p>\n[\/vc_column_text][\/vc_column][vc_column width=&#8221;1\/4&#8243;]\t<div class=\"et-image-552 et-image aligncenter   medium-shadow et_image_link\">\n\t\t<div class=\"et-image-inner \">\n\t\t\t\t\t\t\t<div class=\"et-image-thumb \">\n\t\t\t\t\t<img loading=\"lazy\" decoding=\"async\" class=\"\" src=\"https:\/\/www.ruggit.dk\/wp-content\/uploads\/2021\/10\/products-declaration-4-418x200.png\" width=\"418\" height=\"200\" alt=\"product declaration\" title=\"products-declaration-4\" \/>\t\t\t\t<\/div>\n\t\t\t\t\t\t\t\t\t\t\t<\/div>\n\t<\/div>\n  [vc_empty_space height=&#8221;20px&#8221;][vc_column_text]\n<h4 style=\"text-align: center;\">Van hoge kwaliteit<\/h4>\n<p style=\"text-align: center;\">De nauwe vilten bollen wegen ongeveer 5,5kg\/ m\u00b2. De bollen blijven in vorm en zijn zeer duurzaam.<\/p>\n[\/vc_column_text][\/vc_column][\/vc_row]\n<\/section>","protected":false},"excerpt":{"rendered":"<p>Khairo is de naam van dit stijlvolle bolletjeskleed, en een woord dat &#8216;bruin&#8217; betekent in het Nepalees. Dit kleed is gemaakt van natuurlijk, donker wol, wat het een interessante mix van bruine en grijze tinten geeft. De stijl is ingehouden en past in vrijwel elk huis en inrichting.<\/p>\n","protected":false},"featured_media":4398,"template":"","meta":[],"product_brand":[],"product_cat":[117],"product_tag":[],"class_list":{"0":"post-5538","1":"product","2":"type-product","3":"status-publish","4":"has-post-thumbnail","6":"product_cat-bolletjeskleed","8":"first","9":"instock","10":"sale","11":"taxable","12":"shipping-taxable","13":"purchasable","14":"product-type-variable","15":"has-default-attributes"},"yoast_head":"<!-- This site is optimized with the Yoast SEO plugin v26.2 - https:\/\/yoast.com\/wordpress\/plugins\/seo\/ -->\n<title>Khairo Bolletjeskleed - Ruggit<\/title>\n<meta name=\"robots\" content=\"index, follow, max-snippet:-1, max-image-preview:large, max-video-preview:-1\" \/>\n<link rel=\"canonical\" href=\"https:\/\/www.ruggit.dk\/nl\/shop\/bolletjeskleed\/khairo-bolletjeskleed\/\" \/>\n<meta property=\"og:locale\" content=\"nl_NL\" \/>\n<meta property=\"og:type\" content=\"article\" \/>\n<meta property=\"og:title\" content=\"Khairo Bolletjeskleed - Ruggit\" \/>\n<meta property=\"og:description\" content=\"Khairo is de naam van dit stijlvolle bolletjeskleed, en een woord dat &#039;bruin&#039; betekent in het Nepalees. Dit kleed is gemaakt van natuurlijk, donker wol, wat het een interessante mix van bruine en grijze tinten geeft. De stijl is ingehouden en past in vrijwel elk huis en inrichting.\" \/>\n<meta property=\"og:url\" content=\"https:\/\/www.ruggit.dk\/nl\/shop\/bolletjeskleed\/khairo-bolletjeskleed\/\" \/>\n<meta property=\"og:site_name\" content=\"Ruggit\" \/>\n<meta property=\"article:modified_time\" content=\"2022-04-29T07:59:22+00:00\" \/>\n<meta property=\"og:image\" content=\"https:\/\/www.ruggit.dk\/wp-content\/uploads\/2021\/10\/kugletaeppe-khairo.jpg\" \/>\n\t<meta property=\"og:image:width\" content=\"1122\" \/>\n\t<meta property=\"og:image:height\" content=\"1122\" \/>\n\t<meta property=\"og:image:type\" content=\"image\/jpeg\" \/>\n<meta name=\"twitter:card\" content=\"summary_large_image\" \/>\n<meta name=\"twitter:label1\" content=\"Geschatte leestijd\" \/>\n\t<meta name=\"twitter:data1\" content=\"1 minuut\" \/>\n<script type=\"application\/ld+json\" class=\"yoast-schema-graph\">{\"@context\":\"https:\/\/schema.org\",\"@graph\":[{\"@type\":\"WebPage\",\"@id\":\"https:\/\/www.ruggit.dk\/nl\/shop\/bolletjeskleed\/khairo-bolletjeskleed\/\",\"url\":\"https:\/\/www.ruggit.dk\/nl\/shop\/bolletjeskleed\/khairo-bolletjeskleed\/\",\"name\":\"Khairo Bolletjeskleed - Ruggit\",\"isPartOf\":{\"@id\":\"https:\/\/www.ruggit.dk\/nl\/#website\"},\"primaryImageOfPage\":{\"@id\":\"https:\/\/www.ruggit.dk\/nl\/shop\/bolletjeskleed\/khairo-bolletjeskleed\/#primaryimage\"},\"image\":{\"@id\":\"https:\/\/www.ruggit.dk\/nl\/shop\/bolletjeskleed\/khairo-bolletjeskleed\/#primaryimage\"},\"thumbnailUrl\":\"https:\/\/www.ruggit.dk\/wp-content\/uploads\/2021\/10\/kugletaeppe-khairo.jpg\",\"datePublished\":\"2021-10-05T11:33:00+00:00\",\"dateModified\":\"2022-04-29T07:59:22+00:00\",\"breadcrumb\":{\"@id\":\"https:\/\/www.ruggit.dk\/nl\/shop\/bolletjeskleed\/khairo-bolletjeskleed\/#breadcrumb\"},\"inLanguage\":\"nl-NL\",\"potentialAction\":[{\"@type\":\"ReadAction\",\"target\":[\"https:\/\/www.ruggit.dk\/nl\/shop\/bolletjeskleed\/khairo-bolletjeskleed\/\"]}]},{\"@type\":\"ImageObject\",\"inLanguage\":\"nl-NL\",\"@id\":\"https:\/\/www.ruggit.dk\/nl\/shop\/bolletjeskleed\/khairo-bolletjeskleed\/#primaryimage\",\"url\":\"https:\/\/www.ruggit.dk\/wp-content\/uploads\/2021\/10\/kugletaeppe-khairo.jpg\",\"contentUrl\":\"https:\/\/www.ruggit.dk\/wp-content\/uploads\/2021\/10\/kugletaeppe-khairo.jpg\",\"width\":1122,\"height\":1122,\"caption\":\"m\u00f8rkegr\u00e5 kuglet\u00e6ppe\"},{\"@type\":\"BreadcrumbList\",\"@id\":\"https:\/\/www.ruggit.dk\/nl\/shop\/bolletjeskleed\/khairo-bolletjeskleed\/#breadcrumb\",\"itemListElement\":[{\"@type\":\"ListItem\",\"position\":1,\"name\":\"Hjem\",\"item\":\"https:\/\/www.ruggit.dk\/nl\/\"},{\"@type\":\"ListItem\",\"position\":2,\"name\":\"Winkel\",\"item\":\"https:\/\/www.ruggit.dk\/nl\/winkel\/\"},{\"@type\":\"ListItem\",\"position\":3,\"name\":\"Khairo Bolletjeskleed\"}]},{\"@type\":\"WebSite\",\"@id\":\"https:\/\/www.ruggit.dk\/nl\/#website\",\"url\":\"https:\/\/www.ruggit.dk\/nl\/\",\"name\":\"Ruggit\",\"description\":\"Os der s\u00e6lger kuglet\u00e6pper\",\"publisher\":{\"@id\":\"https:\/\/www.ruggit.dk\/nl\/#organization\"},\"potentialAction\":[{\"@type\":\"SearchAction\",\"target\":{\"@type\":\"EntryPoint\",\"urlTemplate\":\"https:\/\/www.ruggit.dk\/nl\/?s={search_term_string}\"},\"query-input\":{\"@type\":\"PropertyValueSpecification\",\"valueRequired\":true,\"valueName\":\"search_term_string\"}}],\"inLanguage\":\"nl-NL\"},{\"@type\":\"Organization\",\"@id\":\"https:\/\/www.ruggit.dk\/nl\/#organization\",\"name\":\"Ruggit\",\"url\":\"https:\/\/www.ruggit.dk\/nl\/\",\"logo\":{\"@type\":\"ImageObject\",\"inLanguage\":\"nl-NL\",\"@id\":\"https:\/\/www.ruggit.dk\/nl\/#\/schema\/logo\/image\/\",\"url\":\"https:\/\/www.ruggit.dk\/wp-content\/uploads\/2021\/10\/cropped-logo-ruggit2.png\",\"contentUrl\":\"https:\/\/www.ruggit.dk\/wp-content\/uploads\/2021\/10\/cropped-logo-ruggit2.png\",\"width\":211,\"height\":80,\"caption\":\"Ruggit\"},\"image\":{\"@id\":\"https:\/\/www.ruggit.dk\/nl\/#\/schema\/logo\/image\/\"}}]}<\/script>\n<!-- \/ Yoast SEO plugin. -->","yoast_head_json":{"title":"Khairo Bolletjeskleed - Ruggit","robots":{"index":"index","follow":"follow","max-snippet":"max-snippet:-1","max-image-preview":"max-image-preview:large","max-video-preview":"max-video-preview:-1"},"canonical":"https:\/\/www.ruggit.dk\/nl\/shop\/bolletjeskleed\/khairo-bolletjeskleed\/","og_locale":"nl_NL","og_type":"article","og_title":"Khairo Bolletjeskleed - Ruggit","og_description":"Khairo is de naam van dit stijlvolle bolletjeskleed, en een woord dat 'bruin' betekent in het Nepalees. Dit kleed is gemaakt van natuurlijk, donker wol, wat het een interessante mix van bruine en grijze tinten geeft. De stijl is ingehouden en past in vrijwel elk huis en inrichting.","og_url":"https:\/\/www.ruggit.dk\/nl\/shop\/bolletjeskleed\/khairo-bolletjeskleed\/","og_site_name":"Ruggit","article_modified_time":"2022-04-29T07:59:22+00:00","og_image":[{"width":1122,"height":1122,"url":"https:\/\/www.ruggit.dk\/wp-content\/uploads\/2021\/10\/kugletaeppe-khairo.jpg","type":"image\/jpeg"}],"twitter_card":"summary_large_image","twitter_misc":{"Geschatte leestijd":"1 minuut"},"schema":{"@context":"https:\/\/schema.org","@graph":[{"@type":"WebPage","@id":"https:\/\/www.ruggit.dk\/nl\/shop\/bolletjeskleed\/khairo-bolletjeskleed\/","url":"https:\/\/www.ruggit.dk\/nl\/shop\/bolletjeskleed\/khairo-bolletjeskleed\/","name":"Khairo Bolletjeskleed - Ruggit","isPartOf":{"@id":"https:\/\/www.ruggit.dk\/nl\/#website"},"primaryImageOfPage":{"@id":"https:\/\/www.ruggit.dk\/nl\/shop\/bolletjeskleed\/khairo-bolletjeskleed\/#primaryimage"},"image":{"@id":"https:\/\/www.ruggit.dk\/nl\/shop\/bolletjeskleed\/khairo-bolletjeskleed\/#primaryimage"},"thumbnailUrl":"https:\/\/www.ruggit.dk\/wp-content\/uploads\/2021\/10\/kugletaeppe-khairo.jpg","datePublished":"2021-10-05T11:33:00+00:00","dateModified":"2022-04-29T07:59:22+00:00","breadcrumb":{"@id":"https:\/\/www.ruggit.dk\/nl\/shop\/bolletjeskleed\/khairo-bolletjeskleed\/#breadcrumb"},"inLanguage":"nl-NL","potentialAction":[{"@type":"ReadAction","target":["https:\/\/www.ruggit.dk\/nl\/shop\/bolletjeskleed\/khairo-bolletjeskleed\/"]}]},{"@type":"ImageObject","inLanguage":"nl-NL","@id":"https:\/\/www.ruggit.dk\/nl\/shop\/bolletjeskleed\/khairo-bolletjeskleed\/#primaryimage","url":"https:\/\/www.ruggit.dk\/wp-content\/uploads\/2021\/10\/kugletaeppe-khairo.jpg","contentUrl":"https:\/\/www.ruggit.dk\/wp-content\/uploads\/2021\/10\/kugletaeppe-khairo.jpg","width":1122,"height":1122,"caption":"m\u00f8rkegr\u00e5 kuglet\u00e6ppe"},{"@type":"BreadcrumbList","@id":"https:\/\/www.ruggit.dk\/nl\/shop\/bolletjeskleed\/khairo-bolletjeskleed\/#breadcrumb","itemListElement":[{"@type":"ListItem","position":1,"name":"Hjem","item":"https:\/\/www.ruggit.dk\/nl\/"},{"@type":"ListItem","position":2,"name":"Winkel","item":"https:\/\/www.ruggit.dk\/nl\/winkel\/"},{"@type":"ListItem","position":3,"name":"Khairo Bolletjeskleed"}]},{"@type":"WebSite","@id":"https:\/\/www.ruggit.dk\/nl\/#website","url":"https:\/\/www.ruggit.dk\/nl\/","name":"Ruggit","description":"Os der s\u00e6lger kuglet\u00e6pper","publisher":{"@id":"https:\/\/www.ruggit.dk\/nl\/#organization"},"potentialAction":[{"@type":"SearchAction","target":{"@type":"EntryPoint","urlTemplate":"https:\/\/www.ruggit.dk\/nl\/?s={search_term_string}"},"query-input":{"@type":"PropertyValueSpecification","valueRequired":true,"valueName":"search_term_string"}}],"inLanguage":"nl-NL"},{"@type":"Organization","@id":"https:\/\/www.ruggit.dk\/nl\/#organization","name":"Ruggit","url":"https:\/\/www.ruggit.dk\/nl\/","logo":{"@type":"ImageObject","inLanguage":"nl-NL","@id":"https:\/\/www.ruggit.dk\/nl\/#\/schema\/logo\/image\/","url":"https:\/\/www.ruggit.dk\/wp-content\/uploads\/2021\/10\/cropped-logo-ruggit2.png","contentUrl":"https:\/\/www.ruggit.dk\/wp-content\/uploads\/2021\/10\/cropped-logo-ruggit2.png","width":211,"height":80,"caption":"Ruggit"},"image":{"@id":"https:\/\/www.ruggit.dk\/nl\/#\/schema\/logo\/image\/"}}]}},"_links":{"self":[{"href":"https:\/\/www.ruggit.dk\/nl\/wp-json\/wp\/v2\/product\/5538","targetHints":{"allow":["GET"]}}],"collection":[{"href":"https:\/\/www.ruggit.dk\/nl\/wp-json\/wp\/v2\/product"}],"about":[{"href":"https:\/\/www.ruggit.dk\/nl\/wp-json\/wp\/v2\/types\/product"}],"wp:featuredmedia":[{"embeddable":true,"href":"https:\/\/www.ruggit.dk\/nl\/wp-json\/wp\/v2\/media\/4398"}],"wp:attachment":[{"href":"https:\/\/www.ruggit.dk\/nl\/wp-json\/wp\/v2\/media?parent=5538"}],"wp:term":[{"taxonomy":"product_brand","embeddable":true,"href":"https:\/\/www.ruggit.dk\/nl\/wp-json\/wp\/v2\/product_brand?post=5538"},{"taxonomy":"product_cat","embeddable":true,"href":"https:\/\/www.ruggit.dk\/nl\/wp-json\/wp\/v2\/product_cat?post=5538"},{"taxonomy":"product_tag","embeddable":true,"href":"https:\/\/www.ruggit.dk\/nl\/wp-json\/wp\/v2\/product_tag?post=5538"}],"curies":[{"name":"wp","href":"https:\/\/api.w.org\/{rel}","templated":true}]}}