{"id":5145,"date":"2019-03-17T17:19:40","date_gmt":"2019-03-17T16:19:40","guid":{"rendered":"https:\/\/www.ruggit.dk\/kjoepsbetingelser\/"},"modified":"2022-05-14T10:51:31","modified_gmt":"2022-05-14T08:51:31","slug":"kjoepsbetingelser","status":"publish","type":"page","link":"https:\/\/www.ruggit.dk\/no\/kjoepsbetingelser\/","title":{"rendered":"Kj\u00f8psbetingelser"},"content":{"rendered":"<section class=\"wpb-content-wrapper\">[vc_row css=&raquo;.vc_custom_1639070564818{padding-top: 60px !important;padding-bottom: 60px !important;}&raquo;][vc_column][vc_column_text]\r\n\r\n<div class=\"brown-background\">\r\n<div class=\"guarantee-header\">\r\n<div class=\"container\">\r\n<h1 class=\"wp-block-heading\" style=\"text-align: center;\">Kj\u00f8psbetingelser for www.ruggit.dk<\/h1>\r\n<\/div>\r\n<\/div>\r\n<\/div>\r\n<div class=\"guarantee-container\">\r\n<div class=\"container\">\r\n<div class=\"row\">\r\n<div class=\"col-md-12\">\r\n<p>&nbsp;<\/p>\r\n<p><strong>1. Produktinformasjon<br \/><\/strong>Vi gir den n\u00f8dvendige produktinformasjonen p\u00e5 nettsiden. For flere opplysninger, ta gjerne kontakt med oss via e-post:\u00a0kontakt@ruggit.dk<br \/><br \/><\/p>\r\n<p><strong>2. Priser<br \/><\/strong>De oppgitte prisene er &laquo;Dagens priser&raquo;, og disse prisene gjelder kun for den dagen bestillingen blir plassert. Ruggit forbeholder seg retten til \u00e5 endre priser og endre eller avslutte alle spesialtilbud eller rabatter n\u00e5r som helst. Alle oppgitte priser eksklusive VAT.<br \/><br \/><\/p>\r\n<p><strong>2.1. Spesialtilbud og rabatter<br \/><\/strong>Du kan kun bruke en rabattkode per bestilling. Rabattkoder kan ikke brukes p\u00e5 varer som allerede har redusert pris.<br \/><br \/><\/p>\r\n<p><strong>3. Bestilling<br \/><\/strong>Produktpresentasjon med pris hos Ruggit er ikke et bindende tilbud, men kun en invitasjon til \u00e5 gj\u00f8re en bestilling. Kj\u00f8pers bestilling av varer hos Ruggit utgj\u00f8r ingen bindende aksept, men er en bindende bestilling hos Ruggit for \u00e5 kj\u00f8pe varer p\u00e5 deres vilk\u00e5r.<\/p>\r\n<p>En bindende avtale mellom kj\u00f8per og Ruggit er kun konkludert n\u00e5r Ruggit sender leveringsbekreftelse der de aksepterer kj\u00f8pers tilbud.<br \/><br \/><\/p>\r\n<p><strong>4. Frakt og levering<br \/><\/strong>Etter at du har fullf\u00f8rt din bestilling, er m\u00e5let v\u00e5rt \u00e5 sende din bestilling innen 1-3 arbeidsdager \u2013 med mindre annet er avtalt. Dag-til-dag levering forutsetter at bestillingen er plassert f\u00f8r kl. 14.\u00a0<br \/><br \/><\/p>\r\n<p><strong>5. Betaling<br \/><\/strong>Kontoinformasjonen du oppgir ved kj\u00f8p av varer vil bli sendt direkte til PBS i kryptert form (SSL) som bare du og PBS kan lese. Det er ingen andre som ser eller lagrer informasjonen om deg. Ved kj\u00f8p med kredittkort vil bel\u00f8pet trekkes fra kontoen din s\u00e5 snart varene sendes fra Ruggit.<\/p>\r\n<p>Vi aksepterer f\u00f8lgende betalingsm\u00e5ter: MasterCard, Maestro, Visa, Visa Electron og American Express.<br \/><br \/><\/p>\r\n<p><strong>5.1 Spesiallagde tepper<br \/><\/strong>I tilfeller vedr\u00f8rende spesiallagde tepper, vil din konto bli belastet n\u00e5r vi bestiller fra v\u00e5re leverand\u00f8rer i Nepal. Bestillingen kan endres og kanselleres helt til teppet blir satt i produksjon. Ta kontakt med oss s\u00e5 snart s\u00e5 mulig dersom du \u00f8nsker \u00e5 endre eller kansellere en bestilling av et spesiallaget teppe eller produkt. I de fleste tilfeller belaster vi dog ikke din konto f\u00f8r vi sender det spesiallagde produktet. Dette gjelder ikke for betalinger foretatt med VIABILL.\u00a0<br \/><br \/><br \/><strong>6. Risiko for uhell som forringer kvalitet\u00a0<br \/><\/strong>N\u00e5r produktet overleveres til kj\u00f8per, er kj\u00f8peren ansvarlig for produktets tilstand. Dersom produktet \u00f8delegges eller p\u00e5 annen m\u00e5te forringes p\u00e5 grunn av ulykke, er kj\u00f8peren ansvarlig.<\/p>\r\n<p>&nbsp;<\/p>\r\n<p><strong>7. Klagerett<br \/><\/strong>Klageretten m\u00e5 brukes innen rimelig tid etter at produktet har blitt mottatt. Derfor er kunden forpliktet til \u00e5 unders\u00f8ke produktet s\u00e5 snart som mulig etter levering. Innen 48 timer er \u00e5 foretrekke.<\/p>\r\n<p>Vi gir en 2-\u00e5rs garanti p\u00e5 et hvert produkt kj\u00f8pt fra www.ruggit.dk (dette gjelder ikke glassbrikker eller bordsk\u00e5nere \u2013 les mer p\u00e5 v\u00e5r side &laquo;Vedlikehold og garanti&raquo;)<br \/><br \/><\/p>\r\n<p><strong>8. Ansvarsfraskrivelse og garanti<br \/><\/strong>ND Design ApS ber deg se instruksjonene oppgitt p\u00e5 v\u00e5r side &laquo;Vedlikehold og garanti&raquo;.<\/p>\r\n<p>ND Design ApS er ikke ansvarlig for skade som resulterer fra feil bruk av produktene.<br \/>Vi er imidlertid ansvarlige for skader som ikke er selvforskyldt, og i disse tilfellene gir vi en 2-\u00e5rs garanti. I disse tilfellene kommer vi til \u00e5 be om dokumentasjon om at kj\u00f8peren ar fulgt instruksjonene og at produktet ikke fyller kravene.<\/p>\r\n<p>Produktet m\u00e5 returneres til ND Design ApS. ND Design ApS vil dekke kostnaden. Kj\u00f8peren vil motta et lignende produkt eller en fullstendig tilbakebetaling innen 10 dager etter at produktet er sendt.<br \/><br \/><\/p>\r\n<p><strong>9. Din rett til \u00e5 oppheve<br \/><\/strong>Du har rett til oppheve kj\u00f8pet innen 14 dager uten \u00e5 oppgi en grunn. Opphevelsesperioden utl\u00f8per 14 dager fra den datoen du:<br \/>a) har mottatt varen<br \/>b) har mottatt den siste leveringen av delvis varelevering (i tilfeller der du har plassert en enkelt bestilling som blir levert i flere deler)\u00a0<br \/>For \u00e5 utf\u00f8re din rett til \u00e5 oppheve, m\u00e5 du gi oss klar beskjed, sende en utvetydig erkl\u00e6ring (brev eller e-post til www.ruggit.dk) der du erkl\u00e6rer din avgj\u00f8relse om \u00e5 oppheve kj\u00f8pet.<\/p>\r\n<p>\u00c5 nekte \u00e5 akseptere pakken n\u00e5r den leveres vil ikke telles som din rett til \u00e5 oppheve kj\u00f8pet. Du m\u00e5 uttrykkelig si fra til oss om din avgj\u00f8relse om \u00e5 oppheve kj\u00f8pet.\u00a0<\/p>\r\n<p>Vi vil ikke akseptere produkter sendt med postoppkrav eller p\u00e5 annen m\u00e5te m\u00e5 betales ved levering. Dersom du \u00f8nsker \u00e5 returnere et produkt, ber vi deg om \u00e5 bruke GLS slik at vi kan spore forsendelsen i tilfelle den blir tapt. Derfor ber vi deg uttrykkelig om \u00e5 ikke bruke alternative frakttjenester. Velg en sikker og sterk type innpakning, og legg ved en kopi av din faktura. Legg ogs\u00e5 ved et notat som erkl\u00e6rer at du \u00f8nsker \u00e5 dra nytte av din rett til \u00e5 oppheve kj\u00f8pet og motta full refundering. \u00a0<\/p>\r\n<p>Du vil motta en full refundering n\u00e5r og om det returnerte produktet er unders\u00f8kt og funnet \u00e5 v\u00e6re i plettfri stand.<br \/><br \/><\/p>\r\n<p><b>9.1 Ingen rett til \u00e5 oppheve kj\u00f8p eller returrett i tilfeller med spesiallagde produkter<br \/><\/b>Du har ikke lovfestet rett til \u00e5 oppheve kj\u00f8p vedr\u00f8rende levering av varer som er laget i f\u00f8lge dine spesifikasjoner. Det er kun mulig \u00e5 kansellere en bestilling som inneholder spesiallagde produkter i tilfeller der produktet ikke enda er satt i produksjon. Derfor m\u00e5 du ta kontakt med oss s\u00e5 snart som mulig om du \u00f8nsker \u00e5 kansellere en slik bestilling.<br \/><br \/><\/p>\r\n<p><b>9.2 Forlenget returrett<br \/><\/b>Vi tilbyr en forlenget returrett p\u00e5 s\u00e6rskilte juletilbud. Derfor har du en forlenget returrett p\u00e5 produkter kj\u00f8pt mellom 1. november 2016 og 31. desember 2016. Produkter kj\u00f8pt i l\u00f8pet av denne perioden kan byttes frem til og inkludert den 1. februar 2017.<br \/><br \/><\/p>\r\n<p><strong>10. Opphavsrett og varemerker<br \/><\/strong>Opphavsretten til alt innhold er og forblir Ruggits eiendom. Du kan ikke endre eller kopiere, distribuere, sende, vise frem, publisere eller selge innhold. Du kan ikke bruke innhold uten \u00e5 f\u00f8rst f\u00e5 tillatelse fra Ruggit. Bruk av slik innhold p\u00e5 andre nettsteder er forbudt og krenker eierens rettigheter.<br \/><br \/><\/p>\r\n<p><strong>11.\u00a0Forbehold vedr\u00f8rende vilk\u00e5r og betingelser<br \/><\/strong>Ruggit forbeholder seg retten til \u00e5 endre, oppdatere eller modifisere de eksisterende vilk\u00e5r og betingelser til dette nettstedet. S\u00e5 s\u00f8rg for at du holder deg oppdatert med hensyn til eventuelle endringer.<\/p>\r\n<p><br \/><strong>12. Annen informasjon<br \/><\/strong><strong>Nettstedet\u00a0<\/strong><a href=\"https:\/\/www.ruggit.dk\/no\/\"><strong>www.ruggit.dk<\/strong><\/a><strong>\u00a0eies og administreres av:<\/strong><strong>\u00a0<br \/><\/strong><strong>ND Design ApS \u00a0CVR nr: 37642258<br \/><\/strong><strong>Pr\u00e6stekravevej 4, 8541 Sk\u00f8dstrup, Danmark<\/strong><\/p>\r\n[\/vc_column_text][\/vc_column][\/vc_row]\r\n<\/div>\r\n<\/div>\r\n<\/div>\r\n<\/div>\r\n<\/section>","protected":false},"excerpt":{"rendered":"<p>[vc_row css=&raquo;.vc_custom_1639070564818{padding-top: 60px !important;padding-bottom: 60px !important;}&raquo;][vc_column][vc_column_text] Kj\u00f8psbetingelser for www.ruggit.dk &nbsp; 1. ProduktinformasjonVi gir den n\u00f8dvendige produktinformasjonen p\u00e5 nettsiden. For flere opplysninger, ta gjerne kontakt med oss via e-post:\u00a0kontakt@ruggit.dk 2. PriserDe oppgitte prisene er &laquo;Dagens priser&raquo;, og disse prisene gjelder kun for den dagen bestillingen blir plassert. Ruggit forbeholder seg retten&hellip;<\/p>\n","protected":false},"author":1,"featured_media":0,"parent":0,"menu_order":0,"comment_status":"closed","ping_status":"closed","template":"","meta":{"footnotes":""},"class_list":["post-5145","page","type-page","status-publish","hentry"],"yoast_head":"<!-- This site is optimized with the Yoast SEO plugin v26.2 - https:\/\/yoast.com\/wordpress\/plugins\/seo\/ -->\n<title>Kj\u00f8psbetingelser - Ruggit<\/title>\n<meta name=\"robots\" content=\"index, follow, max-snippet:-1, max-image-preview:large, max-video-preview:-1\" \/>\n<link rel=\"canonical\" href=\"https:\/\/www.ruggit.dk\/no\/kjoepsbetingelser\/\" \/>\n<meta property=\"og:locale\" content=\"nb_NO\" \/>\n<meta property=\"og:type\" content=\"article\" \/>\n<meta property=\"og:title\" content=\"Kj\u00f8psbetingelser - Ruggit\" \/>\n<meta property=\"og:description\" content=\"[vc_row css=&raquo;.vc_custom_1639070564818{padding-top: 60px !important;padding-bottom: 60px !important;}&raquo;][vc_column][vc_column_text] Kj\u00f8psbetingelser for www.ruggit.dk &nbsp; 1. ProduktinformasjonVi gir den n\u00f8dvendige produktinformasjonen p\u00e5 nettsiden. For flere opplysninger, ta gjerne kontakt med oss via e-post:\u00a0kontakt@ruggit.dk 2. PriserDe oppgitte prisene er &laquo;Dagens priser&raquo;, og disse prisene gjelder kun for den dagen bestillingen blir plassert. Ruggit forbeholder seg retten&hellip;\" \/>\n<meta property=\"og:url\" content=\"https:\/\/www.ruggit.dk\/no\/kjoepsbetingelser\/\" \/>\n<meta property=\"og:site_name\" content=\"Ruggit\" \/>\n<meta property=\"article:modified_time\" content=\"2022-05-14T08:51:31+00:00\" \/>\n<meta name=\"twitter:card\" content=\"summary_large_image\" \/>\n<meta name=\"twitter:label1\" content=\"Ansl. lesetid\" \/>\n\t<meta name=\"twitter:data1\" content=\"5 minutter\" \/>\n<script type=\"application\/ld+json\" class=\"yoast-schema-graph\">{\"@context\":\"https:\/\/schema.org\",\"@graph\":[{\"@type\":\"WebPage\",\"@id\":\"https:\/\/www.ruggit.dk\/no\/kjoepsbetingelser\/\",\"url\":\"https:\/\/www.ruggit.dk\/no\/kjoepsbetingelser\/\",\"name\":\"Kj\u00f8psbetingelser - Ruggit\",\"isPartOf\":{\"@id\":\"https:\/\/www.ruggit.dk\/no\/#website\"},\"datePublished\":\"2019-03-17T16:19:40+00:00\",\"dateModified\":\"2022-05-14T08:51:31+00:00\",\"breadcrumb\":{\"@id\":\"https:\/\/www.ruggit.dk\/no\/kjoepsbetingelser\/#breadcrumb\"},\"inLanguage\":\"nb-NO\",\"potentialAction\":[{\"@type\":\"ReadAction\",\"target\":[\"https:\/\/www.ruggit.dk\/no\/kjoepsbetingelser\/\"]}]},{\"@type\":\"BreadcrumbList\",\"@id\":\"https:\/\/www.ruggit.dk\/no\/kjoepsbetingelser\/#breadcrumb\",\"itemListElement\":[{\"@type\":\"ListItem\",\"position\":1,\"name\":\"Hjem\",\"item\":\"https:\/\/www.ruggit.dk\/no\/\"},{\"@type\":\"ListItem\",\"position\":2,\"name\":\"Kj\u00f8psbetingelser\"}]},{\"@type\":\"WebSite\",\"@id\":\"https:\/\/www.ruggit.dk\/no\/#website\",\"url\":\"https:\/\/www.ruggit.dk\/no\/\",\"name\":\"Ruggit\",\"description\":\"Os der s\u00e6lger kuglet\u00e6pper\",\"publisher\":{\"@id\":\"https:\/\/www.ruggit.dk\/no\/#organization\"},\"potentialAction\":[{\"@type\":\"SearchAction\",\"target\":{\"@type\":\"EntryPoint\",\"urlTemplate\":\"https:\/\/www.ruggit.dk\/no\/?s={search_term_string}\"},\"query-input\":{\"@type\":\"PropertyValueSpecification\",\"valueRequired\":true,\"valueName\":\"search_term_string\"}}],\"inLanguage\":\"nb-NO\"},{\"@type\":\"Organization\",\"@id\":\"https:\/\/www.ruggit.dk\/no\/#organization\",\"name\":\"Ruggit\",\"url\":\"https:\/\/www.ruggit.dk\/no\/\",\"logo\":{\"@type\":\"ImageObject\",\"inLanguage\":\"nb-NO\",\"@id\":\"https:\/\/www.ruggit.dk\/no\/#\/schema\/logo\/image\/\",\"url\":\"https:\/\/www.ruggit.dk\/wp-content\/uploads\/2021\/10\/cropped-logo-ruggit2.png\",\"contentUrl\":\"https:\/\/www.ruggit.dk\/wp-content\/uploads\/2021\/10\/cropped-logo-ruggit2.png\",\"width\":211,\"height\":80,\"caption\":\"Ruggit\"},\"image\":{\"@id\":\"https:\/\/www.ruggit.dk\/no\/#\/schema\/logo\/image\/\"}}]}<\/script>\n<!-- \/ Yoast SEO plugin. -->","yoast_head_json":{"title":"Kj\u00f8psbetingelser - Ruggit","robots":{"index":"index","follow":"follow","max-snippet":"max-snippet:-1","max-image-preview":"max-image-preview:large","max-video-preview":"max-video-preview:-1"},"canonical":"https:\/\/www.ruggit.dk\/no\/kjoepsbetingelser\/","og_locale":"nb_NO","og_type":"article","og_title":"Kj\u00f8psbetingelser - Ruggit","og_description":"[vc_row css=&raquo;.vc_custom_1639070564818{padding-top: 60px !important;padding-bottom: 60px !important;}&raquo;][vc_column][vc_column_text] Kj\u00f8psbetingelser for www.ruggit.dk &nbsp; 1. ProduktinformasjonVi gir den n\u00f8dvendige produktinformasjonen p\u00e5 nettsiden. For flere opplysninger, ta gjerne kontakt med oss via e-post:\u00a0kontakt@ruggit.dk 2. PriserDe oppgitte prisene er &laquo;Dagens priser&raquo;, og disse prisene gjelder kun for den dagen bestillingen blir plassert. Ruggit forbeholder seg retten&hellip;","og_url":"https:\/\/www.ruggit.dk\/no\/kjoepsbetingelser\/","og_site_name":"Ruggit","article_modified_time":"2022-05-14T08:51:31+00:00","twitter_card":"summary_large_image","twitter_misc":{"Ansl. lesetid":"5 minutter"},"schema":{"@context":"https:\/\/schema.org","@graph":[{"@type":"WebPage","@id":"https:\/\/www.ruggit.dk\/no\/kjoepsbetingelser\/","url":"https:\/\/www.ruggit.dk\/no\/kjoepsbetingelser\/","name":"Kj\u00f8psbetingelser - Ruggit","isPartOf":{"@id":"https:\/\/www.ruggit.dk\/no\/#website"},"datePublished":"2019-03-17T16:19:40+00:00","dateModified":"2022-05-14T08:51:31+00:00","breadcrumb":{"@id":"https:\/\/www.ruggit.dk\/no\/kjoepsbetingelser\/#breadcrumb"},"inLanguage":"nb-NO","potentialAction":[{"@type":"ReadAction","target":["https:\/\/www.ruggit.dk\/no\/kjoepsbetingelser\/"]}]},{"@type":"BreadcrumbList","@id":"https:\/\/www.ruggit.dk\/no\/kjoepsbetingelser\/#breadcrumb","itemListElement":[{"@type":"ListItem","position":1,"name":"Hjem","item":"https:\/\/www.ruggit.dk\/no\/"},{"@type":"ListItem","position":2,"name":"Kj\u00f8psbetingelser"}]},{"@type":"WebSite","@id":"https:\/\/www.ruggit.dk\/no\/#website","url":"https:\/\/www.ruggit.dk\/no\/","name":"Ruggit","description":"Os der s\u00e6lger kuglet\u00e6pper","publisher":{"@id":"https:\/\/www.ruggit.dk\/no\/#organization"},"potentialAction":[{"@type":"SearchAction","target":{"@type":"EntryPoint","urlTemplate":"https:\/\/www.ruggit.dk\/no\/?s={search_term_string}"},"query-input":{"@type":"PropertyValueSpecification","valueRequired":true,"valueName":"search_term_string"}}],"inLanguage":"nb-NO"},{"@type":"Organization","@id":"https:\/\/www.ruggit.dk\/no\/#organization","name":"Ruggit","url":"https:\/\/www.ruggit.dk\/no\/","logo":{"@type":"ImageObject","inLanguage":"nb-NO","@id":"https:\/\/www.ruggit.dk\/no\/#\/schema\/logo\/image\/","url":"https:\/\/www.ruggit.dk\/wp-content\/uploads\/2021\/10\/cropped-logo-ruggit2.png","contentUrl":"https:\/\/www.ruggit.dk\/wp-content\/uploads\/2021\/10\/cropped-logo-ruggit2.png","width":211,"height":80,"caption":"Ruggit"},"image":{"@id":"https:\/\/www.ruggit.dk\/no\/#\/schema\/logo\/image\/"}}]}},"_links":{"self":[{"href":"https:\/\/www.ruggit.dk\/no\/wp-json\/wp\/v2\/pages\/5145","targetHints":{"allow":["GET"]}}],"collection":[{"href":"https:\/\/www.ruggit.dk\/no\/wp-json\/wp\/v2\/pages"}],"about":[{"href":"https:\/\/www.ruggit.dk\/no\/wp-json\/wp\/v2\/types\/page"}],"author":[{"embeddable":true,"href":"https:\/\/www.ruggit.dk\/no\/wp-json\/wp\/v2\/users\/1"}],"replies":[{"embeddable":true,"href":"https:\/\/www.ruggit.dk\/no\/wp-json\/wp\/v2\/comments?post=5145"}],"version-history":[{"count":3,"href":"https:\/\/www.ruggit.dk\/no\/wp-json\/wp\/v2\/pages\/5145\/revisions"}],"predecessor-version":[{"id":7261,"href":"https:\/\/www.ruggit.dk\/no\/wp-json\/wp\/v2\/pages\/5145\/revisions\/7261"}],"wp:attachment":[{"href":"https:\/\/www.ruggit.dk\/no\/wp-json\/wp\/v2\/media?parent=5145"}],"curies":[{"name":"wp","href":"https:\/\/api.w.org\/{rel}","templated":true}]}}