{"id":5161,"date":"2021-12-09T15:24:46","date_gmt":"2021-12-09T14:24:46","guid":{"rendered":"https:\/\/www.ruggit.dk\/retur-og-bytte\/"},"modified":"2022-08-04T11:41:16","modified_gmt":"2022-08-04T09:41:16","slug":"retur-og-bytte","status":"publish","type":"page","link":"https:\/\/www.ruggit.dk\/no\/retur-og-bytte\/","title":{"rendered":"Retur og bytte"},"content":{"rendered":"<section class=\"wpb-content-wrapper\">[vc_row css=&raquo;.vc_custom_1639072560047{padding-top: 60px !important;padding-bottom: 60px !important;}&raquo;][vc_column][vc_column_text]\n<h1 style=\"text-align: center;\">Retur<\/h1>\n[\/vc_column_text][\/vc_column][\/vc_row][vc_row et_column_align=&raquo;align-center&raquo;][vc_column width=&raquo;1\/2&#8243; css=&raquo;.vc_custom_1639078409586{padding-right: 10% !important;padding-left: 10% !important;}&raquo;][vc_column_text]Dersom du ombestemmer deg med hensyn til kj\u00f8pet og \u00f8nsker \u00e5 returnere varen, har du de to f\u00f8lgende valgene:<\/p>\n<p><b>1.<\/b> Du kan gjerne sende varene selv, om det er billigere enn 605 NOK som er inkludert i valg 2. Hvis du velger alternativ 1, vennligst send oss en e-post, s\u00e5 forklarer vi returprosessen.[\/vc_column_text][vc_column_text css=&raquo;.vc_custom_1647542956028{padding-top: 40px !important;}&raquo;]<b>2.<\/b> Du kan velge \u00e5 be oss om \u00e5 sende deg en returfraktetikett som du kan feste til pakken din og sende den tilbake til oss \u2013 dette koster 605 NOK, uansett pakkens st\u00f8rrelse og vekt. Vi vil automatisk trekke 605 NOK fra din refundering.[\/vc_column_text]\t\t<div id=\"et-button-69d4f7be7ad28\" class=\"et_btn_align_left \">\n\t\t\t<a href=\"https:\/\/return.shipmondo.com\/ruggit-dk\" class=\" et_btn button et_btn_sm solid color-custom   \" target=\"_blank\" role=\"button\" title=\"\" ><span>F\u00c5 RETURETIKETT<\/span><\/a>\n\t\t<\/div>\n\t\t\n\t[vc_column_text css=&raquo;.vc_custom_1647542972774{padding-top: 40px !important;padding-bottom: 40px !important;}&raquo;]Du vil motta din refundering n\u00e5r vi mottar pakken. Det kan ta 1-2 dager \u00e5 utf\u00f8re en refundering til din betalingskonto.[\/vc_column_text][\/vc_column][\/vc_row]\n<\/section>","protected":false},"excerpt":{"rendered":"<p>[vc_row css=&raquo;.vc_custom_1639072560047{padding-top: 60px !important;padding-bottom: 60px !important;}&raquo;][vc_column][vc_column_text] Retur [\/vc_column_text][\/vc_column][\/vc_row][vc_row et_column_align=&raquo;align-center&raquo;][vc_column width=&raquo;1\/2&#8243; css=&raquo;.vc_custom_1639078409586{padding-right: 10% !important;padding-left: 10% !important;}&raquo;][vc_column_text]Dersom du ombestemmer deg med hensyn til kj\u00f8pet og \u00f8nsker \u00e5 returnere varen, har du de to f\u00f8lgende valgene: 1. Du kan gjerne sende varene selv, om det er billigere enn 605 NOK som er inkludert&hellip;<\/p>\n","protected":false},"author":1,"featured_media":0,"parent":0,"menu_order":0,"comment_status":"closed","ping_status":"closed","template":"","meta":{"footnotes":""},"class_list":["post-5161","page","type-page","status-publish","hentry"],"yoast_head":"<!-- This site is optimized with the Yoast SEO plugin v26.2 - https:\/\/yoast.com\/wordpress\/plugins\/seo\/ -->\n<title>Retur og bytte - Ruggit<\/title>\n<meta name=\"robots\" content=\"index, follow, max-snippet:-1, max-image-preview:large, max-video-preview:-1\" \/>\n<link rel=\"canonical\" href=\"https:\/\/www.ruggit.dk\/no\/retur-og-bytte\/\" \/>\n<meta property=\"og:locale\" content=\"nb_NO\" \/>\n<meta property=\"og:type\" content=\"article\" \/>\n<meta property=\"og:title\" content=\"Retur og bytte - Ruggit\" \/>\n<meta property=\"og:description\" content=\"[vc_row css=&raquo;.vc_custom_1639072560047{padding-top: 60px !important;padding-bottom: 60px !important;}&raquo;][vc_column][vc_column_text] Retur [\/vc_column_text][\/vc_column][\/vc_row][vc_row et_column_align=&raquo;align-center&raquo;][vc_column width=&raquo;1\/2&#8243; css=&raquo;.vc_custom_1639078409586{padding-right: 10% !important;padding-left: 10% !important;}&raquo;][vc_column_text]Dersom du ombestemmer deg med hensyn til kj\u00f8pet og \u00f8nsker \u00e5 returnere varen, har du de to f\u00f8lgende valgene: 1. Du kan gjerne sende varene selv, om det er billigere enn 605 NOK som er inkludert&hellip;\" \/>\n<meta property=\"og:url\" content=\"https:\/\/www.ruggit.dk\/no\/retur-og-bytte\/\" \/>\n<meta property=\"og:site_name\" content=\"Ruggit\" \/>\n<meta property=\"article:modified_time\" content=\"2022-08-04T09:41:16+00:00\" \/>\n<meta name=\"twitter:card\" content=\"summary_large_image\" \/>\n<meta name=\"twitter:label1\" content=\"Ansl. lesetid\" \/>\n\t<meta name=\"twitter:data1\" content=\"1 minutt\" \/>\n<script type=\"application\/ld+json\" class=\"yoast-schema-graph\">{\"@context\":\"https:\/\/schema.org\",\"@graph\":[{\"@type\":\"WebPage\",\"@id\":\"https:\/\/www.ruggit.dk\/no\/retur-og-bytte\/\",\"url\":\"https:\/\/www.ruggit.dk\/no\/retur-og-bytte\/\",\"name\":\"Retur og bytte - Ruggit\",\"isPartOf\":{\"@id\":\"https:\/\/www.ruggit.dk\/no\/#website\"},\"datePublished\":\"2021-12-09T14:24:46+00:00\",\"dateModified\":\"2022-08-04T09:41:16+00:00\",\"breadcrumb\":{\"@id\":\"https:\/\/www.ruggit.dk\/no\/retur-og-bytte\/#breadcrumb\"},\"inLanguage\":\"nb-NO\",\"potentialAction\":[{\"@type\":\"ReadAction\",\"target\":[\"https:\/\/www.ruggit.dk\/no\/retur-og-bytte\/\"]}]},{\"@type\":\"BreadcrumbList\",\"@id\":\"https:\/\/www.ruggit.dk\/no\/retur-og-bytte\/#breadcrumb\",\"itemListElement\":[{\"@type\":\"ListItem\",\"position\":1,\"name\":\"Hjem\",\"item\":\"https:\/\/www.ruggit.dk\/no\/\"},{\"@type\":\"ListItem\",\"position\":2,\"name\":\"Retur og bytte\"}]},{\"@type\":\"WebSite\",\"@id\":\"https:\/\/www.ruggit.dk\/no\/#website\",\"url\":\"https:\/\/www.ruggit.dk\/no\/\",\"name\":\"Ruggit\",\"description\":\"Os der s\u00e6lger kuglet\u00e6pper\",\"publisher\":{\"@id\":\"https:\/\/www.ruggit.dk\/no\/#organization\"},\"potentialAction\":[{\"@type\":\"SearchAction\",\"target\":{\"@type\":\"EntryPoint\",\"urlTemplate\":\"https:\/\/www.ruggit.dk\/no\/?s={search_term_string}\"},\"query-input\":{\"@type\":\"PropertyValueSpecification\",\"valueRequired\":true,\"valueName\":\"search_term_string\"}}],\"inLanguage\":\"nb-NO\"},{\"@type\":\"Organization\",\"@id\":\"https:\/\/www.ruggit.dk\/no\/#organization\",\"name\":\"Ruggit\",\"url\":\"https:\/\/www.ruggit.dk\/no\/\",\"logo\":{\"@type\":\"ImageObject\",\"inLanguage\":\"nb-NO\",\"@id\":\"https:\/\/www.ruggit.dk\/no\/#\/schema\/logo\/image\/\",\"url\":\"https:\/\/www.ruggit.dk\/wp-content\/uploads\/2021\/10\/cropped-logo-ruggit2.png\",\"contentUrl\":\"https:\/\/www.ruggit.dk\/wp-content\/uploads\/2021\/10\/cropped-logo-ruggit2.png\",\"width\":211,\"height\":80,\"caption\":\"Ruggit\"},\"image\":{\"@id\":\"https:\/\/www.ruggit.dk\/no\/#\/schema\/logo\/image\/\"}}]}<\/script>\n<!-- \/ Yoast SEO plugin. -->","yoast_head_json":{"title":"Retur og bytte - Ruggit","robots":{"index":"index","follow":"follow","max-snippet":"max-snippet:-1","max-image-preview":"max-image-preview:large","max-video-preview":"max-video-preview:-1"},"canonical":"https:\/\/www.ruggit.dk\/no\/retur-og-bytte\/","og_locale":"nb_NO","og_type":"article","og_title":"Retur og bytte - Ruggit","og_description":"[vc_row css=&raquo;.vc_custom_1639072560047{padding-top: 60px !important;padding-bottom: 60px !important;}&raquo;][vc_column][vc_column_text] Retur [\/vc_column_text][\/vc_column][\/vc_row][vc_row et_column_align=&raquo;align-center&raquo;][vc_column width=&raquo;1\/2&#8243; css=&raquo;.vc_custom_1639078409586{padding-right: 10% !important;padding-left: 10% !important;}&raquo;][vc_column_text]Dersom du ombestemmer deg med hensyn til kj\u00f8pet og \u00f8nsker \u00e5 returnere varen, har du de to f\u00f8lgende valgene: 1. Du kan gjerne sende varene selv, om det er billigere enn 605 NOK som er inkludert&hellip;","og_url":"https:\/\/www.ruggit.dk\/no\/retur-og-bytte\/","og_site_name":"Ruggit","article_modified_time":"2022-08-04T09:41:16+00:00","twitter_card":"summary_large_image","twitter_misc":{"Ansl. lesetid":"1 minutt"},"schema":{"@context":"https:\/\/schema.org","@graph":[{"@type":"WebPage","@id":"https:\/\/www.ruggit.dk\/no\/retur-og-bytte\/","url":"https:\/\/www.ruggit.dk\/no\/retur-og-bytte\/","name":"Retur og bytte - Ruggit","isPartOf":{"@id":"https:\/\/www.ruggit.dk\/no\/#website"},"datePublished":"2021-12-09T14:24:46+00:00","dateModified":"2022-08-04T09:41:16+00:00","breadcrumb":{"@id":"https:\/\/www.ruggit.dk\/no\/retur-og-bytte\/#breadcrumb"},"inLanguage":"nb-NO","potentialAction":[{"@type":"ReadAction","target":["https:\/\/www.ruggit.dk\/no\/retur-og-bytte\/"]}]},{"@type":"BreadcrumbList","@id":"https:\/\/www.ruggit.dk\/no\/retur-og-bytte\/#breadcrumb","itemListElement":[{"@type":"ListItem","position":1,"name":"Hjem","item":"https:\/\/www.ruggit.dk\/no\/"},{"@type":"ListItem","position":2,"name":"Retur og bytte"}]},{"@type":"WebSite","@id":"https:\/\/www.ruggit.dk\/no\/#website","url":"https:\/\/www.ruggit.dk\/no\/","name":"Ruggit","description":"Os der s\u00e6lger kuglet\u00e6pper","publisher":{"@id":"https:\/\/www.ruggit.dk\/no\/#organization"},"potentialAction":[{"@type":"SearchAction","target":{"@type":"EntryPoint","urlTemplate":"https:\/\/www.ruggit.dk\/no\/?s={search_term_string}"},"query-input":{"@type":"PropertyValueSpecification","valueRequired":true,"valueName":"search_term_string"}}],"inLanguage":"nb-NO"},{"@type":"Organization","@id":"https:\/\/www.ruggit.dk\/no\/#organization","name":"Ruggit","url":"https:\/\/www.ruggit.dk\/no\/","logo":{"@type":"ImageObject","inLanguage":"nb-NO","@id":"https:\/\/www.ruggit.dk\/no\/#\/schema\/logo\/image\/","url":"https:\/\/www.ruggit.dk\/wp-content\/uploads\/2021\/10\/cropped-logo-ruggit2.png","contentUrl":"https:\/\/www.ruggit.dk\/wp-content\/uploads\/2021\/10\/cropped-logo-ruggit2.png","width":211,"height":80,"caption":"Ruggit"},"image":{"@id":"https:\/\/www.ruggit.dk\/no\/#\/schema\/logo\/image\/"}}]}},"_links":{"self":[{"href":"https:\/\/www.ruggit.dk\/no\/wp-json\/wp\/v2\/pages\/5161","targetHints":{"allow":["GET"]}}],"collection":[{"href":"https:\/\/www.ruggit.dk\/no\/wp-json\/wp\/v2\/pages"}],"about":[{"href":"https:\/\/www.ruggit.dk\/no\/wp-json\/wp\/v2\/types\/page"}],"author":[{"embeddable":true,"href":"https:\/\/www.ruggit.dk\/no\/wp-json\/wp\/v2\/users\/1"}],"replies":[{"embeddable":true,"href":"https:\/\/www.ruggit.dk\/no\/wp-json\/wp\/v2\/comments?post=5161"}],"version-history":[{"count":4,"href":"https:\/\/www.ruggit.dk\/no\/wp-json\/wp\/v2\/pages\/5161\/revisions"}],"predecessor-version":[{"id":8918,"href":"https:\/\/www.ruggit.dk\/no\/wp-json\/wp\/v2\/pages\/5161\/revisions\/8918"}],"wp:attachment":[{"href":"https:\/\/www.ruggit.dk\/no\/wp-json\/wp\/v2\/media?parent=5161"}],"curies":[{"name":"wp","href":"https:\/\/api.w.org\/{rel}","templated":true}]}}