{"id":5181,"date":"2021-12-09T15:50:31","date_gmt":"2021-12-09T14:50:31","guid":{"rendered":"https:\/\/www.ruggit.dk\/vedlikehold-og-garanti\/"},"modified":"2022-04-17T22:00:10","modified_gmt":"2022-04-17T20:00:10","slug":"vedlikehold-og-garanti","status":"publish","type":"page","link":"https:\/\/www.ruggit.dk\/no\/vedlikehold-og-garanti\/","title":{"rendered":"Vedlikehold og garanti"},"content":{"rendered":"<section class=\"wpb-content-wrapper\">[vc_row css=&raquo;.vc_custom_1639070575879{padding-top: 60px !important;padding-bottom: 60px !important;}&raquo;][vc_column][vc_column_text]\n<h1 class=\"page-title\" style=\"text-align: center;\">Vedlikehold og garanti<\/h1>\n<p style=\"text-align: center;\">Det gleder oss \u00e5 kunne gi en 2-\u00e5rs garanti, fordi vi stoler p\u00e5 v\u00e5re leverand\u00f8rer og deres kvalitetsarbeid. Dyktige h\u00e5ndverkere produserer slitesterke, varige produkter som vil vare i mange \u00e5r.<\/p>\n<p style=\"text-align: center;\">Garantien forutsetter at du f\u00f8lger instruksjonene oppgitt her p\u00e5 denne siden.<\/p>\n<p>&nbsp;<\/p>\n<h2>Vedlikehold<\/h2>\n<div class=\"col-md-12\">\n<div class=\"list\">\n<div class=\"item\">\n<ol>\n<li>Ikke plasser produktet i et v\u00e5tt eller dampfylt milj\u00f8.<\/li>\n<li>Hold fott\u00f8y unna produktet.<\/li>\n<li>Ikke plasser tunge objekter (for eksempel et steinbord) p\u00e5 teppet. Dette vil deformere filtkulene.<\/li>\n<li>Ved rengj\u00f8ring &#8211; ikke rist og trekk i teppet<\/li>\n<li>N\u00e5r du st\u00f8vsuger teppet, v\u00e6r forsiktig s\u00e5 du ikke river filten i stykker. Unng\u00e5 \u00e5 bruke stive b\u00f8rster p\u00e5 teppet.<\/li>\n<li>Ikke la kj\u00e6ledyr bite eller klore teppet.<\/li>\n<li>Ikke plasser teppet utend\u00f8rs. Kun innend\u00f8rs bruk (sollys kan gj\u00f8re fargen farge).<\/li>\n<li>Ikke vask teppet. Vannet vil l\u00f8se opp filtkulene.<\/li>\n<li>Om du s\u00f8ler v\u00e6sker p\u00e5 teppet, trykk det lett med t\u00f8rkepapir eller et hvitt h\u00e5ndkle \u00f8yeblikkelig. Dersom teppet har synlige flekker, ta kontakt med et profesjonelt renseri for hjelp.<\/li>\n<li>Unng\u00e5 enhver type slitasje som kan \u00f8delegge filtkulene.<\/li>\n<\/ol>\n<\/div>\n<\/div>\n<h4>Bordsk\u00e5nere og glassbrikker<\/h4>\n<p>Vi gir kun 2-\u00e5rs garanti p\u00e5 bordsk\u00e5nere og glassbrikker i tilfeller der produktet g\u00e5r i stykker\/faller fra hverandre. All annen slitasje inkluderes ikke i garantien, fordi h\u00f8ye temperaturer kan resultere i falmet farge og andre skj\u00f8nnhetsfeil.<\/p>\n<\/div>\n[\/vc_column_text][\/vc_column][\/vc_row]\n<\/section>","protected":false},"excerpt":{"rendered":"<p>[vc_row css=&raquo;.vc_custom_1639070575879{padding-top: 60px !important;padding-bottom: 60px !important;}&raquo;][vc_column][vc_column_text] Vedlikehold og garanti Det gleder oss \u00e5 kunne gi en 2-\u00e5rs garanti, fordi vi stoler p\u00e5 v\u00e5re leverand\u00f8rer og deres kvalitetsarbeid. Dyktige h\u00e5ndverkere produserer slitesterke, varige produkter som vil vare i mange \u00e5r. Garantien forutsetter at du f\u00f8lger instruksjonene oppgitt her p\u00e5 denne siden.&hellip;<\/p>\n","protected":false},"author":1,"featured_media":0,"parent":0,"menu_order":0,"comment_status":"closed","ping_status":"closed","template":"","meta":{"footnotes":""},"class_list":["post-5181","page","type-page","status-publish","hentry"],"yoast_head":"<!-- This site is optimized with the Yoast SEO plugin v26.2 - https:\/\/yoast.com\/wordpress\/plugins\/seo\/ -->\n<title>Vedlikehold og garanti - Ruggit<\/title>\n<meta name=\"robots\" content=\"index, follow, max-snippet:-1, max-image-preview:large, max-video-preview:-1\" \/>\n<link rel=\"canonical\" href=\"https:\/\/www.ruggit.dk\/no\/vedlikehold-og-garanti\/\" \/>\n<meta property=\"og:locale\" content=\"nb_NO\" \/>\n<meta property=\"og:type\" content=\"article\" \/>\n<meta property=\"og:title\" content=\"Vedlikehold og garanti - Ruggit\" \/>\n<meta property=\"og:description\" content=\"[vc_row css=&raquo;.vc_custom_1639070575879{padding-top: 60px !important;padding-bottom: 60px !important;}&raquo;][vc_column][vc_column_text] Vedlikehold og garanti Det gleder oss \u00e5 kunne gi en 2-\u00e5rs garanti, fordi vi stoler p\u00e5 v\u00e5re leverand\u00f8rer og deres kvalitetsarbeid. Dyktige h\u00e5ndverkere produserer slitesterke, varige produkter som vil vare i mange \u00e5r. Garantien forutsetter at du f\u00f8lger instruksjonene oppgitt her p\u00e5 denne siden.&hellip;\" \/>\n<meta property=\"og:url\" content=\"https:\/\/www.ruggit.dk\/no\/vedlikehold-og-garanti\/\" \/>\n<meta property=\"og:site_name\" content=\"Ruggit\" \/>\n<meta property=\"article:modified_time\" content=\"2022-04-17T20:00:10+00:00\" \/>\n<meta name=\"twitter:card\" content=\"summary_large_image\" \/>\n<meta name=\"twitter:label1\" content=\"Ansl. lesetid\" \/>\n\t<meta name=\"twitter:data1\" content=\"1 minutt\" \/>\n<script type=\"application\/ld+json\" class=\"yoast-schema-graph\">{\"@context\":\"https:\/\/schema.org\",\"@graph\":[{\"@type\":\"WebPage\",\"@id\":\"https:\/\/www.ruggit.dk\/no\/vedlikehold-og-garanti\/\",\"url\":\"https:\/\/www.ruggit.dk\/no\/vedlikehold-og-garanti\/\",\"name\":\"Vedlikehold og garanti - Ruggit\",\"isPartOf\":{\"@id\":\"https:\/\/www.ruggit.dk\/no\/#website\"},\"datePublished\":\"2021-12-09T14:50:31+00:00\",\"dateModified\":\"2022-04-17T20:00:10+00:00\",\"breadcrumb\":{\"@id\":\"https:\/\/www.ruggit.dk\/no\/vedlikehold-og-garanti\/#breadcrumb\"},\"inLanguage\":\"nb-NO\",\"potentialAction\":[{\"@type\":\"ReadAction\",\"target\":[\"https:\/\/www.ruggit.dk\/no\/vedlikehold-og-garanti\/\"]}]},{\"@type\":\"BreadcrumbList\",\"@id\":\"https:\/\/www.ruggit.dk\/no\/vedlikehold-og-garanti\/#breadcrumb\",\"itemListElement\":[{\"@type\":\"ListItem\",\"position\":1,\"name\":\"Hjem\",\"item\":\"https:\/\/www.ruggit.dk\/no\/\"},{\"@type\":\"ListItem\",\"position\":2,\"name\":\"Vedlikehold og garanti\"}]},{\"@type\":\"WebSite\",\"@id\":\"https:\/\/www.ruggit.dk\/no\/#website\",\"url\":\"https:\/\/www.ruggit.dk\/no\/\",\"name\":\"Ruggit\",\"description\":\"Os der s\u00e6lger kuglet\u00e6pper\",\"publisher\":{\"@id\":\"https:\/\/www.ruggit.dk\/no\/#organization\"},\"potentialAction\":[{\"@type\":\"SearchAction\",\"target\":{\"@type\":\"EntryPoint\",\"urlTemplate\":\"https:\/\/www.ruggit.dk\/no\/?s={search_term_string}\"},\"query-input\":{\"@type\":\"PropertyValueSpecification\",\"valueRequired\":true,\"valueName\":\"search_term_string\"}}],\"inLanguage\":\"nb-NO\"},{\"@type\":\"Organization\",\"@id\":\"https:\/\/www.ruggit.dk\/no\/#organization\",\"name\":\"Ruggit\",\"url\":\"https:\/\/www.ruggit.dk\/no\/\",\"logo\":{\"@type\":\"ImageObject\",\"inLanguage\":\"nb-NO\",\"@id\":\"https:\/\/www.ruggit.dk\/no\/#\/schema\/logo\/image\/\",\"url\":\"https:\/\/www.ruggit.dk\/wp-content\/uploads\/2021\/10\/cropped-logo-ruggit2.png\",\"contentUrl\":\"https:\/\/www.ruggit.dk\/wp-content\/uploads\/2021\/10\/cropped-logo-ruggit2.png\",\"width\":211,\"height\":80,\"caption\":\"Ruggit\"},\"image\":{\"@id\":\"https:\/\/www.ruggit.dk\/no\/#\/schema\/logo\/image\/\"}}]}<\/script>\n<!-- \/ Yoast SEO plugin. -->","yoast_head_json":{"title":"Vedlikehold og garanti - Ruggit","robots":{"index":"index","follow":"follow","max-snippet":"max-snippet:-1","max-image-preview":"max-image-preview:large","max-video-preview":"max-video-preview:-1"},"canonical":"https:\/\/www.ruggit.dk\/no\/vedlikehold-og-garanti\/","og_locale":"nb_NO","og_type":"article","og_title":"Vedlikehold og garanti - Ruggit","og_description":"[vc_row css=&raquo;.vc_custom_1639070575879{padding-top: 60px !important;padding-bottom: 60px !important;}&raquo;][vc_column][vc_column_text] Vedlikehold og garanti Det gleder oss \u00e5 kunne gi en 2-\u00e5rs garanti, fordi vi stoler p\u00e5 v\u00e5re leverand\u00f8rer og deres kvalitetsarbeid. Dyktige h\u00e5ndverkere produserer slitesterke, varige produkter som vil vare i mange \u00e5r. Garantien forutsetter at du f\u00f8lger instruksjonene oppgitt her p\u00e5 denne siden.&hellip;","og_url":"https:\/\/www.ruggit.dk\/no\/vedlikehold-og-garanti\/","og_site_name":"Ruggit","article_modified_time":"2022-04-17T20:00:10+00:00","twitter_card":"summary_large_image","twitter_misc":{"Ansl. lesetid":"1 minutt"},"schema":{"@context":"https:\/\/schema.org","@graph":[{"@type":"WebPage","@id":"https:\/\/www.ruggit.dk\/no\/vedlikehold-og-garanti\/","url":"https:\/\/www.ruggit.dk\/no\/vedlikehold-og-garanti\/","name":"Vedlikehold og garanti - Ruggit","isPartOf":{"@id":"https:\/\/www.ruggit.dk\/no\/#website"},"datePublished":"2021-12-09T14:50:31+00:00","dateModified":"2022-04-17T20:00:10+00:00","breadcrumb":{"@id":"https:\/\/www.ruggit.dk\/no\/vedlikehold-og-garanti\/#breadcrumb"},"inLanguage":"nb-NO","potentialAction":[{"@type":"ReadAction","target":["https:\/\/www.ruggit.dk\/no\/vedlikehold-og-garanti\/"]}]},{"@type":"BreadcrumbList","@id":"https:\/\/www.ruggit.dk\/no\/vedlikehold-og-garanti\/#breadcrumb","itemListElement":[{"@type":"ListItem","position":1,"name":"Hjem","item":"https:\/\/www.ruggit.dk\/no\/"},{"@type":"ListItem","position":2,"name":"Vedlikehold og garanti"}]},{"@type":"WebSite","@id":"https:\/\/www.ruggit.dk\/no\/#website","url":"https:\/\/www.ruggit.dk\/no\/","name":"Ruggit","description":"Os der s\u00e6lger kuglet\u00e6pper","publisher":{"@id":"https:\/\/www.ruggit.dk\/no\/#organization"},"potentialAction":[{"@type":"SearchAction","target":{"@type":"EntryPoint","urlTemplate":"https:\/\/www.ruggit.dk\/no\/?s={search_term_string}"},"query-input":{"@type":"PropertyValueSpecification","valueRequired":true,"valueName":"search_term_string"}}],"inLanguage":"nb-NO"},{"@type":"Organization","@id":"https:\/\/www.ruggit.dk\/no\/#organization","name":"Ruggit","url":"https:\/\/www.ruggit.dk\/no\/","logo":{"@type":"ImageObject","inLanguage":"nb-NO","@id":"https:\/\/www.ruggit.dk\/no\/#\/schema\/logo\/image\/","url":"https:\/\/www.ruggit.dk\/wp-content\/uploads\/2021\/10\/cropped-logo-ruggit2.png","contentUrl":"https:\/\/www.ruggit.dk\/wp-content\/uploads\/2021\/10\/cropped-logo-ruggit2.png","width":211,"height":80,"caption":"Ruggit"},"image":{"@id":"https:\/\/www.ruggit.dk\/no\/#\/schema\/logo\/image\/"}}]}},"_links":{"self":[{"href":"https:\/\/www.ruggit.dk\/no\/wp-json\/wp\/v2\/pages\/5181","targetHints":{"allow":["GET"]}}],"collection":[{"href":"https:\/\/www.ruggit.dk\/no\/wp-json\/wp\/v2\/pages"}],"about":[{"href":"https:\/\/www.ruggit.dk\/no\/wp-json\/wp\/v2\/types\/page"}],"author":[{"embeddable":true,"href":"https:\/\/www.ruggit.dk\/no\/wp-json\/wp\/v2\/users\/1"}],"replies":[{"embeddable":true,"href":"https:\/\/www.ruggit.dk\/no\/wp-json\/wp\/v2\/comments?post=5181"}],"version-history":[{"count":2,"href":"https:\/\/www.ruggit.dk\/no\/wp-json\/wp\/v2\/pages\/5181\/revisions"}],"predecessor-version":[{"id":5183,"href":"https:\/\/www.ruggit.dk\/no\/wp-json\/wp\/v2\/pages\/5181\/revisions\/5183"}],"wp:attachment":[{"href":"https:\/\/www.ruggit.dk\/no\/wp-json\/wp\/v2\/media?parent=5181"}],"curies":[{"name":"wp","href":"https:\/\/api.w.org\/{rel}","templated":true}]}}