{"id":5276,"date":"2019-03-20T04:12:33","date_gmt":"2019-03-20T03:12:33","guid":{"rendered":"https:\/\/www.ruggit.dk\/om-oss\/"},"modified":"2022-04-17T21:59:38","modified_gmt":"2022-04-17T19:59:38","slug":"om-oss","status":"publish","type":"page","link":"https:\/\/www.ruggit.dk\/no\/om-oss\/","title":{"rendered":"Om oss"},"content":{"rendered":"<section class=\"wpb-content-wrapper\">[vc_row equal_height=&raquo;yes&raquo; content_placement=&raquo;middle&raquo; thb_column_padding=&raquo;true&raquo; css=&raquo;.vc_custom_1639057709429{padding-top: 60px !important;padding-bottom: 30px !important;background-position: center !important;background-repeat: no-repeat !important;background-size: cover !important;}&raquo; el_class=&raquo;video-bg-row&raquo;][vc_column][vc_column_text]\n<h1 style=\"text-align: center;\">Om Ruggit<\/h1>\n<h4 style=\"text-align: center;\">V\u00e5r misjon er \u00e5 levere kuletepper av h\u00f8y kvalitet med god pris til alle. Kuleteppene fra Ruggit er laget av ren ull, og de kommer i alle m\u00f8nstre og fargekombinasjoner du kan forestille deg. Vi kan spesiallage teppene slik at de matcher dine behov og din smak.<\/h4>\n[\/vc_column_text][\/vc_column][\/vc_row][vc_row et_full_width=&raquo;true&raquo; et_row_padding=&raquo;true&raquo; thb_column_padding=&raquo;true&raquo; thb_shape_divider=&raquo;true&raquo; divider_shape=&raquo;tilt_v2&#8243; thb_divider_color=&raquo;#242651&#8243; thb_divider_height=&raquo;100&#8243; css=&raquo;.vc_custom_1639057714135{padding-top: 30px !important;padding-bottom: 60px !important;}&raquo;][vc_column][vc_row_inner et_row_padding=&raquo;true&raquo; content_placement=&raquo;middle&raquo; el_class=&raquo;align-center&raquo;][vc_column_inner animation=&raquo;animation left-to-right&raquo; offset=&raquo;vc_col-md-7&#8243;][vc_single_image image=&raquo;4666&#8243; img_size=&raquo;full&raquo;][\/vc_column_inner][vc_column_inner animation=&raquo;animation right-to-left&raquo; offset=&raquo;vc_col-md-5&#8243; css=&raquo;.vc_custom_1639057918945{padding-top: 40px !important;}&raquo;][vc_column_text]\n<h5 class=\"fancy-title\"><strong>Verdier<\/strong><\/h5>\n<h2>V\u00e5rt team<\/h2>\n<p>Vi er et team av engasjerte og talentfulle mennesker som \u00f8nsker \u00e5 gi deg den aller beste kundeopplevelsen. Vi bryr oss om kvalitet, rask levering, st\u00f8tte og alt annet du kan komme til \u00e5 trenge n\u00e5r du handler hos oss.<\/p>\n<p>Vi streber etter \u00e5 gi best mulig service til v\u00e5re kunder, og hver dag er m\u00e5let v\u00e5rt \u00e5:<\/p>\n<ul>\n<li><b>Levere din bestilling<\/b> s\u00e5 raskt som mulig. Vi har som m\u00e5l \u00e5 levere bestillingen din innen noen f\u00e5 arbeidsdager etter bestillingsdato.<\/li>\n<li><b>S\u00f8rge for at v\u00e5re produkter<\/b> lever opp til dine forventninger med hensyn til utseende, kvalitet og pris.<\/li>\n<li><b>S\u00f8rge for at du alltid m\u00f8tes med et smil<\/b>, og at du alltid f\u00e5r akkurat den hjelpen og servicen du trenger.<\/li>\n<\/ul>\n[\/vc_column_text][\/vc_column_inner][\/vc_row_inner][\/vc_column][\/vc_row][vc_row et_full_width=&raquo;true&raquo; et_row_padding=&raquo;true&raquo; css=&raquo;.vc_custom_1639060364171{padding-top: 80px !important;background-color: #d6dde3 !important;}&raquo;][vc_column][vc_column_text css=&raquo;.vc_custom_1639060414778{padding-right: 10% !important;padding-left: 10% !important;}&raquo;]\n<h2 style=\"text-align: center;\">Hvem lager produktene?<\/h2>\n[\/vc_column_text][vc_row_inner css=&raquo;.vc_custom_1639058774796{padding-bottom: 40px !important;}&raquo;][vc_column_inner width=&raquo;1\/3&#8243; animation=&raquo;animation bottom-to-top&raquo;]\t<div class=\"et-image-354 et-image aligncenter full   et_image_link\">\n\t\t<div class=\"et-image-inner \">\n\t\t\t\t\t\t\t<div class=\"et-image-thumb \">\n\t\t\t\t\t<img loading=\"lazy\" decoding=\"async\" width=\"500\" height=\"340\" src=\"https:\/\/www.ruggit.dk\/wp-content\/uploads\/2021\/12\/about-background-2.jpg\" class=\"attachment-full\" alt=\"om ruggit uldt\u00e6pper\" title=\"about-background-2\" srcset=\"https:\/\/www.ruggit.dk\/wp-content\/uploads\/2021\/12\/about-background-2.jpg 500w, https:\/\/www.ruggit.dk\/wp-content\/uploads\/2021\/12\/about-background-2-300x204.jpg 300w, https:\/\/www.ruggit.dk\/wp-content\/uploads\/2021\/12\/about-background-2-150x102.jpg 150w\" sizes=\"auto, (max-width: 500px) 100vw, 500px\" \/>\t\t\t\t<\/div>\n\t\t\t\t\t\t\t\t\t\t\t<\/div>\n\t<\/div>\n  [vc_empty_space][vc_column_text]\n<h3>Produksjonen<\/h3>\n<p>I Nepal har ull blitt brukt til tepper, kl\u00e6r, vesker og mye mer i flere \u00e5rhundrer. Og n\u00e5 kan du kj\u00f8pe de vakreste kuleteppene laget av den samme typen ull, med de samme teknikkene.<\/p>\n<p>V\u00e5re tepper er laget i Nepals hovedstad, Katmandu, og i omr\u00e5det rundt.[\/vc_column_text][\/vc_column_inner][vc_column_inner width=&raquo;1\/3&#8243; animation=&raquo;animation bottom-to-top&raquo;]\t<div class=\"et-image-61 et-image aligncenter full   et_image_link\">\n\t\t<div class=\"et-image-inner \">\n\t\t\t\t\t\t\t<div class=\"et-image-thumb \">\n\t\t\t\t\t<img loading=\"lazy\" decoding=\"async\" width=\"500\" height=\"340\" src=\"https:\/\/www.ruggit.dk\/wp-content\/uploads\/2021\/12\/about-background-3-min.jpg\" class=\"attachment-full\" alt=\"om ruggit uldt\u00e6pper\" title=\"about-background-3-min\" srcset=\"https:\/\/www.ruggit.dk\/wp-content\/uploads\/2021\/12\/about-background-3-min.jpg 500w, https:\/\/www.ruggit.dk\/wp-content\/uploads\/2021\/12\/about-background-3-min-300x204.jpg 300w, https:\/\/www.ruggit.dk\/wp-content\/uploads\/2021\/12\/about-background-3-min-150x102.jpg 150w\" sizes=\"auto, (max-width: 500px) 100vw, 500px\" \/>\t\t\t\t<\/div>\n\t\t\t\t\t\t\t\t\t\t\t<\/div>\n\t<\/div>\n  [vc_empty_space][vc_column_text]\n<h3>V\u00e5re nepalske h\u00e5ndverkere<\/h3>\n<p>Kuleteppene v\u00e5re er hovedsaklig laget av kvinner. Kun 10% av v\u00e5r leverand\u00f8rs ansatte er menn.<\/p>\n<p>De ansatte er ofte nepalske mennesker uten utdannelse som kommer fra sm\u00e5 landsbyer i omr\u00e5dene rundt Katmandu. Men de inkluderer ogs\u00e5 kvinner fra familier med lav innekt, som lager kuleteppene p\u00e5 fritiden som en m\u00e5te \u00e5 bidra til husholdningen og til barnas utdannelse.[\/vc_column_text][\/vc_column_inner][vc_column_inner width=&raquo;1\/3&#8243; animation=&raquo;animation bottom-to-top&raquo;]\t<div class=\"et-image-156 et-image aligncenter full   et_image_link\">\n\t\t<div class=\"et-image-inner \">\n\t\t\t\t\t\t\t<div class=\"et-image-thumb \">\n\t\t\t\t\t<img loading=\"lazy\" decoding=\"async\" width=\"500\" height=\"340\" src=\"https:\/\/www.ruggit.dk\/wp-content\/uploads\/2021\/12\/about-background-4.jpg\" class=\"attachment-full\" alt=\"om ruggit uldt\u00e6pper\" title=\"about-background-4\" srcset=\"https:\/\/www.ruggit.dk\/wp-content\/uploads\/2021\/12\/about-background-4.jpg 500w, https:\/\/www.ruggit.dk\/wp-content\/uploads\/2021\/12\/about-background-4-300x204.jpg 300w, https:\/\/www.ruggit.dk\/wp-content\/uploads\/2021\/12\/about-background-4-150x102.jpg 150w\" sizes=\"auto, (max-width: 500px) 100vw, 500px\" \/>\t\t\t\t<\/div>\n\t\t\t\t\t\t\t\t\t\t\t<\/div>\n\t<\/div>\n  [vc_empty_space][vc_column_text]\n<h3>Arbeidsl\u00f8shet<\/h3>\n<p>Fattigdom og arbeidsl\u00f8shet er enorme problemer i Nepal \u2013 og derfor er vi sv\u00e6rt stolte av \u00e5 kunne si at v\u00e5rt selskap og salget av kuletepper har bidratt til arbeid og betaling for mange nepalske mennesker gjennom \u00e5rene. Vi er glade for \u00e5 kunne hjelpe \u00e5 frembringe en bedre levestandard for dem og deres barn.<\/p>\n<p>Vi er i mot barnearbeid, og det er v\u00e5re leverand\u00f8rer ogs\u00e5. Dette er en sv\u00e6rt viktig sak for oss, og vi s\u00f8rger for at enhver ansatt er voksen.[\/vc_column_text][\/vc_column_inner][\/vc_row_inner][\/vc_column][\/vc_row][vc_row et_full_width=&raquo;true&raquo; et_row_padding=&raquo;true&raquo; content_placement=&raquo;middle&raquo; css=&raquo;.vc_custom_1639060531799{padding-top: 80px !important;padding-bottom: 80px !important;}&raquo;][vc_column][vc_column_text]\n<h2 style=\"text-align: center;\">Prosessen \u2013 1, 2, 3!<\/h2>\n<h4 style=\"text-align: center;\">V\u00e5re kuletepper er laget av 100% ny ull fra New Zealand, kj\u00f8pt av v\u00e5re leverand\u00f8rer fra lokale import\u00f8rer.<\/h4>\n[\/vc_column_text][vc_row_inner rtl_reverse=&raquo;yes&raquo; content_placement=&raquo;middle&raquo; el_class=&raquo;reverse-columns&raquo;][vc_column_inner width=&raquo;1\/2&#8243; css=&raquo;.vc_custom_1639153935079{border-top-width: 15px !important;padding-bottom: 15px !important;}&raquo;][vc_column_text]\n<h5 class=\"fancy-title\"><strong>R\u00e5 ull<\/strong><\/h5>\n<h4>Den rene ullen blir profesjonelt farget. De bruker ingen toksiner eller allergenske materialer i produksjonen av de flerfargede filtkulene.<\/h4>\n[\/vc_column_text][\/vc_column_inner][vc_column_inner width=&raquo;1\/2&#8243; css=&raquo;.vc_custom_1639153764100{padding-top: 30px !important;padding-bottom: 30px !important;}&raquo;]\t<div class=\"et-image-775 et-image aligncenter full   et_image_link\">\n\t\t<div class=\"et-image-inner animation right-to-left\">\n\t\t\t\t\t\t\t<div class=\"et-image-thumb \">\n\t\t\t\t\t<img loading=\"lazy\" decoding=\"async\" width=\"900\" height=\"600\" src=\"https:\/\/www.ruggit.dk\/wp-content\/uploads\/2021\/12\/process-raa-uld.jpg\" class=\"attachment-large\" alt=\"om ruggit uldt\u00e6pper\" title=\"process-r\u00e5-uld\" srcset=\"https:\/\/www.ruggit.dk\/wp-content\/uploads\/2021\/12\/process-raa-uld.jpg 900w, https:\/\/www.ruggit.dk\/wp-content\/uploads\/2021\/12\/process-raa-uld-300x200.jpg 300w, https:\/\/www.ruggit.dk\/wp-content\/uploads\/2021\/12\/process-raa-uld-768x512.jpg 768w, https:\/\/www.ruggit.dk\/wp-content\/uploads\/2021\/12\/process-raa-uld-150x100.jpg 150w\" sizes=\"auto, (max-width: 900px) 100vw, 900px\" \/>\t\t\t\t<\/div>\n\t\t\t\t\t\t\t\t\t\t\t<\/div>\n\t<\/div>\n  [\/vc_column_inner][\/vc_row_inner][vc_row_inner content_placement=&raquo;middle&raquo;][vc_column_inner width=&raquo;1\/2&#8243; css=&raquo;.vc_custom_1639153770493{padding-top: 30px !important;padding-bottom: 30px !important;}&raquo;]\t<div class=\"et-image-141 et-image aligncenter full   et_image_link\">\n\t\t<div class=\"et-image-inner animation right-to-left\">\n\t\t\t\t\t\t\t<div class=\"et-image-thumb \">\n\t\t\t\t\t<img loading=\"lazy\" decoding=\"async\" width=\"900\" height=\"600\" src=\"https:\/\/www.ruggit.dk\/wp-content\/uploads\/2021\/12\/process-formning.jpg\" class=\"attachment-large\" alt=\"om ruggit uldt\u00e6pper\" title=\"process-formning\" srcset=\"https:\/\/www.ruggit.dk\/wp-content\/uploads\/2021\/12\/process-formning.jpg 900w, https:\/\/www.ruggit.dk\/wp-content\/uploads\/2021\/12\/process-formning-300x200.jpg 300w, https:\/\/www.ruggit.dk\/wp-content\/uploads\/2021\/12\/process-formning-768x512.jpg 768w, https:\/\/www.ruggit.dk\/wp-content\/uploads\/2021\/12\/process-formning-150x100.jpg 150w\" sizes=\"auto, (max-width: 900px) 100vw, 900px\" \/>\t\t\t\t<\/div>\n\t\t\t\t\t\t\t\t\t\t\t<\/div>\n\t<\/div>\n  [\/vc_column_inner][vc_column_inner el_class=&raquo;reverse-columns&raquo; width=&raquo;1\/2&#8243; css=&raquo;.vc_custom_1639153939476{padding-top: 15px !important;padding-bottom: 15px !important;}&raquo;][vc_column_text]\n<h5 class=\"fancy-title\"><strong>Forme ballene<\/strong><\/h5>\n<h4>Filtkulene blir formet i varmt s\u00e5pevann og deretter skylt, nedkj\u00f8lt og lagt til t\u00f8rk i sola. Filt er faktisk et av de eldste tekstilene vi kjenner til, og mennesker brukte filt lenge f\u00f8r strikking og veving ble oppfunnet.<\/h4>\n[\/vc_column_text][\/vc_column_inner][\/vc_row_inner][vc_row_inner rtl_reverse=&raquo;yes&raquo; content_placement=&raquo;middle&raquo; el_class=&raquo;reverse-columns&raquo;][vc_column_inner width=&raquo;1\/2&#8243; css=&raquo;.vc_custom_1639153946717{padding-top: 15px !important;padding-bottom: 15px !important;}&raquo;][vc_column_text]\n<h5 class=\"fancy-title\"><strong>Sying<\/strong><\/h5>\n<h4>Filtkulene i ulike farger blir sydd sammen som perler p\u00e5 en tr\u00e5d med en gammel teknikk. Denne teknikken holder filtkulene tett sammen og gj\u00f8r teppene sv\u00e6rt slitesterke og langvarige.<\/h4>\n[\/vc_column_text][\/vc_column_inner][vc_column_inner width=&raquo;1\/2&#8243; css=&raquo;.vc_custom_1639153794840{padding-top: 30px !important;padding-bottom: 30px !important;}&raquo;]\t<div class=\"et-image-536 et-image aligncenter full   et_image_link\">\n\t\t<div class=\"et-image-inner animation right-to-left\">\n\t\t\t\t\t\t\t<div class=\"et-image-thumb \">\n\t\t\t\t\t<img loading=\"lazy\" decoding=\"async\" width=\"900\" height=\"600\" src=\"https:\/\/www.ruggit.dk\/wp-content\/uploads\/2021\/12\/process-syning.jpg\" class=\"attachment-large\" alt=\"om ruggit uldt\u00e6pper\" title=\"process-syning\" srcset=\"https:\/\/www.ruggit.dk\/wp-content\/uploads\/2021\/12\/process-syning.jpg 900w, https:\/\/www.ruggit.dk\/wp-content\/uploads\/2021\/12\/process-syning-300x200.jpg 300w, https:\/\/www.ruggit.dk\/wp-content\/uploads\/2021\/12\/process-syning-768x512.jpg 768w, https:\/\/www.ruggit.dk\/wp-content\/uploads\/2021\/12\/process-syning-150x100.jpg 150w\" sizes=\"auto, (max-width: 900px) 100vw, 900px\" \/>\t\t\t\t<\/div>\n\t\t\t\t\t\t\t\t\t\t\t<\/div>\n\t<\/div>\n  [\/vc_column_inner][\/vc_row_inner][\/vc_column][\/vc_row]\n<\/section>","protected":false},"excerpt":{"rendered":"<p>[vc_row equal_height=&raquo;yes&raquo; content_placement=&raquo;middle&raquo; thb_column_padding=&raquo;true&raquo; css=&raquo;.vc_custom_1639057709429{padding-top: 60px !important;padding-bottom: 30px !important;background-position: center !important;background-repeat: no-repeat !important;background-size: cover !important;}&raquo; el_class=&raquo;video-bg-row&raquo;][vc_column][vc_column_text] Om Ruggit V\u00e5r misjon er \u00e5 levere kuletepper av h\u00f8y kvalitet med god pris til alle. Kuleteppene fra Ruggit er laget av ren ull, og de kommer i alle m\u00f8nstre og fargekombinasjoner du kan&hellip;<\/p>\n","protected":false},"author":1,"featured_media":0,"parent":0,"menu_order":0,"comment_status":"closed","ping_status":"closed","template":"","meta":{"footnotes":""},"class_list":["post-5276","page","type-page","status-publish","hentry"],"yoast_head":"<!-- This site is optimized with the Yoast SEO plugin v26.2 - https:\/\/yoast.com\/wordpress\/plugins\/seo\/ -->\n<title>Om oss - Ruggit<\/title>\n<meta name=\"robots\" content=\"index, follow, max-snippet:-1, max-image-preview:large, max-video-preview:-1\" \/>\n<link rel=\"canonical\" href=\"https:\/\/www.ruggit.dk\/no\/om-oss\/\" \/>\n<meta property=\"og:locale\" content=\"nb_NO\" \/>\n<meta property=\"og:type\" content=\"article\" \/>\n<meta property=\"og:title\" content=\"Om oss - Ruggit\" \/>\n<meta property=\"og:description\" content=\"[vc_row equal_height=&raquo;yes&raquo; content_placement=&raquo;middle&raquo; thb_column_padding=&raquo;true&raquo; css=&raquo;.vc_custom_1639057709429{padding-top: 60px !important;padding-bottom: 30px !important;background-position: center !important;background-repeat: no-repeat !important;background-size: cover !important;}&raquo; el_class=&raquo;video-bg-row&raquo;][vc_column][vc_column_text] Om Ruggit V\u00e5r misjon er \u00e5 levere kuletepper av h\u00f8y kvalitet med god pris til alle. Kuleteppene fra Ruggit er laget av ren ull, og de kommer i alle m\u00f8nstre og fargekombinasjoner du kan&hellip;\" \/>\n<meta property=\"og:url\" content=\"https:\/\/www.ruggit.dk\/no\/om-oss\/\" \/>\n<meta property=\"og:site_name\" content=\"Ruggit\" \/>\n<meta property=\"article:modified_time\" content=\"2022-04-17T19:59:38+00:00\" \/>\n<meta name=\"twitter:card\" content=\"summary_large_image\" \/>\n<meta name=\"twitter:label1\" content=\"Ansl. lesetid\" \/>\n\t<meta name=\"twitter:data1\" content=\"5 minutter\" \/>\n<script type=\"application\/ld+json\" class=\"yoast-schema-graph\">{\"@context\":\"https:\/\/schema.org\",\"@graph\":[{\"@type\":\"WebPage\",\"@id\":\"https:\/\/www.ruggit.dk\/no\/om-oss\/\",\"url\":\"https:\/\/www.ruggit.dk\/no\/om-oss\/\",\"name\":\"Om oss - Ruggit\",\"isPartOf\":{\"@id\":\"https:\/\/www.ruggit.dk\/no\/#website\"},\"datePublished\":\"2019-03-20T03:12:33+00:00\",\"dateModified\":\"2022-04-17T19:59:38+00:00\",\"breadcrumb\":{\"@id\":\"https:\/\/www.ruggit.dk\/no\/om-oss\/#breadcrumb\"},\"inLanguage\":\"nb-NO\",\"potentialAction\":[{\"@type\":\"ReadAction\",\"target\":[\"https:\/\/www.ruggit.dk\/no\/om-oss\/\"]}]},{\"@type\":\"BreadcrumbList\",\"@id\":\"https:\/\/www.ruggit.dk\/no\/om-oss\/#breadcrumb\",\"itemListElement\":[{\"@type\":\"ListItem\",\"position\":1,\"name\":\"Hjem\",\"item\":\"https:\/\/www.ruggit.dk\/no\/\"},{\"@type\":\"ListItem\",\"position\":2,\"name\":\"Om oss\"}]},{\"@type\":\"WebSite\",\"@id\":\"https:\/\/www.ruggit.dk\/no\/#website\",\"url\":\"https:\/\/www.ruggit.dk\/no\/\",\"name\":\"Ruggit\",\"description\":\"Os der s\u00e6lger kuglet\u00e6pper\",\"publisher\":{\"@id\":\"https:\/\/www.ruggit.dk\/no\/#organization\"},\"potentialAction\":[{\"@type\":\"SearchAction\",\"target\":{\"@type\":\"EntryPoint\",\"urlTemplate\":\"https:\/\/www.ruggit.dk\/no\/?s={search_term_string}\"},\"query-input\":{\"@type\":\"PropertyValueSpecification\",\"valueRequired\":true,\"valueName\":\"search_term_string\"}}],\"inLanguage\":\"nb-NO\"},{\"@type\":\"Organization\",\"@id\":\"https:\/\/www.ruggit.dk\/no\/#organization\",\"name\":\"Ruggit\",\"url\":\"https:\/\/www.ruggit.dk\/no\/\",\"logo\":{\"@type\":\"ImageObject\",\"inLanguage\":\"nb-NO\",\"@id\":\"https:\/\/www.ruggit.dk\/no\/#\/schema\/logo\/image\/\",\"url\":\"https:\/\/www.ruggit.dk\/wp-content\/uploads\/2021\/10\/cropped-logo-ruggit2.png\",\"contentUrl\":\"https:\/\/www.ruggit.dk\/wp-content\/uploads\/2021\/10\/cropped-logo-ruggit2.png\",\"width\":211,\"height\":80,\"caption\":\"Ruggit\"},\"image\":{\"@id\":\"https:\/\/www.ruggit.dk\/no\/#\/schema\/logo\/image\/\"}}]}<\/script>\n<!-- \/ Yoast SEO plugin. -->","yoast_head_json":{"title":"Om oss - Ruggit","robots":{"index":"index","follow":"follow","max-snippet":"max-snippet:-1","max-image-preview":"max-image-preview:large","max-video-preview":"max-video-preview:-1"},"canonical":"https:\/\/www.ruggit.dk\/no\/om-oss\/","og_locale":"nb_NO","og_type":"article","og_title":"Om oss - Ruggit","og_description":"[vc_row equal_height=&raquo;yes&raquo; content_placement=&raquo;middle&raquo; thb_column_padding=&raquo;true&raquo; css=&raquo;.vc_custom_1639057709429{padding-top: 60px !important;padding-bottom: 30px !important;background-position: center !important;background-repeat: no-repeat !important;background-size: cover !important;}&raquo; el_class=&raquo;video-bg-row&raquo;][vc_column][vc_column_text] Om Ruggit V\u00e5r misjon er \u00e5 levere kuletepper av h\u00f8y kvalitet med god pris til alle. Kuleteppene fra Ruggit er laget av ren ull, og de kommer i alle m\u00f8nstre og fargekombinasjoner du kan&hellip;","og_url":"https:\/\/www.ruggit.dk\/no\/om-oss\/","og_site_name":"Ruggit","article_modified_time":"2022-04-17T19:59:38+00:00","twitter_card":"summary_large_image","twitter_misc":{"Ansl. lesetid":"5 minutter"},"schema":{"@context":"https:\/\/schema.org","@graph":[{"@type":"WebPage","@id":"https:\/\/www.ruggit.dk\/no\/om-oss\/","url":"https:\/\/www.ruggit.dk\/no\/om-oss\/","name":"Om oss - Ruggit","isPartOf":{"@id":"https:\/\/www.ruggit.dk\/no\/#website"},"datePublished":"2019-03-20T03:12:33+00:00","dateModified":"2022-04-17T19:59:38+00:00","breadcrumb":{"@id":"https:\/\/www.ruggit.dk\/no\/om-oss\/#breadcrumb"},"inLanguage":"nb-NO","potentialAction":[{"@type":"ReadAction","target":["https:\/\/www.ruggit.dk\/no\/om-oss\/"]}]},{"@type":"BreadcrumbList","@id":"https:\/\/www.ruggit.dk\/no\/om-oss\/#breadcrumb","itemListElement":[{"@type":"ListItem","position":1,"name":"Hjem","item":"https:\/\/www.ruggit.dk\/no\/"},{"@type":"ListItem","position":2,"name":"Om oss"}]},{"@type":"WebSite","@id":"https:\/\/www.ruggit.dk\/no\/#website","url":"https:\/\/www.ruggit.dk\/no\/","name":"Ruggit","description":"Os der s\u00e6lger kuglet\u00e6pper","publisher":{"@id":"https:\/\/www.ruggit.dk\/no\/#organization"},"potentialAction":[{"@type":"SearchAction","target":{"@type":"EntryPoint","urlTemplate":"https:\/\/www.ruggit.dk\/no\/?s={search_term_string}"},"query-input":{"@type":"PropertyValueSpecification","valueRequired":true,"valueName":"search_term_string"}}],"inLanguage":"nb-NO"},{"@type":"Organization","@id":"https:\/\/www.ruggit.dk\/no\/#organization","name":"Ruggit","url":"https:\/\/www.ruggit.dk\/no\/","logo":{"@type":"ImageObject","inLanguage":"nb-NO","@id":"https:\/\/www.ruggit.dk\/no\/#\/schema\/logo\/image\/","url":"https:\/\/www.ruggit.dk\/wp-content\/uploads\/2021\/10\/cropped-logo-ruggit2.png","contentUrl":"https:\/\/www.ruggit.dk\/wp-content\/uploads\/2021\/10\/cropped-logo-ruggit2.png","width":211,"height":80,"caption":"Ruggit"},"image":{"@id":"https:\/\/www.ruggit.dk\/no\/#\/schema\/logo\/image\/"}}]}},"_links":{"self":[{"href":"https:\/\/www.ruggit.dk\/no\/wp-json\/wp\/v2\/pages\/5276","targetHints":{"allow":["GET"]}}],"collection":[{"href":"https:\/\/www.ruggit.dk\/no\/wp-json\/wp\/v2\/pages"}],"about":[{"href":"https:\/\/www.ruggit.dk\/no\/wp-json\/wp\/v2\/types\/page"}],"author":[{"embeddable":true,"href":"https:\/\/www.ruggit.dk\/no\/wp-json\/wp\/v2\/users\/1"}],"replies":[{"embeddable":true,"href":"https:\/\/www.ruggit.dk\/no\/wp-json\/wp\/v2\/comments?post=5276"}],"version-history":[{"count":3,"href":"https:\/\/www.ruggit.dk\/no\/wp-json\/wp\/v2\/pages\/5276\/revisions"}],"predecessor-version":[{"id":6337,"href":"https:\/\/www.ruggit.dk\/no\/wp-json\/wp\/v2\/pages\/5276\/revisions\/6337"}],"wp:attachment":[{"href":"https:\/\/www.ruggit.dk\/no\/wp-json\/wp\/v2\/media?parent=5276"}],"curies":[{"name":"wp","href":"https:\/\/api.w.org\/{rel}","templated":true}]}}