{"id":5931,"date":"2021-10-05T13:33:00","date_gmt":"2021-10-05T11:33:00","guid":{"rendered":"https:\/\/www.ruggit.dk\/vare\/khairo-kugletaeppe\/"},"modified":"2022-04-29T10:06:16","modified_gmt":"2022-04-29T08:06:16","slug":"khairo-kuleteppe","status":"publish","type":"product","link":"https:\/\/www.ruggit.dk\/no\/shop\/kuleteppe\/khairo-kuleteppe\/","title":{"rendered":"Khairo Kuleteppe"},"content":{"rendered":"<section class=\"wpb-content-wrapper\">[vc_row][vc_column width=&raquo;1\/4&#8243; animation=&raquo;animation bottom-to-top&raquo;]\t<div class=\"et-image-369 et-image aligncenter   medium-shadow et_image_link\">\n\t\t<div class=\"et-image-inner \">\n\t\t\t\t\t\t\t<div class=\"et-image-thumb \">\n\t\t\t\t\t<img loading=\"lazy\" decoding=\"async\" class=\"\" src=\"https:\/\/www.ruggit.dk\/wp-content\/uploads\/2021\/10\/2-Wool-unpacked-418x200.jpg\" width=\"418\" height=\"200\" alt=\"product declaration\" title=\"2 Wool unpacked\" \/>\t\t\t\t<\/div>\n\t\t\t\t\t\t\t\t\t\t\t<\/div>\n\t<\/div>\n  [vc_empty_space height=&raquo;20px&raquo;][vc_column_text]\n<h4 style=\"text-align: center;\">Merinoull<\/h4>\n<p style=\"text-align: center;\">100% ren ull. Et naturlig produkt som ikke for\u00e5rsaker irritasjon eller ubehag. Dette produktet kan inneholde rester av t\u00f8rket gress.<\/p>\n[\/vc_column_text][\/vc_column][vc_column width=&raquo;1\/4&#8243; animation=&raquo;animation bottom-to-top&raquo;]\t<div class=\"et-image-485 et-image aligncenter full  medium-shadow et_image_link\">\n\t\t<div class=\"et-image-inner \">\n\t\t\t\t\t\t\t<div class=\"et-image-thumb \">\n\t\t\t\t\t<img loading=\"lazy\" decoding=\"async\" class=\"\" src=\"https:\/\/www.ruggit.dk\/wp-content\/uploads\/2021\/10\/products-declaration-2-418x200.png\" width=\"418\" height=\"200\" alt=\"product declaration\" title=\"products-declaration-2\" \/>\t\t\t\t<\/div>\n\t\t\t\t\t\t\t\t\t\t\t<\/div>\n\t<\/div>\n  [vc_empty_space height=&raquo;20px&raquo;][vc_column_text]\n<h4 style=\"text-align: center;\">Naturlige produkter<\/h4>\n<p style=\"text-align: center;\">Ingen toksiner eller allergener. 100% fritt for azoforbindelser. Et sunt og ufarlig naturlig produkt.<\/p>\n[\/vc_column_text][\/vc_column][vc_column width=&raquo;1\/4&#8243; animation=&raquo;animation bottom-to-top&raquo;]\t<div class=\"et-image-922 et-image aligncenter   medium-shadow et_image_link\">\n\t\t<div class=\"et-image-inner \">\n\t\t\t\t\t\t\t<div class=\"et-image-thumb \">\n\t\t\t\t\t<img loading=\"lazy\" decoding=\"async\" class=\"\" src=\"https:\/\/www.ruggit.dk\/wp-content\/uploads\/2021\/10\/products-declaration-3-418x200.png\" width=\"418\" height=\"200\" alt=\"product declaration\" title=\"products-declaration-3\" \/>\t\t\t\t<\/div>\n\t\t\t\t\t\t\t\t\t\t\t<\/div>\n\t<\/div>\n  [vc_empty_space height=&raquo;20px&raquo;][vc_column_text]\n<h4 style=\"text-align: center;\">Robust<\/h4>\n<p style=\"text-align: center;\">Filtkulene er sydd sammen med 2mm nylontr\u00e5d, noe som gj\u00f8r produktet sv\u00e6rt slitesterkt og varig.<\/p>\n[\/vc_column_text][\/vc_column][vc_column width=&raquo;1\/4&#8243;]\t<div class=\"et-image-239 et-image aligncenter   medium-shadow et_image_link\">\n\t\t<div class=\"et-image-inner \">\n\t\t\t\t\t\t\t<div class=\"et-image-thumb \">\n\t\t\t\t\t<img loading=\"lazy\" decoding=\"async\" class=\"\" src=\"https:\/\/www.ruggit.dk\/wp-content\/uploads\/2021\/10\/products-declaration-4-418x200.png\" width=\"418\" height=\"200\" alt=\"product declaration\" title=\"products-declaration-4\" \/>\t\t\t\t<\/div>\n\t\t\t\t\t\t\t\t\t\t\t<\/div>\n\t<\/div>\n  [vc_empty_space height=&raquo;20px&raquo;][vc_column_text]\n<h4 style=\"text-align: center;\">H\u00f8y kvalitet<\/h4>\n<p style=\"text-align: center;\">De tett tovete kulene veier rundt 5,5kg\/m\u00b2. Kulene holder formen og er sv\u00e6rt slitesterke.<\/p>\n[\/vc_column_text][\/vc_column][\/vc_row]\n<\/section>","protected":false},"excerpt":{"rendered":"<p>Khairo er navnet p\u00e5 dette stilige kuleteppet, og et ord som betyr &laquo;brun&raquo; p\u00e5 Nepali. Dette teppet er laget av naturlig, m\u00f8rk ull, som gir den en interessant blanding av brune og gr\u00e5 toner. Stilen er lavm\u00e6lt og matcher nesten alle hjem og innredning.<\/p>\n","protected":false},"featured_media":4402,"template":"","meta":[],"product_brand":[],"product_cat":[121],"product_tag":[],"class_list":{"0":"post-5931","1":"product","2":"type-product","3":"status-publish","4":"has-post-thumbnail","6":"product_cat-kuleteppe","8":"first","9":"instock","10":"sale","11":"taxable","12":"shipping-taxable","13":"purchasable","14":"product-type-variable","15":"has-default-attributes"},"yoast_head":"<!-- This site is optimized with the Yoast SEO plugin v26.2 - https:\/\/yoast.com\/wordpress\/plugins\/seo\/ -->\n<title>Khairo Kuleteppe - Ruggit<\/title>\n<meta name=\"robots\" content=\"index, follow, max-snippet:-1, max-image-preview:large, max-video-preview:-1\" \/>\n<link rel=\"canonical\" href=\"https:\/\/www.ruggit.dk\/no\/shop\/kuleteppe\/khairo-kuleteppe\/\" \/>\n<meta property=\"og:locale\" content=\"nb_NO\" \/>\n<meta property=\"og:type\" content=\"article\" \/>\n<meta property=\"og:title\" content=\"Khairo Kuleteppe - Ruggit\" \/>\n<meta property=\"og:description\" content=\"Khairo er navnet p\u00e5 dette stilige kuleteppet, og et ord som betyr &quot;brun&quot; p\u00e5 Nepali. Dette teppet er laget av naturlig, m\u00f8rk ull, som gir den en interessant blanding av brune og gr\u00e5 toner. Stilen er lavm\u00e6lt og matcher nesten alle hjem og innredning.\" \/>\n<meta property=\"og:url\" content=\"https:\/\/www.ruggit.dk\/no\/shop\/kuleteppe\/khairo-kuleteppe\/\" \/>\n<meta property=\"og:site_name\" content=\"Ruggit\" \/>\n<meta property=\"article:modified_time\" content=\"2022-04-29T08:06:16+00:00\" \/>\n<meta property=\"og:image\" content=\"https:\/\/dev.ruggit.dk\/wp-content\/uploads\/2021\/10\/kugletaeppe-khairo.jpg\" \/>\n\t<meta property=\"og:image:width\" content=\"1122\" \/>\n\t<meta property=\"og:image:height\" content=\"1122\" \/>\n\t<meta property=\"og:image:type\" content=\"image\/jpeg\" \/>\n<meta name=\"twitter:card\" content=\"summary_large_image\" \/>\n<meta name=\"twitter:label1\" content=\"Ansl. lesetid\" \/>\n\t<meta name=\"twitter:data1\" content=\"1 minutt\" \/>\n<script type=\"application\/ld+json\" class=\"yoast-schema-graph\">{\"@context\":\"https:\/\/schema.org\",\"@graph\":[{\"@type\":\"WebPage\",\"@id\":\"https:\/\/www.ruggit.dk\/no\/shop\/kuleteppe\/khairo-kuleteppe\/\",\"url\":\"https:\/\/www.ruggit.dk\/no\/shop\/kuleteppe\/khairo-kuleteppe\/\",\"name\":\"Khairo Kuleteppe - Ruggit\",\"isPartOf\":{\"@id\":\"https:\/\/www.ruggit.dk\/no\/#website\"},\"primaryImageOfPage\":{\"@id\":\"https:\/\/www.ruggit.dk\/no\/shop\/kuleteppe\/khairo-kuleteppe\/#primaryimage\"},\"image\":{\"@id\":\"https:\/\/www.ruggit.dk\/no\/shop\/kuleteppe\/khairo-kuleteppe\/#primaryimage\"},\"thumbnailUrl\":\"https:\/\/www.ruggit.dk\/wp-content\/uploads\/2021\/10\/kugletaeppe-khairo.jpg\",\"datePublished\":\"2021-10-05T11:33:00+00:00\",\"dateModified\":\"2022-04-29T08:06:16+00:00\",\"breadcrumb\":{\"@id\":\"https:\/\/www.ruggit.dk\/no\/shop\/kuleteppe\/khairo-kuleteppe\/#breadcrumb\"},\"inLanguage\":\"nb-NO\",\"potentialAction\":[{\"@type\":\"ReadAction\",\"target\":[\"https:\/\/www.ruggit.dk\/no\/shop\/kuleteppe\/khairo-kuleteppe\/\"]}]},{\"@type\":\"ImageObject\",\"inLanguage\":\"nb-NO\",\"@id\":\"https:\/\/www.ruggit.dk\/no\/shop\/kuleteppe\/khairo-kuleteppe\/#primaryimage\",\"url\":\"https:\/\/www.ruggit.dk\/wp-content\/uploads\/2021\/10\/kugletaeppe-khairo.jpg\",\"contentUrl\":\"https:\/\/www.ruggit.dk\/wp-content\/uploads\/2021\/10\/kugletaeppe-khairo.jpg\",\"width\":1122,\"height\":1122,\"caption\":\"m\u00f8rkegr\u00e5 kuglet\u00e6ppe\"},{\"@type\":\"BreadcrumbList\",\"@id\":\"https:\/\/www.ruggit.dk\/no\/shop\/kuleteppe\/khairo-kuleteppe\/#breadcrumb\",\"itemListElement\":[{\"@type\":\"ListItem\",\"position\":1,\"name\":\"Hjem\",\"item\":\"https:\/\/www.ruggit.dk\/no\/\"},{\"@type\":\"ListItem\",\"position\":2,\"name\":\"Shop\",\"item\":\"https:\/\/www.ruggit.dk\/no\/shop\/\"},{\"@type\":\"ListItem\",\"position\":3,\"name\":\"Khairo Kuleteppe\"}]},{\"@type\":\"WebSite\",\"@id\":\"https:\/\/www.ruggit.dk\/no\/#website\",\"url\":\"https:\/\/www.ruggit.dk\/no\/\",\"name\":\"Ruggit\",\"description\":\"Os der s\u00e6lger kuglet\u00e6pper\",\"publisher\":{\"@id\":\"https:\/\/www.ruggit.dk\/no\/#organization\"},\"potentialAction\":[{\"@type\":\"SearchAction\",\"target\":{\"@type\":\"EntryPoint\",\"urlTemplate\":\"https:\/\/www.ruggit.dk\/no\/?s={search_term_string}\"},\"query-input\":{\"@type\":\"PropertyValueSpecification\",\"valueRequired\":true,\"valueName\":\"search_term_string\"}}],\"inLanguage\":\"nb-NO\"},{\"@type\":\"Organization\",\"@id\":\"https:\/\/www.ruggit.dk\/no\/#organization\",\"name\":\"Ruggit\",\"url\":\"https:\/\/www.ruggit.dk\/no\/\",\"logo\":{\"@type\":\"ImageObject\",\"inLanguage\":\"nb-NO\",\"@id\":\"https:\/\/www.ruggit.dk\/no\/#\/schema\/logo\/image\/\",\"url\":\"https:\/\/www.ruggit.dk\/wp-content\/uploads\/2021\/10\/cropped-logo-ruggit2.png\",\"contentUrl\":\"https:\/\/www.ruggit.dk\/wp-content\/uploads\/2021\/10\/cropped-logo-ruggit2.png\",\"width\":211,\"height\":80,\"caption\":\"Ruggit\"},\"image\":{\"@id\":\"https:\/\/www.ruggit.dk\/no\/#\/schema\/logo\/image\/\"}}]}<\/script>\n<!-- \/ Yoast SEO plugin. -->","yoast_head_json":{"title":"Khairo Kuleteppe - Ruggit","robots":{"index":"index","follow":"follow","max-snippet":"max-snippet:-1","max-image-preview":"max-image-preview:large","max-video-preview":"max-video-preview:-1"},"canonical":"https:\/\/www.ruggit.dk\/no\/shop\/kuleteppe\/khairo-kuleteppe\/","og_locale":"nb_NO","og_type":"article","og_title":"Khairo Kuleteppe - Ruggit","og_description":"Khairo er navnet p\u00e5 dette stilige kuleteppet, og et ord som betyr \"brun\" p\u00e5 Nepali. Dette teppet er laget av naturlig, m\u00f8rk ull, som gir den en interessant blanding av brune og gr\u00e5 toner. Stilen er lavm\u00e6lt og matcher nesten alle hjem og innredning.","og_url":"https:\/\/www.ruggit.dk\/no\/shop\/kuleteppe\/khairo-kuleteppe\/","og_site_name":"Ruggit","article_modified_time":"2022-04-29T08:06:16+00:00","og_image":[{"width":1122,"height":1122,"url":"https:\/\/dev.ruggit.dk\/wp-content\/uploads\/2021\/10\/kugletaeppe-khairo.jpg","type":"image\/jpeg"}],"twitter_card":"summary_large_image","twitter_misc":{"Ansl. lesetid":"1 minutt"},"schema":{"@context":"https:\/\/schema.org","@graph":[{"@type":"WebPage","@id":"https:\/\/www.ruggit.dk\/no\/shop\/kuleteppe\/khairo-kuleteppe\/","url":"https:\/\/www.ruggit.dk\/no\/shop\/kuleteppe\/khairo-kuleteppe\/","name":"Khairo Kuleteppe - Ruggit","isPartOf":{"@id":"https:\/\/www.ruggit.dk\/no\/#website"},"primaryImageOfPage":{"@id":"https:\/\/www.ruggit.dk\/no\/shop\/kuleteppe\/khairo-kuleteppe\/#primaryimage"},"image":{"@id":"https:\/\/www.ruggit.dk\/no\/shop\/kuleteppe\/khairo-kuleteppe\/#primaryimage"},"thumbnailUrl":"https:\/\/www.ruggit.dk\/wp-content\/uploads\/2021\/10\/kugletaeppe-khairo.jpg","datePublished":"2021-10-05T11:33:00+00:00","dateModified":"2022-04-29T08:06:16+00:00","breadcrumb":{"@id":"https:\/\/www.ruggit.dk\/no\/shop\/kuleteppe\/khairo-kuleteppe\/#breadcrumb"},"inLanguage":"nb-NO","potentialAction":[{"@type":"ReadAction","target":["https:\/\/www.ruggit.dk\/no\/shop\/kuleteppe\/khairo-kuleteppe\/"]}]},{"@type":"ImageObject","inLanguage":"nb-NO","@id":"https:\/\/www.ruggit.dk\/no\/shop\/kuleteppe\/khairo-kuleteppe\/#primaryimage","url":"https:\/\/www.ruggit.dk\/wp-content\/uploads\/2021\/10\/kugletaeppe-khairo.jpg","contentUrl":"https:\/\/www.ruggit.dk\/wp-content\/uploads\/2021\/10\/kugletaeppe-khairo.jpg","width":1122,"height":1122,"caption":"m\u00f8rkegr\u00e5 kuglet\u00e6ppe"},{"@type":"BreadcrumbList","@id":"https:\/\/www.ruggit.dk\/no\/shop\/kuleteppe\/khairo-kuleteppe\/#breadcrumb","itemListElement":[{"@type":"ListItem","position":1,"name":"Hjem","item":"https:\/\/www.ruggit.dk\/no\/"},{"@type":"ListItem","position":2,"name":"Shop","item":"https:\/\/www.ruggit.dk\/no\/shop\/"},{"@type":"ListItem","position":3,"name":"Khairo Kuleteppe"}]},{"@type":"WebSite","@id":"https:\/\/www.ruggit.dk\/no\/#website","url":"https:\/\/www.ruggit.dk\/no\/","name":"Ruggit","description":"Os der s\u00e6lger kuglet\u00e6pper","publisher":{"@id":"https:\/\/www.ruggit.dk\/no\/#organization"},"potentialAction":[{"@type":"SearchAction","target":{"@type":"EntryPoint","urlTemplate":"https:\/\/www.ruggit.dk\/no\/?s={search_term_string}"},"query-input":{"@type":"PropertyValueSpecification","valueRequired":true,"valueName":"search_term_string"}}],"inLanguage":"nb-NO"},{"@type":"Organization","@id":"https:\/\/www.ruggit.dk\/no\/#organization","name":"Ruggit","url":"https:\/\/www.ruggit.dk\/no\/","logo":{"@type":"ImageObject","inLanguage":"nb-NO","@id":"https:\/\/www.ruggit.dk\/no\/#\/schema\/logo\/image\/","url":"https:\/\/www.ruggit.dk\/wp-content\/uploads\/2021\/10\/cropped-logo-ruggit2.png","contentUrl":"https:\/\/www.ruggit.dk\/wp-content\/uploads\/2021\/10\/cropped-logo-ruggit2.png","width":211,"height":80,"caption":"Ruggit"},"image":{"@id":"https:\/\/www.ruggit.dk\/no\/#\/schema\/logo\/image\/"}}]}},"_links":{"self":[{"href":"https:\/\/www.ruggit.dk\/no\/wp-json\/wp\/v2\/product\/5931","targetHints":{"allow":["GET"]}}],"collection":[{"href":"https:\/\/www.ruggit.dk\/no\/wp-json\/wp\/v2\/product"}],"about":[{"href":"https:\/\/www.ruggit.dk\/no\/wp-json\/wp\/v2\/types\/product"}],"wp:featuredmedia":[{"embeddable":true,"href":"https:\/\/www.ruggit.dk\/no\/wp-json\/wp\/v2\/media\/4402"}],"wp:attachment":[{"href":"https:\/\/www.ruggit.dk\/no\/wp-json\/wp\/v2\/media?parent=5931"}],"wp:term":[{"taxonomy":"product_brand","embeddable":true,"href":"https:\/\/www.ruggit.dk\/no\/wp-json\/wp\/v2\/product_brand?post=5931"},{"taxonomy":"product_cat","embeddable":true,"href":"https:\/\/www.ruggit.dk\/no\/wp-json\/wp\/v2\/product_cat?post=5931"},{"taxonomy":"product_tag","embeddable":true,"href":"https:\/\/www.ruggit.dk\/no\/wp-json\/wp\/v2\/product_tag?post=5931"}],"curies":[{"name":"wp","href":"https:\/\/api.w.org\/{rel}","templated":true}]}}