{"id":5147,"date":"2019-03-17T17:19:40","date_gmt":"2019-03-17T16:19:40","guid":{"rendered":"https:\/\/www.ruggit.dk\/foersaeljningsvillkor\/"},"modified":"2022-05-14T10:52:51","modified_gmt":"2022-05-14T08:52:51","slug":"foersaeljningsvillkor","status":"publish","type":"page","link":"https:\/\/www.ruggit.dk\/sv\/foersaeljningsvillkor\/","title":{"rendered":"F\u00f6rs\u00e4ljningsvillkor"},"content":{"rendered":"<section class=\"wpb-content-wrapper\">[vc_row css=&#8221;.vc_custom_1639070564818{padding-top: 60px !important;padding-bottom: 60px !important;}&#8221;][vc_column][vc_column_text]\r\n\r\n<div class=\"brown-background\">\r\n<div class=\"guarantee-header\">\r\n<div class=\"container\">\r\n<h1 class=\"wp-block-heading\" style=\"text-align: center;\">F\u00f6rs\u00e4ljningsvillkor for www.ruggit.dk<\/h1>\r\n<\/div>\r\n<\/div>\r\n<\/div>\r\n<div class=\"guarantee-container\">\r\n<div class=\"container\">\r\n<div class=\"row\">\r\n<div class=\"col-md-12\">\r\n<p>&nbsp;<\/p>\r\n<p><strong>1. Produktinformation<br \/><\/strong>Den viktigaste produktinformationen finns tillg\u00e4nglig p\u00e5 v\u00e5r webbplats. F\u00f6r ytterligare information \u00e4r du v\u00e4lkommen att kontakta oss via e-post:\u00a0kontakt@ruggit.dk<br \/><br \/><\/p>\r\n<p><strong>2. Priser<br \/><\/strong>De angivna priserna \u00e4r &#8217;Dagens priser&#8217; och dessa priser \u00e4r endast till\u00e4mpliga p\u00e5 best\u00e4llningsdagen. Ruggit f\u00f6rbeh\u00e5ller sig r\u00e4tten till pris\u00e4ndringar och till att \u00e4ndra eller avsluta alla specialerbjudanden eller rabatter n\u00e4r som helst. Alla angivna priser \u00e4r inklusive moms.<br \/><br \/><\/p>\r\n<p><strong>2.1. Specialerbjudanden och rabatter<br \/><\/strong>Du kan endast anv\u00e4nda en rabatt\/kampanjkod per order. Kampanjkoder g\u00e4ller ej f\u00f6r redan rabatterade produkter.<br \/><br \/><\/p>\r\n<p><strong>3. Best\u00e4llning<br \/><\/strong>Produktpresentationer med ett pris p\u00e5 &#8221;Ruggit&#8221; \u00e4r inte ett bindande avtal, utan endast en inbjudan att l\u00e4mna anbud. K\u00f6pares varubest\u00e4llning fr\u00e5n &#8221;Ruggit&#8221; utg\u00f6r inte en bindande acceptans, men ett bindande avtal till &#8221;Ruggit&#8221; att k\u00f6pa varor till de villkoren.<\/p>\r\n<p>Ett bindande avtal mellan k\u00f6pare och &#8221;Ruggit&#8221; har endast ing\u00e5tts n\u00e4r &#8221;Ruggit&#8221; skickar en orderbekr\u00e4ftelse som accepterar k\u00f6parens anbud.<br \/><br \/><\/p>\r\n<p><strong>4. Frakt &amp; leverans<br \/><\/strong>N\u00e4r du slutf\u00f6rt din order, f\u00f6rs\u00f6ker vi skicka det best\u00e4llda inom 1-3 vardagar \u2013 om inte annat \u00f6verenskommits. Om produkten ska avs\u00e4ndas samma dag m\u00e5ste best\u00e4llningen ha kommit in f\u00f6re kl. 14.00.\u00a0<br \/><br \/><\/p>\r\n<p><strong>5. Betalning<br \/><\/strong>Den kontoinformationen som du anger vid k\u00f6p av varor, kommer att skickas direkt till &#8221;PBS&#8221; i krypterad form (SSL) som bara du och &#8221;PBS&#8221; kan l\u00e4sa. Det finns ingen annan som ser eller lagrar information om dig. Vid k\u00f6p med kreditkort, kommer beloppet att dras fr\u00e5n ditt konto s\u00e5 snart som varorna l\u00e4mnar &#8221;Ruggit&#8221;.<\/p>\r\n<p>Vi accepterar f\u00f6ljande betalningss\u00e4tt: MasterCard, Maestro, Visa, Visa Electron och American Express.<br \/><br \/><\/p>\r\n<p><strong>5.1 Specialgjorda mattor<br \/><\/strong>D\u00e5 det g\u00e4ller specialgjorda mattor, dras betalningen fr\u00e5n ditt bankkonto s\u00e5 snart vi har best\u00e4llt mattan fr\u00e5n v\u00e5ra nepalesiska leverant\u00f6rer. Ordern kan \u00e4ndras eller avbest\u00e4llas fram till dess att mattan har b\u00f6rjat tillverkas. Kontakta oss s\u00e5 snart som m\u00f6jligt om du \u00f6nskar \u00e4ndra eller avbest\u00e4lla din specialgjorda matta eller produkt. Emellertid brukar vi oftast inte dra pengarna f\u00f6rr\u00e4n vi skickar den specialgjorda produkten. Detta g\u00e4ller ej betalningar som gjort via VIABILL.\u00a0<br \/><br \/><br \/><strong>6. Risken f\u00f6r skada p\u00e5 varan\u00a0<br \/><\/strong>N\u00e4r varan \u00f6verg\u00e5tt i k\u00f6parens besittning, har k\u00f6paren ansvar f\u00f6r varans skick. Om varan skadas eller p\u00e5 annat s\u00e4tt f\u00f6rs\u00e4mras p\u00e5 grund av of\u00f6rutsedda omst\u00e4ndigheter, \u00e4r k\u00f6paren ansvarig.<\/p>\r\n<p>&nbsp;<\/p>\r\n<p><strong>7. Reklamationer<br \/><\/strong>Reklamationer m\u00e5ste g\u00f6ras inom rimlig tid efter att varan har mottagits. K\u00f6paren \u00e4r d\u00e4rf\u00f6r skyldig att inspektera varan s\u00e5 snart som m\u00f6jligt efter leveransen. Helst inom 48 timmar.<\/p>\r\n<p>Vi erbjuder 2 \u00e5rs garanti p\u00e5 alla produkter ink\u00f6pta fr\u00e5n www.ruggit.dk (Detta g\u00e4ller ej glasunderl\u00e4gg eller karottunderl\u00e4gg \u2013 l\u00e4s mer p\u00e5 v\u00e5r &#8221;Sk\u00f6tsel &amp; Garanti&#8221;-sida)<br \/><br \/><\/p>\r\n<p><strong>8. Ansvarsfriskrivning &amp; garanti<br \/><\/strong>ND Design ApS ber dig att uppm\u00e4rksamma instruktionerna p\u00e5 v\u00e5r &#8221;Sk\u00f6tsel &amp; garanti&#8221;-sida.<\/p>\r\n<p>ND Design ApS ansvar ej f\u00f6r skador som beror p\u00e5 felaktig hantering av produkterna.<br \/>Vi \u00e4r emellertid ansvariga f\u00f6r skador som inte beror p\u00e5 kundens hantering, och i dessa fall erbjuder vi 2 \u00e5rs garanti. Under dessa omst\u00e4ndigheter kr\u00e4ver vi dokumentation som styrker att instruktionerna har f\u00f6ljts och att produkten inte uppfyller kraven.<\/p>\r\n<p>Produkten m\u00e5ste returneras till ND Design ApS. ND Design ApS kommer att ers\u00e4tta kostnaden. K\u00f6paren erh\u00e5ller en likv\u00e4rdig produkt eller fullst\u00e4ndig \u00e5terbetalning inom 10 dagar efter returen.<br \/><br \/><\/p>\r\n<p><strong>9. \u00c5ngerr\u00e4tt<br \/><\/strong>Du har r\u00e4tt att \u00e5ngra k\u00f6pet inom 14 dagar utan att uppge n\u00e5gon orsak. \u00c5ngerr\u00e4tten upph\u00f6r 14 dagar efter det datum d\u00e5 du:<br \/>a) Har tagit varan i besittning<br \/>b) Har tagit den sista delleveransen i besittning (i h\u00e4ndelse av att flera varor ing\u00e5r i samma order, och dessa har levererats separat)\u00a0<br \/>F\u00f6r att utnyttja \u00e5ngerr\u00e4tten m\u00e5ste du uttryckligen informera oss och tydligt meddela (via brev eller e-post till www.ruggit.dk) att du vill att k\u00f6pet ska \u00e5terg\u00e5.<\/p>\r\n<p>Du kan ej ut\u00f6va \u00e5ngerr\u00e4tten genom att v\u00e4gra h\u00e4mta ut eller motta f\u00f6rs\u00e4ndelsen. Du m\u00e5ste uttryckligen informera oss om ditt beslut att \u00e5ngra k\u00f6pet.\u00a0<\/p>\r\n<p>Vi l\u00f6ser ej ut ofrankerade f\u00f6rs\u00e4ndelser, \u00e4ven om de m\u00e4rkts med &#8221;Frisvar&#8221; eller liknande. Om du \u00f6nskar returnera en produkt, ber vi dig att anlita GLS eller anv\u00e4nda n\u00e5gon annan tj\u00e4nst som tillhandah\u00e5ller sp\u00e5rning, f\u00f6r det fall att f\u00f6rs\u00e4ndelsen skulle komma p\u00e5 avv\u00e4gar. Vi uppmanar dig d\u00e4rf\u00f6r att inte anlita n\u00e5gra andra leverant\u00f6rer. V\u00e4lj ett s\u00e4kert och stadigt emballage och bifoga en kopia av din faktura. Bifoga \u00e4ven ett meddelande om att du \u00f6nskar ut\u00f6va din \u00e5ngerr\u00e4tt och i enlighet med den f\u00e5 en full \u00e5terbetalning.\u00a0<\/p>\r\n<p>Du kommer att f\u00e5 en fullst\u00e4ndig \u00e5terbetalning n\u00e4r och om den returnerade produkten befinns vara hel och oskadd.<br \/><br \/><\/p>\r\n<p><b>9.1 Ingen \u00e5ngerr\u00e4tt eller returr\u00e4tt f\u00f6r specialbest\u00e4llda produkter<br \/><\/b>Du har ingen laglig \u00e5ngerr\u00e4tt f\u00f6r ink\u00f6p av produkter som specialtillverkats efter dina egna \u00f6nskem\u00e5l. Det \u00e4r endast m\u00f6jligt att avbest\u00e4lla en order som g\u00e4ller specialtillverkade produkter i fall dessa produkter inte har b\u00f6rjat tillverkas \u00e4nnu. D\u00e4rf\u00f6r m\u00e5ste du kontakta oss s\u00e5 snart som m\u00f6jligt, om du \u00f6nskar avbest\u00e4lla en s\u00e5dan order.<br \/><br \/><\/p>\r\n<p><b>9.2 Ut\u00f6kad returr\u00e4tt<br \/><\/b>Vi erbjuder en ut\u00f6kad returr\u00e4tt g\u00e4llande speciella julerbjudanden. D\u00e4rf\u00f6r kan du f\u00e5 en ut\u00f6kad returr\u00e4tt f\u00f6r produkter som k\u00f6pts mellan den 1 november 2016 och den 31 december 2016. Produkter som k\u00f6pts under denna period kan bytas till och med den 1 februari 2017.<br \/><br \/><\/p>\r\n<p><strong>10. Copyright &amp; varum\u00e4rken<br \/><\/strong>Copyright f\u00f6r allt inneh\u00e5ll tillh\u00f6r Ruggit. Du f\u00e5r inte modifiera eller kopiera, distribuera, \u00f6verf\u00f6ra, visa, publicera eller s\u00e4lja n\u00e5got inneh\u00e5ll. Du f\u00e5r inte \u00e5teranv\u00e4nda n\u00e5got inneh\u00e5ll utan att f\u00f6rst erh\u00e5lla Ruggits samtycke. Att anv\u00e4nda s\u00e5dant inneh\u00e5ll p\u00e5 n\u00e5gon annan webbplats \u00e4r f\u00f6rbjudet och \u00e4r en \u00f6vertr\u00e4delse av \u00e4garens r\u00e4ttigheter.<br \/><br \/><\/p>\r\n<p><strong>11.\u00a0Reservationer g\u00e4llande villkor<br \/><\/strong>Ruggit f\u00f6rbeh\u00e5ller sig r\u00e4tten att \u00e4ndra, uppdatera eller modifiera de existerande villkoren f\u00f6r denna webbplats. Var noga med att h\u00e5lla dig uppdaterad betr\u00e4ffande \u00e4ndringar.<\/p>\r\n<p><br \/><strong>12. \u00d6vrig information<br \/><\/strong><strong>Webbplatsen\u00a0<\/strong><a href=\"https:\/\/www.ruggit.dk\/se\/\"><strong>www.ruggit.dk<\/strong><\/a><strong>\u00a0\u00e4gs och drivs av:<\/strong><strong>\u00a0<br \/><\/strong><strong>ND Design ApS \u00a0CVR nr: 37642258<br \/><\/strong><strong>Pr\u00e6stekravevej 4, 8541 Sk\u00f8dstrup, Danmark<\/strong><\/p>\r\n<p>&nbsp;<\/p>\r\n<\/div>\r\n<\/div>\r\n<\/div>\r\n<\/div>\r\n[\/vc_column_text][\/vc_column][\/vc_row]\r\n<\/section>","protected":false},"excerpt":{"rendered":"<p>[vc_row css=&#8221;.vc_custom_1639070564818{padding-top: 60px !important;padding-bottom: 60px !important;}&#8221;][vc_column][vc_column_text] F\u00f6rs\u00e4ljningsvillkor for www.ruggit.dk &nbsp; 1. ProduktinformationDen viktigaste produktinformationen finns tillg\u00e4nglig p\u00e5 v\u00e5r webbplats. F\u00f6r ytterligare information \u00e4r du v\u00e4lkommen att kontakta oss via e-post:\u00a0kontakt@ruggit.dk 2. PriserDe angivna priserna \u00e4r &#8217;Dagens priser&#8217; och dessa priser \u00e4r endast till\u00e4mpliga p\u00e5 best\u00e4llningsdagen. Ruggit f\u00f6rbeh\u00e5ller sig r\u00e4tten till&hellip;<\/p>\n","protected":false},"author":1,"featured_media":0,"parent":0,"menu_order":0,"comment_status":"closed","ping_status":"closed","template":"","meta":{"footnotes":""},"class_list":["post-5147","page","type-page","status-publish","hentry"],"yoast_head":"<!-- This site is optimized with the Yoast SEO plugin v26.2 - https:\/\/yoast.com\/wordpress\/plugins\/seo\/ -->\n<title>F\u00f6rs\u00e4ljningsvillkor - Ruggit<\/title>\n<meta name=\"robots\" content=\"index, follow, max-snippet:-1, max-image-preview:large, max-video-preview:-1\" \/>\n<link rel=\"canonical\" href=\"https:\/\/www.ruggit.dk\/sv\/foersaeljningsvillkor\/\" \/>\n<meta property=\"og:locale\" content=\"sv_SE\" \/>\n<meta property=\"og:type\" content=\"article\" \/>\n<meta property=\"og:title\" content=\"F\u00f6rs\u00e4ljningsvillkor - Ruggit\" \/>\n<meta property=\"og:description\" content=\"[vc_row css=&#8221;.vc_custom_1639070564818{padding-top: 60px !important;padding-bottom: 60px !important;}&#8221;][vc_column][vc_column_text] F\u00f6rs\u00e4ljningsvillkor for www.ruggit.dk &nbsp; 1. ProduktinformationDen viktigaste produktinformationen finns tillg\u00e4nglig p\u00e5 v\u00e5r webbplats. F\u00f6r ytterligare information \u00e4r du v\u00e4lkommen att kontakta oss via e-post:\u00a0kontakt@ruggit.dk 2. PriserDe angivna priserna \u00e4r &#8217;Dagens priser&#8217; och dessa priser \u00e4r endast till\u00e4mpliga p\u00e5 best\u00e4llningsdagen. Ruggit f\u00f6rbeh\u00e5ller sig r\u00e4tten till&hellip;\" \/>\n<meta property=\"og:url\" content=\"https:\/\/www.ruggit.dk\/sv\/foersaeljningsvillkor\/\" \/>\n<meta property=\"og:site_name\" content=\"Ruggit\" \/>\n<meta property=\"article:modified_time\" content=\"2022-05-14T08:52:51+00:00\" \/>\n<meta name=\"twitter:card\" content=\"summary_large_image\" \/>\n<meta name=\"twitter:label1\" content=\"Ber\u00e4knad l\u00e4stid\" \/>\n\t<meta name=\"twitter:data1\" content=\"6 minuter\" \/>\n<script type=\"application\/ld+json\" class=\"yoast-schema-graph\">{\"@context\":\"https:\/\/schema.org\",\"@graph\":[{\"@type\":\"WebPage\",\"@id\":\"https:\/\/www.ruggit.dk\/sv\/foersaeljningsvillkor\/\",\"url\":\"https:\/\/www.ruggit.dk\/sv\/foersaeljningsvillkor\/\",\"name\":\"F\u00f6rs\u00e4ljningsvillkor - Ruggit\",\"isPartOf\":{\"@id\":\"https:\/\/www.ruggit.dk\/sv\/#website\"},\"datePublished\":\"2019-03-17T16:19:40+00:00\",\"dateModified\":\"2022-05-14T08:52:51+00:00\",\"breadcrumb\":{\"@id\":\"https:\/\/www.ruggit.dk\/sv\/foersaeljningsvillkor\/#breadcrumb\"},\"inLanguage\":\"sv-SE\",\"potentialAction\":[{\"@type\":\"ReadAction\",\"target\":[\"https:\/\/www.ruggit.dk\/sv\/foersaeljningsvillkor\/\"]}]},{\"@type\":\"BreadcrumbList\",\"@id\":\"https:\/\/www.ruggit.dk\/sv\/foersaeljningsvillkor\/#breadcrumb\",\"itemListElement\":[{\"@type\":\"ListItem\",\"position\":1,\"name\":\"Hjem\",\"item\":\"https:\/\/www.ruggit.dk\/sv\/\"},{\"@type\":\"ListItem\",\"position\":2,\"name\":\"F\u00f6rs\u00e4ljningsvillkor\"}]},{\"@type\":\"WebSite\",\"@id\":\"https:\/\/www.ruggit.dk\/sv\/#website\",\"url\":\"https:\/\/www.ruggit.dk\/sv\/\",\"name\":\"Ruggit\",\"description\":\"Os der s\u00e6lger kuglet\u00e6pper\",\"publisher\":{\"@id\":\"https:\/\/www.ruggit.dk\/sv\/#organization\"},\"potentialAction\":[{\"@type\":\"SearchAction\",\"target\":{\"@type\":\"EntryPoint\",\"urlTemplate\":\"https:\/\/www.ruggit.dk\/sv\/?s={search_term_string}\"},\"query-input\":{\"@type\":\"PropertyValueSpecification\",\"valueRequired\":true,\"valueName\":\"search_term_string\"}}],\"inLanguage\":\"sv-SE\"},{\"@type\":\"Organization\",\"@id\":\"https:\/\/www.ruggit.dk\/sv\/#organization\",\"name\":\"Ruggit\",\"url\":\"https:\/\/www.ruggit.dk\/sv\/\",\"logo\":{\"@type\":\"ImageObject\",\"inLanguage\":\"sv-SE\",\"@id\":\"https:\/\/www.ruggit.dk\/sv\/#\/schema\/logo\/image\/\",\"url\":\"https:\/\/www.ruggit.dk\/wp-content\/uploads\/2021\/10\/cropped-logo-ruggit2.png\",\"contentUrl\":\"https:\/\/www.ruggit.dk\/wp-content\/uploads\/2021\/10\/cropped-logo-ruggit2.png\",\"width\":211,\"height\":80,\"caption\":\"Ruggit\"},\"image\":{\"@id\":\"https:\/\/www.ruggit.dk\/sv\/#\/schema\/logo\/image\/\"}}]}<\/script>\n<!-- \/ Yoast SEO plugin. -->","yoast_head_json":{"title":"F\u00f6rs\u00e4ljningsvillkor - Ruggit","robots":{"index":"index","follow":"follow","max-snippet":"max-snippet:-1","max-image-preview":"max-image-preview:large","max-video-preview":"max-video-preview:-1"},"canonical":"https:\/\/www.ruggit.dk\/sv\/foersaeljningsvillkor\/","og_locale":"sv_SE","og_type":"article","og_title":"F\u00f6rs\u00e4ljningsvillkor - Ruggit","og_description":"[vc_row css=&#8221;.vc_custom_1639070564818{padding-top: 60px !important;padding-bottom: 60px !important;}&#8221;][vc_column][vc_column_text] F\u00f6rs\u00e4ljningsvillkor for www.ruggit.dk &nbsp; 1. ProduktinformationDen viktigaste produktinformationen finns tillg\u00e4nglig p\u00e5 v\u00e5r webbplats. F\u00f6r ytterligare information \u00e4r du v\u00e4lkommen att kontakta oss via e-post:\u00a0kontakt@ruggit.dk 2. PriserDe angivna priserna \u00e4r &#8217;Dagens priser&#8217; och dessa priser \u00e4r endast till\u00e4mpliga p\u00e5 best\u00e4llningsdagen. Ruggit f\u00f6rbeh\u00e5ller sig r\u00e4tten till&hellip;","og_url":"https:\/\/www.ruggit.dk\/sv\/foersaeljningsvillkor\/","og_site_name":"Ruggit","article_modified_time":"2022-05-14T08:52:51+00:00","twitter_card":"summary_large_image","twitter_misc":{"Ber\u00e4knad l\u00e4stid":"6 minuter"},"schema":{"@context":"https:\/\/schema.org","@graph":[{"@type":"WebPage","@id":"https:\/\/www.ruggit.dk\/sv\/foersaeljningsvillkor\/","url":"https:\/\/www.ruggit.dk\/sv\/foersaeljningsvillkor\/","name":"F\u00f6rs\u00e4ljningsvillkor - Ruggit","isPartOf":{"@id":"https:\/\/www.ruggit.dk\/sv\/#website"},"datePublished":"2019-03-17T16:19:40+00:00","dateModified":"2022-05-14T08:52:51+00:00","breadcrumb":{"@id":"https:\/\/www.ruggit.dk\/sv\/foersaeljningsvillkor\/#breadcrumb"},"inLanguage":"sv-SE","potentialAction":[{"@type":"ReadAction","target":["https:\/\/www.ruggit.dk\/sv\/foersaeljningsvillkor\/"]}]},{"@type":"BreadcrumbList","@id":"https:\/\/www.ruggit.dk\/sv\/foersaeljningsvillkor\/#breadcrumb","itemListElement":[{"@type":"ListItem","position":1,"name":"Hjem","item":"https:\/\/www.ruggit.dk\/sv\/"},{"@type":"ListItem","position":2,"name":"F\u00f6rs\u00e4ljningsvillkor"}]},{"@type":"WebSite","@id":"https:\/\/www.ruggit.dk\/sv\/#website","url":"https:\/\/www.ruggit.dk\/sv\/","name":"Ruggit","description":"Os der s\u00e6lger kuglet\u00e6pper","publisher":{"@id":"https:\/\/www.ruggit.dk\/sv\/#organization"},"potentialAction":[{"@type":"SearchAction","target":{"@type":"EntryPoint","urlTemplate":"https:\/\/www.ruggit.dk\/sv\/?s={search_term_string}"},"query-input":{"@type":"PropertyValueSpecification","valueRequired":true,"valueName":"search_term_string"}}],"inLanguage":"sv-SE"},{"@type":"Organization","@id":"https:\/\/www.ruggit.dk\/sv\/#organization","name":"Ruggit","url":"https:\/\/www.ruggit.dk\/sv\/","logo":{"@type":"ImageObject","inLanguage":"sv-SE","@id":"https:\/\/www.ruggit.dk\/sv\/#\/schema\/logo\/image\/","url":"https:\/\/www.ruggit.dk\/wp-content\/uploads\/2021\/10\/cropped-logo-ruggit2.png","contentUrl":"https:\/\/www.ruggit.dk\/wp-content\/uploads\/2021\/10\/cropped-logo-ruggit2.png","width":211,"height":80,"caption":"Ruggit"},"image":{"@id":"https:\/\/www.ruggit.dk\/sv\/#\/schema\/logo\/image\/"}}]}},"_links":{"self":[{"href":"https:\/\/www.ruggit.dk\/sv\/wp-json\/wp\/v2\/pages\/5147","targetHints":{"allow":["GET"]}}],"collection":[{"href":"https:\/\/www.ruggit.dk\/sv\/wp-json\/wp\/v2\/pages"}],"about":[{"href":"https:\/\/www.ruggit.dk\/sv\/wp-json\/wp\/v2\/types\/page"}],"author":[{"embeddable":true,"href":"https:\/\/www.ruggit.dk\/sv\/wp-json\/wp\/v2\/users\/1"}],"replies":[{"embeddable":true,"href":"https:\/\/www.ruggit.dk\/sv\/wp-json\/wp\/v2\/comments?post=5147"}],"version-history":[{"count":3,"href":"https:\/\/www.ruggit.dk\/sv\/wp-json\/wp\/v2\/pages\/5147\/revisions"}],"predecessor-version":[{"id":7262,"href":"https:\/\/www.ruggit.dk\/sv\/wp-json\/wp\/v2\/pages\/5147\/revisions\/7262"}],"wp:attachment":[{"href":"https:\/\/www.ruggit.dk\/sv\/wp-json\/wp\/v2\/media?parent=5147"}],"curies":[{"name":"wp","href":"https:\/\/api.w.org\/{rel}","templated":true}]}}