{"id":5164,"date":"2021-12-09T15:24:46","date_gmt":"2021-12-09T14:24:46","guid":{"rendered":"https:\/\/www.ruggit.dk\/returnera-och-byta\/"},"modified":"2022-08-04T11:40:36","modified_gmt":"2022-08-04T09:40:36","slug":"returnera-och-byta","status":"publish","type":"page","link":"https:\/\/www.ruggit.dk\/sv\/returnera-och-byta\/","title":{"rendered":"Returnera och byta"},"content":{"rendered":"<section class=\"wpb-content-wrapper\">[vc_row css=&#8221;.vc_custom_1639072560047{padding-top: 60px !important;padding-bottom: 60px !important;}&#8221;][vc_column][vc_column_text]\n<h1 style=\"text-align: center;\">Returer<\/h1>\n[\/vc_column_text][\/vc_column][\/vc_row][vc_row et_column_align=&#8221;align-center&#8221;][vc_column width=&#8221;1\/2&#8243; css=&#8221;.vc_custom_1639078409586{padding-right: 10% !important;padding-left: 10% !important;}&#8221;][vc_column_text]Om du \u00e5ngrar k\u00f6pet och vill \u00e5terl\u00e4mna varan, har du f\u00f6ljande tv\u00e5 valm\u00f6jligheter:<\/p>\n<p><b>1.<\/b> Du kan v\u00e4lja att sj\u00e4lv skicka tillbaka varorna, om det \u00e4r billigare \u00e4n de 250 SEK som inkluderas i alternativ 2. Om du v\u00e4ljer alternativ 1, skicka ett e-postmeddelande till oss s\u00e5 f\u00f6rklarar vi returprocessen.[\/vc_column_text][vc_column_text css=&#8221;.vc_custom_1647542956028{padding-top: 40px !important;}&#8221;]<b>2.<\/b> Du kan v\u00e4lja att l\u00e5ta oss skicka en returfraktsedel som du kan s\u00e4tta p\u00e5 f\u00f6rs\u00e4ndelsen och returnera den till oss f\u00f6r ett belopp p\u00e5 250 SEK \u2013 oberoende av f\u00f6rs\u00e4ndelsens vikt och storlek. Vi kommer automatiskt att dra av de 250 SEK fr\u00e5n din \u00e5terbetalning.[\/vc_column_text]\t\t<div id=\"et-button-69f4a9df58c4f\" class=\"et_btn_align_left \">\n\t\t\t<a href=\"https:\/\/return.shipmondo.com\/ruggit-en\" class=\" et_btn button et_btn_sm solid color-custom   \" target=\"_blank\" role=\"button\" title=\"\" ><span>F\u00c5 RETURETIKETT<\/span><\/a>\n\t\t<\/div>\n\t\t\n\t[vc_column_text css=&#8221;.vc_custom_1647542972774{padding-top: 40px !important;padding-bottom: 40px !important;}&#8221;]Du kommer att f\u00e5 din \u00e5terbetalning efter att vi mottagit f\u00f6rs\u00e4ndelsen. Den kan ta 1-2 dagar att genomf\u00f6ra \u00e5terbetalningen till ditt konto.[\/vc_column_text][\/vc_column][\/vc_row]\n<\/section>","protected":false},"excerpt":{"rendered":"<p>[vc_row css=&#8221;.vc_custom_1639072560047{padding-top: 60px !important;padding-bottom: 60px !important;}&#8221;][vc_column][vc_column_text] Returer [\/vc_column_text][\/vc_column][\/vc_row][vc_row et_column_align=&#8221;align-center&#8221;][vc_column width=&#8221;1\/2&#8243; css=&#8221;.vc_custom_1639078409586{padding-right: 10% !important;padding-left: 10% !important;}&#8221;][vc_column_text]Om du \u00e5ngrar k\u00f6pet och vill \u00e5terl\u00e4mna varan, har du f\u00f6ljande tv\u00e5 valm\u00f6jligheter: 1. Du kan v\u00e4lja att sj\u00e4lv skicka tillbaka varorna, om det \u00e4r billigare \u00e4n de 250 SEK som inkluderas i alternativ 2. Om&hellip;<\/p>\n","protected":false},"author":1,"featured_media":0,"parent":0,"menu_order":0,"comment_status":"closed","ping_status":"closed","template":"","meta":{"footnotes":""},"class_list":["post-5164","page","type-page","status-publish","hentry"],"yoast_head":"<!-- This site is optimized with the Yoast SEO plugin v26.2 - https:\/\/yoast.com\/wordpress\/plugins\/seo\/ -->\n<title>Returnera och byta - Ruggit<\/title>\n<meta name=\"robots\" content=\"index, follow, max-snippet:-1, max-image-preview:large, max-video-preview:-1\" \/>\n<link rel=\"canonical\" href=\"https:\/\/www.ruggit.dk\/sv\/returnera-och-byta\/\" \/>\n<meta property=\"og:locale\" content=\"sv_SE\" \/>\n<meta property=\"og:type\" content=\"article\" \/>\n<meta property=\"og:title\" content=\"Returnera och byta - Ruggit\" \/>\n<meta property=\"og:description\" content=\"[vc_row css=&#8221;.vc_custom_1639072560047{padding-top: 60px !important;padding-bottom: 60px !important;}&#8221;][vc_column][vc_column_text] Returer [\/vc_column_text][\/vc_column][\/vc_row][vc_row et_column_align=&#8221;align-center&#8221;][vc_column width=&#8221;1\/2&#8243; css=&#8221;.vc_custom_1639078409586{padding-right: 10% !important;padding-left: 10% !important;}&#8221;][vc_column_text]Om du \u00e5ngrar k\u00f6pet och vill \u00e5terl\u00e4mna varan, har du f\u00f6ljande tv\u00e5 valm\u00f6jligheter: 1. Du kan v\u00e4lja att sj\u00e4lv skicka tillbaka varorna, om det \u00e4r billigare \u00e4n de 250 SEK som inkluderas i alternativ 2. Om&hellip;\" \/>\n<meta property=\"og:url\" content=\"https:\/\/www.ruggit.dk\/sv\/returnera-och-byta\/\" \/>\n<meta property=\"og:site_name\" content=\"Ruggit\" \/>\n<meta property=\"article:modified_time\" content=\"2022-08-04T09:40:36+00:00\" \/>\n<meta name=\"twitter:card\" content=\"summary_large_image\" \/>\n<meta name=\"twitter:label1\" content=\"Ber\u00e4knad l\u00e4stid\" \/>\n\t<meta name=\"twitter:data1\" content=\"1 minut\" \/>\n<script type=\"application\/ld+json\" class=\"yoast-schema-graph\">{\"@context\":\"https:\/\/schema.org\",\"@graph\":[{\"@type\":\"WebPage\",\"@id\":\"https:\/\/www.ruggit.dk\/sv\/returnera-och-byta\/\",\"url\":\"https:\/\/www.ruggit.dk\/sv\/returnera-och-byta\/\",\"name\":\"Returnera och byta - Ruggit\",\"isPartOf\":{\"@id\":\"https:\/\/www.ruggit.dk\/sv\/#website\"},\"datePublished\":\"2021-12-09T14:24:46+00:00\",\"dateModified\":\"2022-08-04T09:40:36+00:00\",\"breadcrumb\":{\"@id\":\"https:\/\/www.ruggit.dk\/sv\/returnera-och-byta\/#breadcrumb\"},\"inLanguage\":\"sv-SE\",\"potentialAction\":[{\"@type\":\"ReadAction\",\"target\":[\"https:\/\/www.ruggit.dk\/sv\/returnera-och-byta\/\"]}]},{\"@type\":\"BreadcrumbList\",\"@id\":\"https:\/\/www.ruggit.dk\/sv\/returnera-och-byta\/#breadcrumb\",\"itemListElement\":[{\"@type\":\"ListItem\",\"position\":1,\"name\":\"Hjem\",\"item\":\"https:\/\/www.ruggit.dk\/sv\/\"},{\"@type\":\"ListItem\",\"position\":2,\"name\":\"Returnera och byta\"}]},{\"@type\":\"WebSite\",\"@id\":\"https:\/\/www.ruggit.dk\/sv\/#website\",\"url\":\"https:\/\/www.ruggit.dk\/sv\/\",\"name\":\"Ruggit\",\"description\":\"Os der s\u00e6lger kuglet\u00e6pper\",\"publisher\":{\"@id\":\"https:\/\/www.ruggit.dk\/sv\/#organization\"},\"potentialAction\":[{\"@type\":\"SearchAction\",\"target\":{\"@type\":\"EntryPoint\",\"urlTemplate\":\"https:\/\/www.ruggit.dk\/sv\/?s={search_term_string}\"},\"query-input\":{\"@type\":\"PropertyValueSpecification\",\"valueRequired\":true,\"valueName\":\"search_term_string\"}}],\"inLanguage\":\"sv-SE\"},{\"@type\":\"Organization\",\"@id\":\"https:\/\/www.ruggit.dk\/sv\/#organization\",\"name\":\"Ruggit\",\"url\":\"https:\/\/www.ruggit.dk\/sv\/\",\"logo\":{\"@type\":\"ImageObject\",\"inLanguage\":\"sv-SE\",\"@id\":\"https:\/\/www.ruggit.dk\/sv\/#\/schema\/logo\/image\/\",\"url\":\"https:\/\/www.ruggit.dk\/wp-content\/uploads\/2021\/10\/cropped-logo-ruggit2.png\",\"contentUrl\":\"https:\/\/www.ruggit.dk\/wp-content\/uploads\/2021\/10\/cropped-logo-ruggit2.png\",\"width\":211,\"height\":80,\"caption\":\"Ruggit\"},\"image\":{\"@id\":\"https:\/\/www.ruggit.dk\/sv\/#\/schema\/logo\/image\/\"}}]}<\/script>\n<!-- \/ Yoast SEO plugin. -->","yoast_head_json":{"title":"Returnera och byta - Ruggit","robots":{"index":"index","follow":"follow","max-snippet":"max-snippet:-1","max-image-preview":"max-image-preview:large","max-video-preview":"max-video-preview:-1"},"canonical":"https:\/\/www.ruggit.dk\/sv\/returnera-och-byta\/","og_locale":"sv_SE","og_type":"article","og_title":"Returnera och byta - Ruggit","og_description":"[vc_row css=&#8221;.vc_custom_1639072560047{padding-top: 60px !important;padding-bottom: 60px !important;}&#8221;][vc_column][vc_column_text] Returer [\/vc_column_text][\/vc_column][\/vc_row][vc_row et_column_align=&#8221;align-center&#8221;][vc_column width=&#8221;1\/2&#8243; css=&#8221;.vc_custom_1639078409586{padding-right: 10% !important;padding-left: 10% !important;}&#8221;][vc_column_text]Om du \u00e5ngrar k\u00f6pet och vill \u00e5terl\u00e4mna varan, har du f\u00f6ljande tv\u00e5 valm\u00f6jligheter: 1. Du kan v\u00e4lja att sj\u00e4lv skicka tillbaka varorna, om det \u00e4r billigare \u00e4n de 250 SEK som inkluderas i alternativ 2. Om&hellip;","og_url":"https:\/\/www.ruggit.dk\/sv\/returnera-och-byta\/","og_site_name":"Ruggit","article_modified_time":"2022-08-04T09:40:36+00:00","twitter_card":"summary_large_image","twitter_misc":{"Ber\u00e4knad l\u00e4stid":"1 minut"},"schema":{"@context":"https:\/\/schema.org","@graph":[{"@type":"WebPage","@id":"https:\/\/www.ruggit.dk\/sv\/returnera-och-byta\/","url":"https:\/\/www.ruggit.dk\/sv\/returnera-och-byta\/","name":"Returnera och byta - Ruggit","isPartOf":{"@id":"https:\/\/www.ruggit.dk\/sv\/#website"},"datePublished":"2021-12-09T14:24:46+00:00","dateModified":"2022-08-04T09:40:36+00:00","breadcrumb":{"@id":"https:\/\/www.ruggit.dk\/sv\/returnera-och-byta\/#breadcrumb"},"inLanguage":"sv-SE","potentialAction":[{"@type":"ReadAction","target":["https:\/\/www.ruggit.dk\/sv\/returnera-och-byta\/"]}]},{"@type":"BreadcrumbList","@id":"https:\/\/www.ruggit.dk\/sv\/returnera-och-byta\/#breadcrumb","itemListElement":[{"@type":"ListItem","position":1,"name":"Hjem","item":"https:\/\/www.ruggit.dk\/sv\/"},{"@type":"ListItem","position":2,"name":"Returnera och byta"}]},{"@type":"WebSite","@id":"https:\/\/www.ruggit.dk\/sv\/#website","url":"https:\/\/www.ruggit.dk\/sv\/","name":"Ruggit","description":"Os der s\u00e6lger kuglet\u00e6pper","publisher":{"@id":"https:\/\/www.ruggit.dk\/sv\/#organization"},"potentialAction":[{"@type":"SearchAction","target":{"@type":"EntryPoint","urlTemplate":"https:\/\/www.ruggit.dk\/sv\/?s={search_term_string}"},"query-input":{"@type":"PropertyValueSpecification","valueRequired":true,"valueName":"search_term_string"}}],"inLanguage":"sv-SE"},{"@type":"Organization","@id":"https:\/\/www.ruggit.dk\/sv\/#organization","name":"Ruggit","url":"https:\/\/www.ruggit.dk\/sv\/","logo":{"@type":"ImageObject","inLanguage":"sv-SE","@id":"https:\/\/www.ruggit.dk\/sv\/#\/schema\/logo\/image\/","url":"https:\/\/www.ruggit.dk\/wp-content\/uploads\/2021\/10\/cropped-logo-ruggit2.png","contentUrl":"https:\/\/www.ruggit.dk\/wp-content\/uploads\/2021\/10\/cropped-logo-ruggit2.png","width":211,"height":80,"caption":"Ruggit"},"image":{"@id":"https:\/\/www.ruggit.dk\/sv\/#\/schema\/logo\/image\/"}}]}},"_links":{"self":[{"href":"https:\/\/www.ruggit.dk\/sv\/wp-json\/wp\/v2\/pages\/5164","targetHints":{"allow":["GET"]}}],"collection":[{"href":"https:\/\/www.ruggit.dk\/sv\/wp-json\/wp\/v2\/pages"}],"about":[{"href":"https:\/\/www.ruggit.dk\/sv\/wp-json\/wp\/v2\/types\/page"}],"author":[{"embeddable":true,"href":"https:\/\/www.ruggit.dk\/sv\/wp-json\/wp\/v2\/users\/1"}],"replies":[{"embeddable":true,"href":"https:\/\/www.ruggit.dk\/sv\/wp-json\/wp\/v2\/comments?post=5164"}],"version-history":[{"count":4,"href":"https:\/\/www.ruggit.dk\/sv\/wp-json\/wp\/v2\/pages\/5164\/revisions"}],"predecessor-version":[{"id":8916,"href":"https:\/\/www.ruggit.dk\/sv\/wp-json\/wp\/v2\/pages\/5164\/revisions\/8916"}],"wp:attachment":[{"href":"https:\/\/www.ruggit.dk\/sv\/wp-json\/wp\/v2\/media?parent=5164"}],"curies":[{"name":"wp","href":"https:\/\/api.w.org\/{rel}","templated":true}]}}