{"id":5280,"date":"2019-03-20T04:12:33","date_gmt":"2019-03-20T03:12:33","guid":{"rendered":"https:\/\/www.ruggit.dk\/om-ruggit\/"},"modified":"2022-04-17T22:05:01","modified_gmt":"2022-04-17T20:05:01","slug":"om-ruggit","status":"publish","type":"page","link":"https:\/\/www.ruggit.dk\/sv\/om-ruggit\/","title":{"rendered":"Om Ruggit"},"content":{"rendered":"<section class=\"wpb-content-wrapper\">[vc_row equal_height=&#8221;yes&#8221; content_placement=&#8221;middle&#8221; thb_column_padding=&#8221;true&#8221; css=&#8221;.vc_custom_1639057709429{padding-top: 60px !important;padding-bottom: 30px !important;background-position: center !important;background-repeat: no-repeat !important;background-size: cover !important;}&#8221; el_class=&#8221;video-bg-row&#8221;][vc_column][vc_column_text]\n<h1 style=\"text-align: center;\">Om Ruggit<\/h1>\n<h4 style=\"text-align: center;\">V\u00e5r mission \u00e4r att tillhandah\u00e5lla filtbollsmattor av h\u00f6g kvalitet till rimliga priser f\u00f6r alla Filtbollsmattorna fr\u00e5n Ruggit \u00e4r gjorda av ren ull och de finns i alla m\u00f6jliga m\u00f6nster och f\u00e4rgkombinationer. Vi kan specialtillverka mattor i enlighet med dina \u00f6nskem\u00e5l och behov.<\/h4>\n[\/vc_column_text][\/vc_column][\/vc_row][vc_row et_full_width=&#8221;true&#8221; et_row_padding=&#8221;true&#8221; thb_column_padding=&#8221;true&#8221; thb_shape_divider=&#8221;true&#8221; divider_shape=&#8221;tilt_v2&#8243; thb_divider_color=&#8221;#242651&#8243; thb_divider_height=&#8221;100&#8243; css=&#8221;.vc_custom_1639057714135{padding-top: 30px !important;padding-bottom: 60px !important;}&#8221;][vc_column][vc_row_inner et_row_padding=&#8221;true&#8221; content_placement=&#8221;middle&#8221; el_class=&#8221;align-center&#8221;][vc_column_inner animation=&#8221;animation left-to-right&#8221; offset=&#8221;vc_col-md-7&#8243;][vc_single_image image=&#8221;4667&#8243; img_size=&#8221;full&#8221;][\/vc_column_inner][vc_column_inner animation=&#8221;animation right-to-left&#8221; offset=&#8221;vc_col-md-5&#8243; css=&#8221;.vc_custom_1639057918945{padding-top: 40px !important;}&#8221;][vc_column_text]\n<h5 class=\"fancy-title\"><strong>Verdier<\/strong><\/h5>\n<h2>Teamet<\/h2>\n<p>V\u00e5rt team best\u00e5r av passionerade och talangfulla personer som \u00f6nskar ge dig b\u00e4sta t\u00e4nkbara kundupplevelse. Vi efterstr\u00e4var kvalitet, snabb leverans, support och allt annat som du kan beh\u00f6va d\u00e5 du handlar fr\u00e5n oss.<\/p>\n<p>V\u00e5rt m\u00e5l \u00e4r att tillhandah\u00e5lla b\u00e4sta m\u00f6jliga service till v\u00e5ra klienter och v\u00e5r dagliga f\u00f6resats \u00e4r att:<\/p>\n<ul>\n<li><b>Leverera din order<\/b> s\u00e5 snart som m\u00f6jligt. Vi siktar p\u00e5 att leverera din order inom n\u00e5gra vardagar efter best\u00e4llningsdatumet.<\/li>\n<li><b>S\u00e4kerst\u00e4lla att v\u00e5ra produkter<\/b>lever upp till dina f\u00f6rv\u00e4ntningar betr\u00e4ffande utseende, kvalitet och pris.<\/li>\n<li><b>S\u00e4kerst\u00e4lla att du alltid bem\u00f6ts med ett leende<\/b>, och f\u00e5r exakt den hj\u00e4lp och service som du beh\u00f6ver.<\/li>\n<\/ul>\n[\/vc_column_text][\/vc_column_inner][\/vc_row_inner][\/vc_column][\/vc_row][vc_row et_full_width=&#8221;true&#8221; et_row_padding=&#8221;true&#8221; css=&#8221;.vc_custom_1639060364171{padding-top: 80px !important;background-color: #d6dde3 !important;}&#8221;][vc_column][vc_column_text css=&#8221;.vc_custom_1639060414778{padding-right: 10% !important;padding-left: 10% !important;}&#8221;]\n<h2 style=\"text-align: center;\">Hvem som lager produktene<\/h2>\n[\/vc_column_text][vc_row_inner css=&#8221;.vc_custom_1639058774796{padding-bottom: 40px !important;}&#8221;][vc_column_inner width=&#8221;1\/3&#8243; animation=&#8221;animation bottom-to-top&#8221;]\t<div class=\"et-image-342 et-image aligncenter full   et_image_link\">\n\t\t<div class=\"et-image-inner \">\n\t\t\t\t\t\t\t<div class=\"et-image-thumb \">\n\t\t\t\t\t<img loading=\"lazy\" decoding=\"async\" width=\"500\" height=\"340\" src=\"https:\/\/www.ruggit.dk\/wp-content\/uploads\/2021\/12\/about-background-2.jpg\" class=\"attachment-full\" alt=\"om ruggit uldt\u00e6pper\" title=\"about-background-2\" srcset=\"https:\/\/www.ruggit.dk\/wp-content\/uploads\/2021\/12\/about-background-2.jpg 500w, https:\/\/www.ruggit.dk\/wp-content\/uploads\/2021\/12\/about-background-2-300x204.jpg 300w, https:\/\/www.ruggit.dk\/wp-content\/uploads\/2021\/12\/about-background-2-150x102.jpg 150w\" sizes=\"auto, (max-width: 500px) 100vw, 500px\" \/>\t\t\t\t<\/div>\n\t\t\t\t\t\t\t\t\t\t\t<\/div>\n\t<\/div>\n  [vc_empty_space][vc_column_text]\n<h3>Produktionen<\/h3>\n<p>I Nepal har ull anv\u00e4nts till mattor, kl\u00e4der, v\u00e4skor och mycket mer i \u00e5rhundraden. Och nu kan du k\u00f6pa dessa underbara filtbollsmattor som tillverkats av samma typ av ull och med samma gamla tekniker.<\/p>\n<p>V\u00e5ra mattor framst\u00e4lls i Nepals huvudstad Katmandu och i dess omgivningar.[\/vc_column_text][\/vc_column_inner][vc_column_inner width=&#8221;1\/3&#8243; animation=&#8221;animation bottom-to-top&#8221;]\t<div class=\"et-image-190 et-image aligncenter full   et_image_link\">\n\t\t<div class=\"et-image-inner \">\n\t\t\t\t\t\t\t<div class=\"et-image-thumb \">\n\t\t\t\t\t<img loading=\"lazy\" decoding=\"async\" width=\"500\" height=\"340\" src=\"https:\/\/www.ruggit.dk\/wp-content\/uploads\/2021\/12\/about-background-3-min.jpg\" class=\"attachment-full\" alt=\"om ruggit uldt\u00e6pper\" title=\"about-background-3-min\" srcset=\"https:\/\/www.ruggit.dk\/wp-content\/uploads\/2021\/12\/about-background-3-min.jpg 500w, https:\/\/www.ruggit.dk\/wp-content\/uploads\/2021\/12\/about-background-3-min-300x204.jpg 300w, https:\/\/www.ruggit.dk\/wp-content\/uploads\/2021\/12\/about-background-3-min-150x102.jpg 150w\" sizes=\"auto, (max-width: 500px) 100vw, 500px\" \/>\t\t\t\t<\/div>\n\t\t\t\t\t\t\t\t\t\t\t<\/div>\n\t<\/div>\n  [vc_empty_space][vc_column_text]\n<h3>V\u00e5ra nepalesiska hantverkare<\/h3>\n<p>V\u00e5ra filtbollsmattor framst\u00e4lls prim\u00e4rt av kvinnor. Endast 10 % av de anst\u00e4llda hos v\u00e5r leverant\u00f6r \u00e4r m\u00e4n.<\/p>\n<p>De anst\u00e4llda \u00e4r ofta nepaleser utan utbildning som kommer fr\u00e5n mindre byar i omr\u00e5det omkring Katmandu. Men de inkluderar \u00e4ven kvinnor fr\u00e5n l\u00e5ginkomsthush\u00e5ll, som tillverkar filtbollsmattor p\u00e5 sin lediga tid som ett s\u00e4tt att bidra till f\u00f6rs\u00f6rjningen och barnens utbildning.[\/vc_column_text][\/vc_column_inner][vc_column_inner width=&#8221;1\/3&#8243; animation=&#8221;animation bottom-to-top&#8221;]\t<div class=\"et-image-508 et-image aligncenter full   et_image_link\">\n\t\t<div class=\"et-image-inner \">\n\t\t\t\t\t\t\t<div class=\"et-image-thumb \">\n\t\t\t\t\t<img loading=\"lazy\" decoding=\"async\" width=\"500\" height=\"340\" src=\"https:\/\/www.ruggit.dk\/wp-content\/uploads\/2021\/12\/about-background-4.jpg\" class=\"attachment-full\" alt=\"om ruggit uldt\u00e6pper\" title=\"about-background-4\" srcset=\"https:\/\/www.ruggit.dk\/wp-content\/uploads\/2021\/12\/about-background-4.jpg 500w, https:\/\/www.ruggit.dk\/wp-content\/uploads\/2021\/12\/about-background-4-300x204.jpg 300w, https:\/\/www.ruggit.dk\/wp-content\/uploads\/2021\/12\/about-background-4-150x102.jpg 150w\" sizes=\"auto, (max-width: 500px) 100vw, 500px\" \/>\t\t\t\t<\/div>\n\t\t\t\t\t\t\t\t\t\t\t<\/div>\n\t<\/div>\n  [vc_empty_space][vc_column_text]\n<h3>Arbetsl\u00f6shet<\/h3>\n<p>Fattigdom och arbetsl\u00f6shet \u00e4r mycket stora problem i Nepal \u2013 d\u00e4rf\u00f6r \u00e4r vi mycket stolta \u00f6ver att s\u00e4ga att v\u00e5rt f\u00f6retag och v\u00e5r f\u00f6rs\u00e4ljning av filtbollsmattor genom \u00e5ren har bidragit till att m\u00e5nga nepaleser har f\u00e5tt anst\u00e4llning och avl\u00f6ning. Vi \u00e4r glada \u00f6ver att kunna hj\u00e4lpa till att skapa en b\u00e4ttre levnadsstandard f\u00f6r dem och deras barn.<\/p>\n<p>Vi \u00e4r motst\u00e5ndare till barnarbete \u2013 det g\u00e4ller \u00e4ven v\u00e5ra leverant\u00f6rer. Detta \u00e4r en mycket viktig fr\u00e5ga f\u00f6r oss och vi s\u00e4kerst\u00e4ller att alla anst\u00e4llda \u00e4r myndiga.[\/vc_column_text][\/vc_column_inner][\/vc_row_inner][\/vc_column][\/vc_row][vc_row et_full_width=&#8221;true&#8221; et_row_padding=&#8221;true&#8221; content_placement=&#8221;middle&#8221; css=&#8221;.vc_custom_1639060531799{padding-top: 80px !important;padding-bottom: 80px !important;}&#8221;][vc_column][vc_column_text]\n<h2 style=\"text-align: center;\">Processen \u2013 1, 2, 3!<\/h2>\n<h4 style=\"text-align: center;\">V\u00e5ra filtbollsmattor tillverkas av 100 % ren ull fr\u00e5n Nya Zeeland, ink\u00f6pt av v\u00e5r leverant\u00f6r fr\u00e5n lokala import\u00f6rer.<\/h4>\n[\/vc_column_text][vc_row_inner rtl_reverse=&#8221;yes&#8221; content_placement=&#8221;middle&#8221; el_class=&#8221;reverse-columns&#8221;][vc_column_inner width=&#8221;1\/2&#8243; css=&#8221;.vc_custom_1639153935079{border-top-width: 15px !important;padding-bottom: 15px !important;}&#8221;][vc_column_text]\n<h5 class=\"fancy-title\"><strong>R\u00e5 ull<\/strong><\/h5>\n<h4>Den rena ullen f\u00e4rgas av yrkesm\u00e4n. De anv\u00e4nder inga gifter eller allergiframkallande \u00e4mnen i fabrikationen av de m\u00e5ngf\u00e4rgade filtbollarna.<\/h4>\n[\/vc_column_text][\/vc_column_inner][vc_column_inner width=&#8221;1\/2&#8243; css=&#8221;.vc_custom_1639153764100{padding-top: 30px !important;padding-bottom: 30px !important;}&#8221;]\t<div class=\"et-image-695 et-image aligncenter full   et_image_link\">\n\t\t<div class=\"et-image-inner animation right-to-left\">\n\t\t\t\t\t\t\t<div class=\"et-image-thumb \">\n\t\t\t\t\t<img loading=\"lazy\" decoding=\"async\" width=\"900\" height=\"600\" src=\"https:\/\/www.ruggit.dk\/wp-content\/uploads\/2021\/12\/process-raa-uld.jpg\" class=\"attachment-large\" alt=\"om ruggit uldt\u00e6pper\" title=\"process-r\u00e5-uld\" srcset=\"https:\/\/www.ruggit.dk\/wp-content\/uploads\/2021\/12\/process-raa-uld.jpg 900w, https:\/\/www.ruggit.dk\/wp-content\/uploads\/2021\/12\/process-raa-uld-300x200.jpg 300w, https:\/\/www.ruggit.dk\/wp-content\/uploads\/2021\/12\/process-raa-uld-768x512.jpg 768w, https:\/\/www.ruggit.dk\/wp-content\/uploads\/2021\/12\/process-raa-uld-150x100.jpg 150w\" sizes=\"auto, (max-width: 900px) 100vw, 900px\" \/>\t\t\t\t<\/div>\n\t\t\t\t\t\t\t\t\t\t\t<\/div>\n\t<\/div>\n  [\/vc_column_inner][\/vc_row_inner][vc_row_inner content_placement=&#8221;middle&#8221;][vc_column_inner width=&#8221;1\/2&#8243; css=&#8221;.vc_custom_1639153770493{padding-top: 30px !important;padding-bottom: 30px !important;}&#8221;]\t<div class=\"et-image-528 et-image aligncenter full   et_image_link\">\n\t\t<div class=\"et-image-inner animation right-to-left\">\n\t\t\t\t\t\t\t<div class=\"et-image-thumb \">\n\t\t\t\t\t<img loading=\"lazy\" decoding=\"async\" width=\"900\" height=\"600\" src=\"https:\/\/www.ruggit.dk\/wp-content\/uploads\/2021\/12\/process-formning.jpg\" class=\"attachment-large\" alt=\"om ruggit uldt\u00e6pper\" title=\"process-formning\" srcset=\"https:\/\/www.ruggit.dk\/wp-content\/uploads\/2021\/12\/process-formning.jpg 900w, https:\/\/www.ruggit.dk\/wp-content\/uploads\/2021\/12\/process-formning-300x200.jpg 300w, https:\/\/www.ruggit.dk\/wp-content\/uploads\/2021\/12\/process-formning-768x512.jpg 768w, https:\/\/www.ruggit.dk\/wp-content\/uploads\/2021\/12\/process-formning-150x100.jpg 150w\" sizes=\"auto, (max-width: 900px) 100vw, 900px\" \/>\t\t\t\t<\/div>\n\t\t\t\t\t\t\t\t\t\t\t<\/div>\n\t<\/div>\n  [\/vc_column_inner][vc_column_inner el_class=&#8221;reverse-columns&#8221; width=&#8221;1\/2&#8243; css=&#8221;.vc_custom_1639153939476{padding-top: 15px !important;padding-bottom: 15px !important;}&#8221;][vc_column_text]\n<h5 class=\"fancy-title\"><strong>Forma bollarna<\/strong><\/h5>\n<h4>Filtbollarna formas i hett s\u00e5pvatten varefter de sk\u00f6ljs, kyls ner och placeras i solen f\u00f6r att torka. Filt \u00e4r i sj\u00e4lva verket en av de \u00e4ldsta textilier som m\u00e4nskligheten k\u00e4nner till, och den har anv\u00e4nts l\u00e5ngt innan stickning och v\u00e4vning blev uppfunna.<\/h4>\n[\/vc_column_text][\/vc_column_inner][\/vc_row_inner][vc_row_inner rtl_reverse=&#8221;yes&#8221; content_placement=&#8221;middle&#8221; el_class=&#8221;reverse-columns&#8221;][vc_column_inner width=&#8221;1\/2&#8243; css=&#8221;.vc_custom_1639153946717{padding-top: 15px !important;padding-bottom: 15px !important;}&#8221;][vc_column_text]\n<h5 class=\"fancy-title\"><strong>S\u00f6mnad<\/strong><\/h5>\n<h4>De olikf\u00e4rgade filtbollarna sys ihop som p\u00e4rlor p\u00e5 en tr\u00e5d med hj\u00e4lp av en gammal teknik. Denna teknik h\u00e5ller ihop filtbollarna v\u00e4l och g\u00f6r mattorna mycket starka och h\u00e5llbara.<\/h4>\n[\/vc_column_text][\/vc_column_inner][vc_column_inner width=&#8221;1\/2&#8243; css=&#8221;.vc_custom_1639153794840{padding-top: 30px !important;padding-bottom: 30px !important;}&#8221;]\t<div class=\"et-image-387 et-image aligncenter full   et_image_link\">\n\t\t<div class=\"et-image-inner animation right-to-left\">\n\t\t\t\t\t\t\t<div class=\"et-image-thumb \">\n\t\t\t\t\t<img loading=\"lazy\" decoding=\"async\" width=\"900\" height=\"600\" src=\"https:\/\/www.ruggit.dk\/wp-content\/uploads\/2021\/12\/process-syning.jpg\" class=\"attachment-large\" alt=\"om ruggit uldt\u00e6pper\" title=\"process-syning\" srcset=\"https:\/\/www.ruggit.dk\/wp-content\/uploads\/2021\/12\/process-syning.jpg 900w, https:\/\/www.ruggit.dk\/wp-content\/uploads\/2021\/12\/process-syning-300x200.jpg 300w, https:\/\/www.ruggit.dk\/wp-content\/uploads\/2021\/12\/process-syning-768x512.jpg 768w, https:\/\/www.ruggit.dk\/wp-content\/uploads\/2021\/12\/process-syning-150x100.jpg 150w\" sizes=\"auto, (max-width: 900px) 100vw, 900px\" \/>\t\t\t\t<\/div>\n\t\t\t\t\t\t\t\t\t\t\t<\/div>\n\t<\/div>\n  [\/vc_column_inner][\/vc_row_inner][\/vc_column][\/vc_row]\n<\/section>","protected":false},"excerpt":{"rendered":"<p>[vc_row equal_height=&#8221;yes&#8221; content_placement=&#8221;middle&#8221; thb_column_padding=&#8221;true&#8221; css=&#8221;.vc_custom_1639057709429{padding-top: 60px !important;padding-bottom: 30px !important;background-position: center !important;background-repeat: no-repeat !important;background-size: cover !important;}&#8221; el_class=&#8221;video-bg-row&#8221;][vc_column][vc_column_text] Om Ruggit V\u00e5r mission \u00e4r att tillhandah\u00e5lla filtbollsmattor av h\u00f6g kvalitet till rimliga priser f\u00f6r alla Filtbollsmattorna fr\u00e5n Ruggit \u00e4r gjorda av ren ull och de finns i alla m\u00f6jliga m\u00f6nster och f\u00e4rgkombinationer. Vi&hellip;<\/p>\n","protected":false},"author":1,"featured_media":0,"parent":0,"menu_order":0,"comment_status":"closed","ping_status":"closed","template":"","meta":{"footnotes":""},"class_list":["post-5280","page","type-page","status-publish","hentry"],"yoast_head":"<!-- This site is optimized with the Yoast SEO plugin v26.2 - https:\/\/yoast.com\/wordpress\/plugins\/seo\/ -->\n<title>Om Ruggit - Ruggit<\/title>\n<meta name=\"robots\" content=\"index, follow, max-snippet:-1, max-image-preview:large, max-video-preview:-1\" \/>\n<link rel=\"canonical\" href=\"https:\/\/www.ruggit.dk\/sv\/om-ruggit\/\" \/>\n<meta property=\"og:locale\" content=\"sv_SE\" \/>\n<meta property=\"og:type\" content=\"article\" \/>\n<meta property=\"og:title\" content=\"Om Ruggit - Ruggit\" \/>\n<meta property=\"og:description\" content=\"[vc_row equal_height=&#8221;yes&#8221; content_placement=&#8221;middle&#8221; thb_column_padding=&#8221;true&#8221; css=&#8221;.vc_custom_1639057709429{padding-top: 60px !important;padding-bottom: 30px !important;background-position: center !important;background-repeat: no-repeat !important;background-size: cover !important;}&#8221; el_class=&#8221;video-bg-row&#8221;][vc_column][vc_column_text] Om Ruggit V\u00e5r mission \u00e4r att tillhandah\u00e5lla filtbollsmattor av h\u00f6g kvalitet till rimliga priser f\u00f6r alla Filtbollsmattorna fr\u00e5n Ruggit \u00e4r gjorda av ren ull och de finns i alla m\u00f6jliga m\u00f6nster och f\u00e4rgkombinationer. Vi&hellip;\" \/>\n<meta property=\"og:url\" content=\"https:\/\/www.ruggit.dk\/sv\/om-ruggit\/\" \/>\n<meta property=\"og:site_name\" content=\"Ruggit\" \/>\n<meta property=\"article:modified_time\" content=\"2022-04-17T20:05:01+00:00\" \/>\n<meta name=\"twitter:card\" content=\"summary_large_image\" \/>\n<meta name=\"twitter:label1\" content=\"Ber\u00e4knad l\u00e4stid\" \/>\n\t<meta name=\"twitter:data1\" content=\"5 minuter\" \/>\n<script type=\"application\/ld+json\" class=\"yoast-schema-graph\">{\"@context\":\"https:\/\/schema.org\",\"@graph\":[{\"@type\":\"WebPage\",\"@id\":\"https:\/\/www.ruggit.dk\/sv\/om-ruggit\/\",\"url\":\"https:\/\/www.ruggit.dk\/sv\/om-ruggit\/\",\"name\":\"Om Ruggit - Ruggit\",\"isPartOf\":{\"@id\":\"https:\/\/www.ruggit.dk\/sv\/#website\"},\"datePublished\":\"2019-03-20T03:12:33+00:00\",\"dateModified\":\"2022-04-17T20:05:01+00:00\",\"breadcrumb\":{\"@id\":\"https:\/\/www.ruggit.dk\/sv\/om-ruggit\/#breadcrumb\"},\"inLanguage\":\"sv-SE\",\"potentialAction\":[{\"@type\":\"ReadAction\",\"target\":[\"https:\/\/www.ruggit.dk\/sv\/om-ruggit\/\"]}]},{\"@type\":\"BreadcrumbList\",\"@id\":\"https:\/\/www.ruggit.dk\/sv\/om-ruggit\/#breadcrumb\",\"itemListElement\":[{\"@type\":\"ListItem\",\"position\":1,\"name\":\"Hjem\",\"item\":\"https:\/\/www.ruggit.dk\/sv\/\"},{\"@type\":\"ListItem\",\"position\":2,\"name\":\"Om Ruggit\"}]},{\"@type\":\"WebSite\",\"@id\":\"https:\/\/www.ruggit.dk\/sv\/#website\",\"url\":\"https:\/\/www.ruggit.dk\/sv\/\",\"name\":\"Ruggit\",\"description\":\"Os der s\u00e6lger kuglet\u00e6pper\",\"publisher\":{\"@id\":\"https:\/\/www.ruggit.dk\/sv\/#organization\"},\"potentialAction\":[{\"@type\":\"SearchAction\",\"target\":{\"@type\":\"EntryPoint\",\"urlTemplate\":\"https:\/\/www.ruggit.dk\/sv\/?s={search_term_string}\"},\"query-input\":{\"@type\":\"PropertyValueSpecification\",\"valueRequired\":true,\"valueName\":\"search_term_string\"}}],\"inLanguage\":\"sv-SE\"},{\"@type\":\"Organization\",\"@id\":\"https:\/\/www.ruggit.dk\/sv\/#organization\",\"name\":\"Ruggit\",\"url\":\"https:\/\/www.ruggit.dk\/sv\/\",\"logo\":{\"@type\":\"ImageObject\",\"inLanguage\":\"sv-SE\",\"@id\":\"https:\/\/www.ruggit.dk\/sv\/#\/schema\/logo\/image\/\",\"url\":\"https:\/\/www.ruggit.dk\/wp-content\/uploads\/2021\/10\/cropped-logo-ruggit2.png\",\"contentUrl\":\"https:\/\/www.ruggit.dk\/wp-content\/uploads\/2021\/10\/cropped-logo-ruggit2.png\",\"width\":211,\"height\":80,\"caption\":\"Ruggit\"},\"image\":{\"@id\":\"https:\/\/www.ruggit.dk\/sv\/#\/schema\/logo\/image\/\"}}]}<\/script>\n<!-- \/ Yoast SEO plugin. -->","yoast_head_json":{"title":"Om Ruggit - Ruggit","robots":{"index":"index","follow":"follow","max-snippet":"max-snippet:-1","max-image-preview":"max-image-preview:large","max-video-preview":"max-video-preview:-1"},"canonical":"https:\/\/www.ruggit.dk\/sv\/om-ruggit\/","og_locale":"sv_SE","og_type":"article","og_title":"Om Ruggit - Ruggit","og_description":"[vc_row equal_height=&#8221;yes&#8221; content_placement=&#8221;middle&#8221; thb_column_padding=&#8221;true&#8221; css=&#8221;.vc_custom_1639057709429{padding-top: 60px !important;padding-bottom: 30px !important;background-position: center !important;background-repeat: no-repeat !important;background-size: cover !important;}&#8221; el_class=&#8221;video-bg-row&#8221;][vc_column][vc_column_text] Om Ruggit V\u00e5r mission \u00e4r att tillhandah\u00e5lla filtbollsmattor av h\u00f6g kvalitet till rimliga priser f\u00f6r alla Filtbollsmattorna fr\u00e5n Ruggit \u00e4r gjorda av ren ull och de finns i alla m\u00f6jliga m\u00f6nster och f\u00e4rgkombinationer. Vi&hellip;","og_url":"https:\/\/www.ruggit.dk\/sv\/om-ruggit\/","og_site_name":"Ruggit","article_modified_time":"2022-04-17T20:05:01+00:00","twitter_card":"summary_large_image","twitter_misc":{"Ber\u00e4knad l\u00e4stid":"5 minuter"},"schema":{"@context":"https:\/\/schema.org","@graph":[{"@type":"WebPage","@id":"https:\/\/www.ruggit.dk\/sv\/om-ruggit\/","url":"https:\/\/www.ruggit.dk\/sv\/om-ruggit\/","name":"Om Ruggit - Ruggit","isPartOf":{"@id":"https:\/\/www.ruggit.dk\/sv\/#website"},"datePublished":"2019-03-20T03:12:33+00:00","dateModified":"2022-04-17T20:05:01+00:00","breadcrumb":{"@id":"https:\/\/www.ruggit.dk\/sv\/om-ruggit\/#breadcrumb"},"inLanguage":"sv-SE","potentialAction":[{"@type":"ReadAction","target":["https:\/\/www.ruggit.dk\/sv\/om-ruggit\/"]}]},{"@type":"BreadcrumbList","@id":"https:\/\/www.ruggit.dk\/sv\/om-ruggit\/#breadcrumb","itemListElement":[{"@type":"ListItem","position":1,"name":"Hjem","item":"https:\/\/www.ruggit.dk\/sv\/"},{"@type":"ListItem","position":2,"name":"Om Ruggit"}]},{"@type":"WebSite","@id":"https:\/\/www.ruggit.dk\/sv\/#website","url":"https:\/\/www.ruggit.dk\/sv\/","name":"Ruggit","description":"Os der s\u00e6lger kuglet\u00e6pper","publisher":{"@id":"https:\/\/www.ruggit.dk\/sv\/#organization"},"potentialAction":[{"@type":"SearchAction","target":{"@type":"EntryPoint","urlTemplate":"https:\/\/www.ruggit.dk\/sv\/?s={search_term_string}"},"query-input":{"@type":"PropertyValueSpecification","valueRequired":true,"valueName":"search_term_string"}}],"inLanguage":"sv-SE"},{"@type":"Organization","@id":"https:\/\/www.ruggit.dk\/sv\/#organization","name":"Ruggit","url":"https:\/\/www.ruggit.dk\/sv\/","logo":{"@type":"ImageObject","inLanguage":"sv-SE","@id":"https:\/\/www.ruggit.dk\/sv\/#\/schema\/logo\/image\/","url":"https:\/\/www.ruggit.dk\/wp-content\/uploads\/2021\/10\/cropped-logo-ruggit2.png","contentUrl":"https:\/\/www.ruggit.dk\/wp-content\/uploads\/2021\/10\/cropped-logo-ruggit2.png","width":211,"height":80,"caption":"Ruggit"},"image":{"@id":"https:\/\/www.ruggit.dk\/sv\/#\/schema\/logo\/image\/"}}]}},"_links":{"self":[{"href":"https:\/\/www.ruggit.dk\/sv\/wp-json\/wp\/v2\/pages\/5280","targetHints":{"allow":["GET"]}}],"collection":[{"href":"https:\/\/www.ruggit.dk\/sv\/wp-json\/wp\/v2\/pages"}],"about":[{"href":"https:\/\/www.ruggit.dk\/sv\/wp-json\/wp\/v2\/types\/page"}],"author":[{"embeddable":true,"href":"https:\/\/www.ruggit.dk\/sv\/wp-json\/wp\/v2\/users\/1"}],"replies":[{"embeddable":true,"href":"https:\/\/www.ruggit.dk\/sv\/wp-json\/wp\/v2\/comments?post=5280"}],"version-history":[{"count":3,"href":"https:\/\/www.ruggit.dk\/sv\/wp-json\/wp\/v2\/pages\/5280\/revisions"}],"predecessor-version":[{"id":6342,"href":"https:\/\/www.ruggit.dk\/sv\/wp-json\/wp\/v2\/pages\/5280\/revisions\/6342"}],"wp:attachment":[{"href":"https:\/\/www.ruggit.dk\/sv\/wp-json\/wp\/v2\/media?parent=5280"}],"curies":[{"name":"wp","href":"https:\/\/api.w.org\/{rel}","templated":true}]}}