{"id":6024,"date":"2021-10-05T13:33:00","date_gmt":"2021-10-05T11:33:00","guid":{"rendered":"https:\/\/www.ruggit.dk\/vare\/khairo-kuleteppe\/"},"modified":"2022-04-29T10:08:13","modified_gmt":"2022-04-29T08:08:13","slug":"khairo-filtbollsmatta","status":"publish","type":"product","link":"https:\/\/www.ruggit.dk\/sv\/shop\/filtbollsmatta\/khairo-filtbollsmatta\/","title":{"rendered":"Khairo Filtbollsmatta"},"content":{"rendered":"<section class=\"wpb-content-wrapper\">[vc_row][vc_column width=&#8221;1\/4&#8243; animation=&#8221;animation bottom-to-top&#8221;]\t<div class=\"et-image-432 et-image aligncenter   medium-shadow et_image_link\">\n\t\t<div class=\"et-image-inner \">\n\t\t\t\t\t\t\t<div class=\"et-image-thumb \">\n\t\t\t\t\t<img loading=\"lazy\" decoding=\"async\" class=\"\" src=\"https:\/\/www.ruggit.dk\/wp-content\/uploads\/2021\/10\/2-Wool-unpacked-418x200.jpg\" width=\"418\" height=\"200\" alt=\"product declaration\" title=\"2 Wool unpacked\" \/>\t\t\t\t<\/div>\n\t\t\t\t\t\t\t\t\t\t\t<\/div>\n\t<\/div>\n  [vc_empty_space height=&#8221;20px&#8221;][vc_column_text]\n<h4 style=\"text-align: center;\">Merinoull<\/h4>\n<p style=\"text-align: center;\">100% ull. En naturprodukt som inte orsakar irritation eller obehag. Produkten kan inneh\u00e5lla rester av torkat gr\u00e4s.<\/p>\n[\/vc_column_text][\/vc_column][vc_column width=&#8221;1\/4&#8243; animation=&#8221;animation bottom-to-top&#8221;]\t<div class=\"et-image-932 et-image aligncenter full  medium-shadow et_image_link\">\n\t\t<div class=\"et-image-inner \">\n\t\t\t\t\t\t\t<div class=\"et-image-thumb \">\n\t\t\t\t\t<img loading=\"lazy\" decoding=\"async\" class=\"\" src=\"https:\/\/www.ruggit.dk\/wp-content\/uploads\/2021\/10\/products-declaration-2-418x200.png\" width=\"418\" height=\"200\" alt=\"product declaration\" title=\"products-declaration-2\" \/>\t\t\t\t<\/div>\n\t\t\t\t\t\t\t\t\t\t\t<\/div>\n\t<\/div>\n  [vc_empty_space height=&#8221;20px&#8221;][vc_column_text]\n<h4 style=\"text-align: center;\">Naturprodukter<\/h4>\n<p style=\"text-align: center;\">Inga gifter eller allergener. 100% fri fr\u00e5n azof\u00f6reningar. En h\u00e4lsosam och oskadlig naturprodukt.<\/p>\n[\/vc_column_text][\/vc_column][vc_column width=&#8221;1\/4&#8243; animation=&#8221;animation bottom-to-top&#8221;]\t<div class=\"et-image-209 et-image aligncenter   medium-shadow et_image_link\">\n\t\t<div class=\"et-image-inner \">\n\t\t\t\t\t\t\t<div class=\"et-image-thumb \">\n\t\t\t\t\t<img loading=\"lazy\" decoding=\"async\" class=\"\" src=\"https:\/\/www.ruggit.dk\/wp-content\/uploads\/2021\/10\/products-declaration-3-418x200.png\" width=\"418\" height=\"200\" alt=\"product declaration\" title=\"products-declaration-3\" \/>\t\t\t\t<\/div>\n\t\t\t\t\t\t\t\t\t\t\t<\/div>\n\t<\/div>\n  [vc_empty_space height=&#8221;20px&#8221;][vc_column_text]\n<h4 style=\"text-align: center;\">Robust<\/h4>\n<p style=\"text-align: center;\">Filtbollarna sys ihop med ett 2 mm. nylonsn\u00f6re som g\u00f6r produkten mycket h\u00e5llbar och stark.<\/p>\n[\/vc_column_text][\/vc_column][vc_column width=&#8221;1\/4&#8243;]\t<div class=\"et-image-203 et-image aligncenter   medium-shadow et_image_link\">\n\t\t<div class=\"et-image-inner \">\n\t\t\t\t\t\t\t<div class=\"et-image-thumb \">\n\t\t\t\t\t<img loading=\"lazy\" decoding=\"async\" class=\"\" src=\"https:\/\/www.ruggit.dk\/wp-content\/uploads\/2021\/10\/products-declaration-4-418x200.png\" width=\"418\" height=\"200\" alt=\"product declaration\" title=\"products-declaration-4\" \/>\t\t\t\t<\/div>\n\t\t\t\t\t\t\t\t\t\t\t<\/div>\n\t<\/div>\n  [vc_empty_space height=&#8221;20px&#8221;][vc_column_text]\n<h4 style=\"text-align: center;\">H\u00f6g kvalitet<\/h4>\n<p style=\"text-align: center;\">De t\u00e4tt filtade bollarna v\u00e4ger omkring 5,5 kg\/ m\u00b2. Bollarna beh\u00e5ller formen och \u00e4r mycket slitstarka.<\/p>\n[\/vc_column_text][\/vc_column][\/vc_row]\n<\/section>","protected":false},"excerpt":{"rendered":"<p>Khairo \u00e4r namnet p\u00e5 den h\u00e4r snygga filtbollsmattan, och \u00e4r ett ord som betyder &#8221;brun&#8221; p\u00e5 nepali. Mattan \u00e4r tillverkad av naturlig, m\u00f6rk bomull, som ger en intressant blandning av bruna och gr\u00e5a toner. Stilen \u00e4r l\u00e5gm\u00e4ld och matchar n\u00e4stan vilket hem och dekor som helst.<\/p>\n","protected":false},"featured_media":4403,"template":"","meta":[],"product_brand":[],"product_cat":[122],"product_tag":[],"class_list":{"0":"post-6024","1":"product","2":"type-product","3":"status-publish","4":"has-post-thumbnail","6":"product_cat-filtbollsmatta","8":"first","9":"instock","10":"sale","11":"taxable","12":"shipping-taxable","13":"purchasable","14":"product-type-variable","15":"has-default-attributes"},"yoast_head":"<!-- This site is optimized with the Yoast SEO plugin v26.2 - https:\/\/yoast.com\/wordpress\/plugins\/seo\/ -->\n<title>Khairo Filtbollsmatta - Ruggit<\/title>\n<meta name=\"robots\" content=\"index, follow, max-snippet:-1, max-image-preview:large, max-video-preview:-1\" \/>\n<link rel=\"canonical\" href=\"https:\/\/www.ruggit.dk\/sv\/shop\/filtbollsmatta\/khairo-filtbollsmatta\/\" \/>\n<meta property=\"og:locale\" content=\"sv_SE\" \/>\n<meta property=\"og:type\" content=\"article\" \/>\n<meta property=\"og:title\" content=\"Khairo Filtbollsmatta - Ruggit\" \/>\n<meta property=\"og:description\" content=\"Khairo \u00e4r namnet p\u00e5 den h\u00e4r snygga filtbollsmattan, och \u00e4r ett ord som betyder &quot;brun&quot; p\u00e5 nepali. Mattan \u00e4r tillverkad av naturlig, m\u00f6rk bomull, som ger en intressant blandning av bruna och gr\u00e5a toner. Stilen \u00e4r l\u00e5gm\u00e4ld och matchar n\u00e4stan vilket hem och dekor som helst.\" \/>\n<meta property=\"og:url\" content=\"https:\/\/www.ruggit.dk\/sv\/shop\/filtbollsmatta\/khairo-filtbollsmatta\/\" \/>\n<meta property=\"og:site_name\" content=\"Ruggit\" \/>\n<meta property=\"article:modified_time\" content=\"2022-04-29T08:08:13+00:00\" \/>\n<meta property=\"og:image\" content=\"https:\/\/dev.ruggit.dk\/wp-content\/uploads\/2021\/10\/kugletaeppe-khairo.jpg\" \/>\n\t<meta property=\"og:image:width\" content=\"1122\" \/>\n\t<meta property=\"og:image:height\" content=\"1122\" \/>\n\t<meta property=\"og:image:type\" content=\"image\/jpeg\" \/>\n<meta name=\"twitter:card\" content=\"summary_large_image\" \/>\n<meta name=\"twitter:label1\" content=\"Ber\u00e4knad l\u00e4stid\" \/>\n\t<meta name=\"twitter:data1\" content=\"1 minut\" \/>\n<script type=\"application\/ld+json\" class=\"yoast-schema-graph\">{\"@context\":\"https:\/\/schema.org\",\"@graph\":[{\"@type\":\"WebPage\",\"@id\":\"https:\/\/www.ruggit.dk\/sv\/shop\/filtbollsmatta\/khairo-filtbollsmatta\/\",\"url\":\"https:\/\/www.ruggit.dk\/sv\/shop\/filtbollsmatta\/khairo-filtbollsmatta\/\",\"name\":\"Khairo Filtbollsmatta - Ruggit\",\"isPartOf\":{\"@id\":\"https:\/\/www.ruggit.dk\/sv\/#website\"},\"primaryImageOfPage\":{\"@id\":\"https:\/\/www.ruggit.dk\/sv\/shop\/filtbollsmatta\/khairo-filtbollsmatta\/#primaryimage\"},\"image\":{\"@id\":\"https:\/\/www.ruggit.dk\/sv\/shop\/filtbollsmatta\/khairo-filtbollsmatta\/#primaryimage\"},\"thumbnailUrl\":\"https:\/\/www.ruggit.dk\/wp-content\/uploads\/2021\/10\/kugletaeppe-khairo.jpg\",\"datePublished\":\"2021-10-05T11:33:00+00:00\",\"dateModified\":\"2022-04-29T08:08:13+00:00\",\"breadcrumb\":{\"@id\":\"https:\/\/www.ruggit.dk\/sv\/shop\/filtbollsmatta\/khairo-filtbollsmatta\/#breadcrumb\"},\"inLanguage\":\"sv-SE\",\"potentialAction\":[{\"@type\":\"ReadAction\",\"target\":[\"https:\/\/www.ruggit.dk\/sv\/shop\/filtbollsmatta\/khairo-filtbollsmatta\/\"]}]},{\"@type\":\"ImageObject\",\"inLanguage\":\"sv-SE\",\"@id\":\"https:\/\/www.ruggit.dk\/sv\/shop\/filtbollsmatta\/khairo-filtbollsmatta\/#primaryimage\",\"url\":\"https:\/\/www.ruggit.dk\/wp-content\/uploads\/2021\/10\/kugletaeppe-khairo.jpg\",\"contentUrl\":\"https:\/\/www.ruggit.dk\/wp-content\/uploads\/2021\/10\/kugletaeppe-khairo.jpg\",\"width\":1122,\"height\":1122,\"caption\":\"m\u00f8rkegr\u00e5 kuglet\u00e6ppe\"},{\"@type\":\"BreadcrumbList\",\"@id\":\"https:\/\/www.ruggit.dk\/sv\/shop\/filtbollsmatta\/khairo-filtbollsmatta\/#breadcrumb\",\"itemListElement\":[{\"@type\":\"ListItem\",\"position\":1,\"name\":\"Hjem\",\"item\":\"https:\/\/www.ruggit.dk\/sv\/\"},{\"@type\":\"ListItem\",\"position\":2,\"name\":\"Butik\",\"item\":\"https:\/\/www.ruggit.dk\/sv\/butik\/\"},{\"@type\":\"ListItem\",\"position\":3,\"name\":\"Khairo Filtbollsmatta\"}]},{\"@type\":\"WebSite\",\"@id\":\"https:\/\/www.ruggit.dk\/sv\/#website\",\"url\":\"https:\/\/www.ruggit.dk\/sv\/\",\"name\":\"Ruggit\",\"description\":\"Os der s\u00e6lger kuglet\u00e6pper\",\"publisher\":{\"@id\":\"https:\/\/www.ruggit.dk\/sv\/#organization\"},\"potentialAction\":[{\"@type\":\"SearchAction\",\"target\":{\"@type\":\"EntryPoint\",\"urlTemplate\":\"https:\/\/www.ruggit.dk\/sv\/?s={search_term_string}\"},\"query-input\":{\"@type\":\"PropertyValueSpecification\",\"valueRequired\":true,\"valueName\":\"search_term_string\"}}],\"inLanguage\":\"sv-SE\"},{\"@type\":\"Organization\",\"@id\":\"https:\/\/www.ruggit.dk\/sv\/#organization\",\"name\":\"Ruggit\",\"url\":\"https:\/\/www.ruggit.dk\/sv\/\",\"logo\":{\"@type\":\"ImageObject\",\"inLanguage\":\"sv-SE\",\"@id\":\"https:\/\/www.ruggit.dk\/sv\/#\/schema\/logo\/image\/\",\"url\":\"https:\/\/www.ruggit.dk\/wp-content\/uploads\/2021\/10\/cropped-logo-ruggit2.png\",\"contentUrl\":\"https:\/\/www.ruggit.dk\/wp-content\/uploads\/2021\/10\/cropped-logo-ruggit2.png\",\"width\":211,\"height\":80,\"caption\":\"Ruggit\"},\"image\":{\"@id\":\"https:\/\/www.ruggit.dk\/sv\/#\/schema\/logo\/image\/\"}}]}<\/script>\n<!-- \/ Yoast SEO plugin. -->","yoast_head_json":{"title":"Khairo Filtbollsmatta - Ruggit","robots":{"index":"index","follow":"follow","max-snippet":"max-snippet:-1","max-image-preview":"max-image-preview:large","max-video-preview":"max-video-preview:-1"},"canonical":"https:\/\/www.ruggit.dk\/sv\/shop\/filtbollsmatta\/khairo-filtbollsmatta\/","og_locale":"sv_SE","og_type":"article","og_title":"Khairo Filtbollsmatta - Ruggit","og_description":"Khairo \u00e4r namnet p\u00e5 den h\u00e4r snygga filtbollsmattan, och \u00e4r ett ord som betyder \"brun\" p\u00e5 nepali. Mattan \u00e4r tillverkad av naturlig, m\u00f6rk bomull, som ger en intressant blandning av bruna och gr\u00e5a toner. Stilen \u00e4r l\u00e5gm\u00e4ld och matchar n\u00e4stan vilket hem och dekor som helst.","og_url":"https:\/\/www.ruggit.dk\/sv\/shop\/filtbollsmatta\/khairo-filtbollsmatta\/","og_site_name":"Ruggit","article_modified_time":"2022-04-29T08:08:13+00:00","og_image":[{"width":1122,"height":1122,"url":"https:\/\/dev.ruggit.dk\/wp-content\/uploads\/2021\/10\/kugletaeppe-khairo.jpg","type":"image\/jpeg"}],"twitter_card":"summary_large_image","twitter_misc":{"Ber\u00e4knad l\u00e4stid":"1 minut"},"schema":{"@context":"https:\/\/schema.org","@graph":[{"@type":"WebPage","@id":"https:\/\/www.ruggit.dk\/sv\/shop\/filtbollsmatta\/khairo-filtbollsmatta\/","url":"https:\/\/www.ruggit.dk\/sv\/shop\/filtbollsmatta\/khairo-filtbollsmatta\/","name":"Khairo Filtbollsmatta - Ruggit","isPartOf":{"@id":"https:\/\/www.ruggit.dk\/sv\/#website"},"primaryImageOfPage":{"@id":"https:\/\/www.ruggit.dk\/sv\/shop\/filtbollsmatta\/khairo-filtbollsmatta\/#primaryimage"},"image":{"@id":"https:\/\/www.ruggit.dk\/sv\/shop\/filtbollsmatta\/khairo-filtbollsmatta\/#primaryimage"},"thumbnailUrl":"https:\/\/www.ruggit.dk\/wp-content\/uploads\/2021\/10\/kugletaeppe-khairo.jpg","datePublished":"2021-10-05T11:33:00+00:00","dateModified":"2022-04-29T08:08:13+00:00","breadcrumb":{"@id":"https:\/\/www.ruggit.dk\/sv\/shop\/filtbollsmatta\/khairo-filtbollsmatta\/#breadcrumb"},"inLanguage":"sv-SE","potentialAction":[{"@type":"ReadAction","target":["https:\/\/www.ruggit.dk\/sv\/shop\/filtbollsmatta\/khairo-filtbollsmatta\/"]}]},{"@type":"ImageObject","inLanguage":"sv-SE","@id":"https:\/\/www.ruggit.dk\/sv\/shop\/filtbollsmatta\/khairo-filtbollsmatta\/#primaryimage","url":"https:\/\/www.ruggit.dk\/wp-content\/uploads\/2021\/10\/kugletaeppe-khairo.jpg","contentUrl":"https:\/\/www.ruggit.dk\/wp-content\/uploads\/2021\/10\/kugletaeppe-khairo.jpg","width":1122,"height":1122,"caption":"m\u00f8rkegr\u00e5 kuglet\u00e6ppe"},{"@type":"BreadcrumbList","@id":"https:\/\/www.ruggit.dk\/sv\/shop\/filtbollsmatta\/khairo-filtbollsmatta\/#breadcrumb","itemListElement":[{"@type":"ListItem","position":1,"name":"Hjem","item":"https:\/\/www.ruggit.dk\/sv\/"},{"@type":"ListItem","position":2,"name":"Butik","item":"https:\/\/www.ruggit.dk\/sv\/butik\/"},{"@type":"ListItem","position":3,"name":"Khairo Filtbollsmatta"}]},{"@type":"WebSite","@id":"https:\/\/www.ruggit.dk\/sv\/#website","url":"https:\/\/www.ruggit.dk\/sv\/","name":"Ruggit","description":"Os der s\u00e6lger kuglet\u00e6pper","publisher":{"@id":"https:\/\/www.ruggit.dk\/sv\/#organization"},"potentialAction":[{"@type":"SearchAction","target":{"@type":"EntryPoint","urlTemplate":"https:\/\/www.ruggit.dk\/sv\/?s={search_term_string}"},"query-input":{"@type":"PropertyValueSpecification","valueRequired":true,"valueName":"search_term_string"}}],"inLanguage":"sv-SE"},{"@type":"Organization","@id":"https:\/\/www.ruggit.dk\/sv\/#organization","name":"Ruggit","url":"https:\/\/www.ruggit.dk\/sv\/","logo":{"@type":"ImageObject","inLanguage":"sv-SE","@id":"https:\/\/www.ruggit.dk\/sv\/#\/schema\/logo\/image\/","url":"https:\/\/www.ruggit.dk\/wp-content\/uploads\/2021\/10\/cropped-logo-ruggit2.png","contentUrl":"https:\/\/www.ruggit.dk\/wp-content\/uploads\/2021\/10\/cropped-logo-ruggit2.png","width":211,"height":80,"caption":"Ruggit"},"image":{"@id":"https:\/\/www.ruggit.dk\/sv\/#\/schema\/logo\/image\/"}}]}},"_links":{"self":[{"href":"https:\/\/www.ruggit.dk\/sv\/wp-json\/wp\/v2\/product\/6024","targetHints":{"allow":["GET"]}}],"collection":[{"href":"https:\/\/www.ruggit.dk\/sv\/wp-json\/wp\/v2\/product"}],"about":[{"href":"https:\/\/www.ruggit.dk\/sv\/wp-json\/wp\/v2\/types\/product"}],"wp:featuredmedia":[{"embeddable":true,"href":"https:\/\/www.ruggit.dk\/sv\/wp-json\/wp\/v2\/media\/4403"}],"wp:attachment":[{"href":"https:\/\/www.ruggit.dk\/sv\/wp-json\/wp\/v2\/media?parent=6024"}],"wp:term":[{"taxonomy":"product_brand","embeddable":true,"href":"https:\/\/www.ruggit.dk\/sv\/wp-json\/wp\/v2\/product_brand?post=6024"},{"taxonomy":"product_cat","embeddable":true,"href":"https:\/\/www.ruggit.dk\/sv\/wp-json\/wp\/v2\/product_cat?post=6024"},{"taxonomy":"product_tag","embeddable":true,"href":"https:\/\/www.ruggit.dk\/sv\/wp-json\/wp\/v2\/product_tag?post=6024"}],"curies":[{"name":"wp","href":"https:\/\/api.w.org\/{rel}","templated":true}]}}